{"id":30032,"date":"2023-10-28T11:55:18","date_gmt":"2023-10-28T11:55:18","guid":{"rendered":"https:\/\/www.saralinatacado.com.br\/loja\/?post_type=product&#038;p=30032"},"modified":"2023-10-28T11:55:18","modified_gmt":"2023-10-28T11:55:18","slug":"caixa-de-som-bluetooth-kts-1097-com-falante","status":"publish","type":"product","link":"https:\/\/www.saralinatacado.com.br\/loja\/produto\/caixa-de-som-bluetooth-kts-1097-com-falante\/","title":{"rendered":"Caixa de Som Bluetooth Kts 1097 Com Falante"},"content":{"rendered":"<h2 class=\"sc-kpDqfm ivZCgz\" data-testid=\"product-detail-label\">Informa\u00e7\u00f5es do Produto<\/h2>\n<p><span class=\"sc-kpDqfm qhIEo\" data-testid=\"product-detail-title\">Caixa de Som Bluetooth Kts 1097 Com Falante<\/span><\/p>\n<div class=\"sc-fqkvVR heuZyN sc-dnvZjJ dtJjfe\" data-testid=\"product-detail-description\">\n<div class=\"sc-fqkvVR hlqElk sc-jcdlHQ cxsdMT\" data-testid=\"rich-content-container\">Caixa de som Bluetooth para ambientes internos e externos.<\/p>\n<p>Oferece horas de entretenimento a um pre\u00e7o acess\u00edvel.<\/p>\n<p>O processo de emparelhamento \u00e9 extremamente simples e r\u00e1pido.<\/p>\n<p>Al\u00e9m disso possui os recursos extras de uma porta USB atrav\u00e9s da qual voc\u00ea pode tocar sua m\u00fasica conectando um Pen Drive e cart\u00e3o de mem\u00f3ria. Ap\u00f3s o emparelhamento, voc\u00ea pode apreciar imediatamente a m\u00fasica com o alto-falante que oferece \u00f3tima qualidade de som.<\/p>\n<p>Os alto-falantes s\u00e3o projetados com eleg\u00e2ncia, com linhas elegantes e um acabamento excelente.<\/p>\n<p>ESPECIFICA\u00c7\u00d5ES T\u00c9CNICAS:<\/p>\n<p>Entrada para pendrive<\/p>\n<p>Entrada para Cart\u00e3o de mem\u00f3ria de at\u00e9 32GB<\/p>\n<p>Entrada para microfone<\/p>\n<p>Conex\u00e3o Via Bluetooth<\/p>\n<p>R\u00e1dio fm Com Led 4 polegadas Alcance: 10 metros Pot\u00eancia de sa\u00edda: 5w Pot\u00eancia de RMS: 10w Resposta de freq\u00fc\u00eancia: 100hz-20khz Carregamento usb Tempo de reprodu\u00e7\u00e3o: at\u00e9 2 horas Tempo de carregamento: 2-3 horas Tamanho: Altura 22cm e Largura 14cm\n<\/p><\/div>\n<\/div>\n","protected":false},"excerpt":{"rendered":"<p>Informa\u00e7\u00f5es do Produto Caixa de Som Bluetooth Kts 1097 Com Falante Caixa de som Bluetooth para ambientes internos e externos. Oferece horas de entretenimento a um pre\u00e7o acess\u00edvel. O processo de emparelhamento \u00e9 extremamente simples e r\u00e1pido. Al\u00e9m disso possui os recursos extras de uma porta USB atrav\u00e9s da qual voc\u00ea pode tocar sua m\u00fasica [&hellip;]\n","protected":false},"featured_media":30035,"comment_status":"open","ping_status":"closed","template":"","meta":{"_bbp_topic_count":0,"_bbp_reply_count":0,"_bbp_total_topic_count":0,"_bbp_total_reply_count":0,"_bbp_voice_count":0,"_bbp_anonymous_reply_count":0,"_bbp_topic_count_hidden":0,"_bbp_reply_count_hidden":0,"_bbp_forum_subforum_count":0,"_joinchat":[]},"product_brand":[],"product_cat":[101],"product_tag":[],"class_list":{"0":"post-30032","1":"product","2":"type-product","3":"status-publish","4":"has-post-thumbnail","6":"product_cat-radios","8":"first","9":"instock","10":"taxable","11":"shipping-taxable","12":"purchasable","13":"product-type-simple"},"_links":{"self":[{"href":"https:\/\/www.saralinatacado.com.br\/loja\/wp-json\/wp\/v2\/product\/30032","targetHints":{"allow":["GET"]}}],"collection":[{"href":"https:\/\/www.saralinatacado.com.br\/loja\/wp-json\/wp\/v2\/product"}],"about":[{"href":"https:\/\/www.saralinatacado.com.br\/loja\/wp-json\/wp\/v2\/types\/product"}],"replies":[{"embeddable":true,"href":"https:\/\/www.saralinatacado.com.br\/loja\/wp-json\/wp\/v2\/comments?post=30032"}],"wp:featuredmedia":[{"embeddable":true,"href":"https:\/\/www.saralinatacado.com.br\/loja\/wp-json\/wp\/v2\/media\/30035"}],"wp:attachment":[{"href":"https:\/\/www.saralinatacado.com.br\/loja\/wp-json\/wp\/v2\/media?parent=30032"}],"wp:term":[{"taxonomy":"product_brand","embeddable":true,"href":"https:\/\/www.saralinatacado.com.br\/loja\/wp-json\/wp\/v2\/product_brand?post=30032"},{"taxonomy":"product_cat","embeddable":true,"href":"https:\/\/www.saralinatacado.com.br\/loja\/wp-json\/wp\/v2\/product_cat?post=30032"},{"taxonomy":"product_tag","embeddable":true,"href":"https:\/\/www.saralinatacado.com.br\/loja\/wp-json\/wp\/v2\/product_tag?post=30032"}],"curies":[{"name":"wp","href":"https:\/\/api.w.org\/{rel}","templated":true}]}}