{"id":30025,"date":"2023-10-28T11:49:20","date_gmt":"2023-10-28T11:49:20","guid":{"rendered":"https:\/\/www.saralinatacado.com.br\/loja\/?post_type=product&#038;p=30025"},"modified":"2023-11-07T18:52:48","modified_gmt":"2023-11-07T18:52:48","slug":"caixa-de-som-portatil-bluetooth-21x15cm-bivolt-10w-led-rgb-kts-1085-com-controle-remoto","status":"publish","type":"product","link":"https:\/\/www.saralinatacado.com.br\/loja\/produto\/caixa-de-som-portatil-bluetooth-21x15cm-bivolt-10w-led-rgb-kts-1085-com-controle-remoto\/","title":{"rendered":"Caixa de Som Port\u00e1til Bluetooth 21x15cm Bivolt 10w LED RGB KTS-1085 com Controle Remoto"},"content":{"rendered":"<p>Descri\u00e7\u00e3o A caixa de som port\u00e1til \u00e9 capaz de tocar as m\u00fasicas de formato MP3 de cart\u00f5es SD\/MMS ou USB, al\u00e9m de funcionar tamb\u00e9m como r\u00e1dio FM. Possui fun\u00e7\u00e3o bluethooth que permite controlar o aparelho \u00e0 dist\u00e2ncia. Por ter entrada para microfone, funciona tamb\u00e9m como um amplificador de som de alt\u00edssima qualidade e pot\u00eancia, permitindo seu uso em nas mais diversas situa\u00e7\u00f5es, seja em reuni\u00f5es de lazer ou como instrumento para divulga\u00e7\u00e3o de produtos e\/ou campanhas. Bateria de bom desempenho e dura\u00e7\u00e3o. Dispon\u00edvel em cores sortidas.Caracteristicas do Produto:Aviso Sobre o Produto: Imagem ilustrativa.Tipo: Caixa de Som.Sa\u00edda: 5W\/2R.Frequ\u00eancia: 100Hz &#8211; 20KHz.Frqu\u00eancia FM: 87,5-108.0MHz.Pot\u00eancia do Amplificador: &gt;=85dB.Alto-falante: 4&#8243;.Voltagem: 110V &#8211; 220V .Tamanho Aproximado: 21cm x 15cm x 10cm.Material Utilizado na Fabrica\u00e7\u00e3o: Pl\u00e1stico, metal e circuito eletr\u00f4nico.Conte\u00fado da Embalagem1 Caixa de Som KTS-1085.1 Cabo USB para Recarga.<\/p>\n","protected":false},"excerpt":{"rendered":"<p>Descri\u00e7\u00e3o A caixa de som port\u00e1til \u00e9 capaz de tocar as m\u00fasicas de formato MP3 de cart\u00f5es SD\/MMS ou USB, al\u00e9m de funcionar tamb\u00e9m como r\u00e1dio FM. Possui fun\u00e7\u00e3o bluethooth que permite controlar o aparelho \u00e0 dist\u00e2ncia. Por ter entrada para microfone, funciona tamb\u00e9m como um amplificador de som de alt\u00edssima qualidade e pot\u00eancia, permitindo [&hellip;]\n","protected":false},"featured_media":30029,"comment_status":"open","ping_status":"closed","template":"","meta":{"_bbp_topic_count":0,"_bbp_reply_count":0,"_bbp_total_topic_count":0,"_bbp_total_reply_count":0,"_bbp_voice_count":0,"_bbp_anonymous_reply_count":0,"_bbp_topic_count_hidden":0,"_bbp_reply_count_hidden":0,"_bbp_forum_subforum_count":0,"_joinchat":[]},"product_brand":[],"product_cat":[101],"product_tag":[],"class_list":{"0":"post-30025","1":"product","2":"type-product","3":"status-publish","4":"has-post-thumbnail","6":"product_cat-radios","8":"first","9":"instock","10":"featured","11":"shipping-taxable","12":"purchasable","13":"product-type-simple"},"_links":{"self":[{"href":"https:\/\/www.saralinatacado.com.br\/loja\/wp-json\/wp\/v2\/product\/30025","targetHints":{"allow":["GET"]}}],"collection":[{"href":"https:\/\/www.saralinatacado.com.br\/loja\/wp-json\/wp\/v2\/product"}],"about":[{"href":"https:\/\/www.saralinatacado.com.br\/loja\/wp-json\/wp\/v2\/types\/product"}],"replies":[{"embeddable":true,"href":"https:\/\/www.saralinatacado.com.br\/loja\/wp-json\/wp\/v2\/comments?post=30025"}],"wp:featuredmedia":[{"embeddable":true,"href":"https:\/\/www.saralinatacado.com.br\/loja\/wp-json\/wp\/v2\/media\/30029"}],"wp:attachment":[{"href":"https:\/\/www.saralinatacado.com.br\/loja\/wp-json\/wp\/v2\/media?parent=30025"}],"wp:term":[{"taxonomy":"product_brand","embeddable":true,"href":"https:\/\/www.saralinatacado.com.br\/loja\/wp-json\/wp\/v2\/product_brand?post=30025"},{"taxonomy":"product_cat","embeddable":true,"href":"https:\/\/www.saralinatacado.com.br\/loja\/wp-json\/wp\/v2\/product_cat?post=30025"},{"taxonomy":"product_tag","embeddable":true,"href":"https:\/\/www.saralinatacado.com.br\/loja\/wp-json\/wp\/v2\/product_tag?post=30025"}],"curies":[{"name":"wp","href":"https:\/\/api.w.org\/{rel}","templated":true}]}}