{"id":30018,"date":"2023-10-27T18:26:55","date_gmt":"2023-10-27T18:26:55","guid":{"rendered":"https:\/\/www.saralinatacado.com.br\/loja\/?post_type=product&#038;p=30018"},"modified":"2023-10-27T18:26:55","modified_gmt":"2023-10-27T18:26:55","slug":"estabilizador-bivolt-es-300va-entrada-220v-manual-saida-115v-bem-ligado-coletek-energia","status":"publish","type":"product","link":"https:\/\/www.saralinatacado.com.br\/loja\/produto\/estabilizador-bivolt-es-300va-entrada-220v-manual-saida-115v-bem-ligado-coletek-energia\/","title":{"rendered":"Estabilizador Bivolt ES-300VA Entrada 220v Manual &#8211; Sa\u00edda 115V Bem Ligado Coletek Energia"},"content":{"rendered":"<p><span class=\"sc-kDvujY kknhWA\" data-testid=\"product-detail-title\">Estabilizador Bivolt ES-300VA Entrada 220v Manual &#8211; Sa\u00edda 115V Bem Ligado Coletek Energia<\/span><\/p>\n<div class=\"sc-hLBbgP eodrha sc-dXqfbs bYNHMQ\" data-testid=\"product-detail-description\">\n<div class=\"sc-hLBbgP gcxrmT sc-bvBvdO jDRRiQ\" data-testid=\"rich-content-container\">\n<p><strong>Caracter\u00edsticas do produto<\/strong><\/p>\n<p>Tens\u00e3o de entrada: 100V\/250V<\/p>\n<p>Quantidade de tomadas: 4<\/p>\n<p>Tens\u00e3o de entrada CA: 100V\/250V<\/p>\n<p>Pot\u00eancia pico: 300VA<\/p>\n<p>&nbsp;<\/p>\n<p><strong>Caracter\u00edsticas gerais<\/strong><\/p>\n<p>Marca Coletek Linha Exxa Power Modelo EXXA-300M-4T Modelo alfanum\u00e9rico 316020010102<\/p>\n<p>&nbsp;<\/p>\n<p><strong>Especifica\u00e7\u00f5es<\/strong><\/p>\n<p>Tipos de produto Estabilizador Faixa de estabiliza\u00e7\u00e3o de sa\u00edda 6% Quantidade de tomadas 4<\/p>\n<p>Outros<\/p>\n<p>Dispositivos adequados Caixas registradoras,Esta\u00e7\u00f5es de trabalho,FAX,Impressoras,Microcomputadores,PABX,R\u00e1dios de comunica\u00e7\u00e3o<\/p>\n<p>Peso e dimens\u00f5es<\/p>\n<p>Peso 1.69 kg<\/p>\n<p>&nbsp;<\/p>\n<p><strong>Pot\u00eancia<\/strong><\/p>\n<p>Pot\u00eancia pico 300VA Pot\u00eancia nominal 300 W<\/p>\n<p>&nbsp;<\/p>\n<p><strong>Voltagem<\/strong><\/p>\n<p>Voltagem de entrada 100V\/250V Voltagem de sa\u00edda 115V Voltagem de entrada CA 100V\/250V Voltagem de sa\u00edda CA 115V Denomina\u00e7\u00e3o de voltagem Monovolt Faixa de voltagem de entrada 300v Faixa de voltagem de entrada CA 300v<\/p>\n<\/div>\n<\/div>\n","protected":false},"excerpt":{"rendered":"<p>Estabilizador Bivolt ES-300VA Entrada 220v Manual &#8211; Sa\u00edda 115V Bem Ligado Coletek Energia Caracter\u00edsticas do produto Tens\u00e3o de entrada: 100V\/250V Quantidade de tomadas: 4 Tens\u00e3o de entrada CA: 100V\/250V Pot\u00eancia pico: 300VA &nbsp; Caracter\u00edsticas gerais Marca Coletek Linha Exxa Power Modelo EXXA-300M-4T Modelo alfanum\u00e9rico 316020010102 &nbsp; Especifica\u00e7\u00f5es Tipos de produto Estabilizador Faixa de estabiliza\u00e7\u00e3o de [&hellip;]\n","protected":false},"featured_media":30020,"comment_status":"open","ping_status":"closed","template":"","meta":{"_bbp_topic_count":0,"_bbp_reply_count":0,"_bbp_total_topic_count":0,"_bbp_total_reply_count":0,"_bbp_voice_count":0,"_bbp_anonymous_reply_count":0,"_bbp_topic_count_hidden":0,"_bbp_reply_count_hidden":0,"_bbp_forum_subforum_count":0,"_joinchat":[]},"product_brand":[],"product_cat":[100],"product_tag":[],"class_list":{"0":"post-30018","1":"product","2":"type-product","3":"status-publish","4":"has-post-thumbnail","6":"product_cat-alimentacao","8":"first","9":"instock","10":"taxable","11":"shipping-taxable","12":"purchasable","13":"product-type-simple"},"_links":{"self":[{"href":"https:\/\/www.saralinatacado.com.br\/loja\/wp-json\/wp\/v2\/product\/30018","targetHints":{"allow":["GET"]}}],"collection":[{"href":"https:\/\/www.saralinatacado.com.br\/loja\/wp-json\/wp\/v2\/product"}],"about":[{"href":"https:\/\/www.saralinatacado.com.br\/loja\/wp-json\/wp\/v2\/types\/product"}],"replies":[{"embeddable":true,"href":"https:\/\/www.saralinatacado.com.br\/loja\/wp-json\/wp\/v2\/comments?post=30018"}],"wp:featuredmedia":[{"embeddable":true,"href":"https:\/\/www.saralinatacado.com.br\/loja\/wp-json\/wp\/v2\/media\/30020"}],"wp:attachment":[{"href":"https:\/\/www.saralinatacado.com.br\/loja\/wp-json\/wp\/v2\/media?parent=30018"}],"wp:term":[{"taxonomy":"product_brand","embeddable":true,"href":"https:\/\/www.saralinatacado.com.br\/loja\/wp-json\/wp\/v2\/product_brand?post=30018"},{"taxonomy":"product_cat","embeddable":true,"href":"https:\/\/www.saralinatacado.com.br\/loja\/wp-json\/wp\/v2\/product_cat?post=30018"},{"taxonomy":"product_tag","embeddable":true,"href":"https:\/\/www.saralinatacado.com.br\/loja\/wp-json\/wp\/v2\/product_tag?post=30018"}],"curies":[{"name":"wp","href":"https:\/\/api.w.org\/{rel}","templated":true}]}}