{"id":30012,"date":"2023-10-27T17:59:56","date_gmt":"2023-10-27T17:59:56","guid":{"rendered":"https:\/\/www.saralinatacado.com.br\/loja\/?post_type=product&#038;p=30012"},"modified":"2023-10-27T17:59:56","modified_gmt":"2023-10-27T17:59:56","slug":"webcam-full-hd-1080p","status":"publish","type":"product","link":"https:\/\/www.saralinatacado.com.br\/loja\/produto\/webcam-full-hd-1080p\/","title":{"rendered":"WebCam Full HD 1080p"},"content":{"rendered":"<p><b>Especifica\u00e7\u00f5es T\u00e9cnicas<\/b><br \/>\nMaterial: ABS Pl\u00e1stico, lente nanom\u00e9trico<br \/>\nLente: lente grande-angular HD Tipo de sensor: CMOS<br \/>\nDist\u00e2ncia focal: 3.26mm<br \/>\n\u00c2ngulo de vis\u00e3o: d 126\u00b0 h 104\u00b0 v 55\u00b0<br \/>\nEstrutura \u00f3tica: 4g<br \/>\nFaixa de focagem: 90cm<br \/>\nTaxa De quadros: 30FPS<br \/>\nFaixa de tens\u00e3o: 4.5v-5.5v<br \/>\nCorrente de trabalho: 160mA<br \/>\nFormato da foto: BMP, JPG<br \/>\nFormato de v\u00eddeo: AVI<br \/>\nResolu\u00e7\u00e3o: 1080*1920p<br \/>\nTipo de Interface: USB2.0<br \/>\nMicrofone: redu\u00e7\u00e3o de ru\u00eddo embutido<br \/>\nControle de piscamento: 50hz<\/p>\n","protected":false},"excerpt":{"rendered":"<p>Especifica\u00e7\u00f5es T\u00e9cnicas Material: ABS Pl\u00e1stico, lente nanom\u00e9trico Lente: lente grande-angular HD Tipo de sensor: CMOS Dist\u00e2ncia focal: 3.26mm \u00c2ngulo de vis\u00e3o: d 126\u00b0 h 104\u00b0 v 55\u00b0 Estrutura \u00f3tica: 4g Faixa de focagem: 90cm Taxa De quadros: 30FPS Faixa de tens\u00e3o: 4.5v-5.5v Corrente de trabalho: 160mA Formato da foto: BMP, JPG Formato de v\u00eddeo: AVI [&hellip;]\n","protected":false},"featured_media":30014,"comment_status":"open","ping_status":"closed","template":"","meta":{"_bbp_topic_count":0,"_bbp_reply_count":0,"_bbp_total_topic_count":0,"_bbp_total_reply_count":0,"_bbp_voice_count":0,"_bbp_anonymous_reply_count":0,"_bbp_topic_count_hidden":0,"_bbp_reply_count_hidden":0,"_bbp_forum_subforum_count":0,"_joinchat":[]},"product_brand":[],"product_cat":[107],"product_tag":[],"class_list":{"0":"post-30012","1":"product","2":"type-product","3":"status-publish","4":"has-post-thumbnail","6":"product_cat-acessorios","8":"first","9":"instock","10":"taxable","11":"shipping-taxable","12":"purchasable","13":"product-type-simple"},"_links":{"self":[{"href":"https:\/\/www.saralinatacado.com.br\/loja\/wp-json\/wp\/v2\/product\/30012","targetHints":{"allow":["GET"]}}],"collection":[{"href":"https:\/\/www.saralinatacado.com.br\/loja\/wp-json\/wp\/v2\/product"}],"about":[{"href":"https:\/\/www.saralinatacado.com.br\/loja\/wp-json\/wp\/v2\/types\/product"}],"replies":[{"embeddable":true,"href":"https:\/\/www.saralinatacado.com.br\/loja\/wp-json\/wp\/v2\/comments?post=30012"}],"wp:featuredmedia":[{"embeddable":true,"href":"https:\/\/www.saralinatacado.com.br\/loja\/wp-json\/wp\/v2\/media\/30014"}],"wp:attachment":[{"href":"https:\/\/www.saralinatacado.com.br\/loja\/wp-json\/wp\/v2\/media?parent=30012"}],"wp:term":[{"taxonomy":"product_brand","embeddable":true,"href":"https:\/\/www.saralinatacado.com.br\/loja\/wp-json\/wp\/v2\/product_brand?post=30012"},{"taxonomy":"product_cat","embeddable":true,"href":"https:\/\/www.saralinatacado.com.br\/loja\/wp-json\/wp\/v2\/product_cat?post=30012"},{"taxonomy":"product_tag","embeddable":true,"href":"https:\/\/www.saralinatacado.com.br\/loja\/wp-json\/wp\/v2\/product_tag?post=30012"}],"curies":[{"name":"wp","href":"https:\/\/api.w.org\/{rel}","templated":true}]}}