{"id":30003,"date":"2023-10-27T17:51:50","date_gmt":"2023-10-27T17:51:50","guid":{"rendered":"https:\/\/www.saralinatacado.com.br\/loja\/?post_type=product&#038;p=30003"},"modified":"2023-10-27T17:52:32","modified_gmt":"2023-10-27T17:52:32","slug":"repetidor-de-sinal-wifi-wireless-knup","status":"publish","type":"product","link":"https:\/\/www.saralinatacado.com.br\/loja\/produto\/repetidor-de-sinal-wifi-wireless-knup\/","title":{"rendered":"REPETIDOR DE SINAL WIFI WIRELESS KNUP"},"content":{"rendered":"<div class=\"description-title\">DESCRI\u00c7\u00c3O DO PRODUTO<\/div>\n<div id=\"descricao\" class=\"tab-pane active\">\n<p>O repetidor WiFi e um dispositivo de conex\u00e3o de rede sem fio criado<br \/>\nespecialmente para ambientes como escrit\u00f3rios resid\u00eancias e \u00e1reas<br \/>\ncomerciais<br \/>\nEle permite que uma rede sem fio seja expandida usando m\u00faltiplos pontos de<br \/>\nacesso sem a necessidade de outros roteadores<br \/>\nEle tamb\u00e9m funciona bem com outros dispositivos sem fio 802.11b\/g\/n.<\/p>\n<p><strong>CARACTER\u00cdSTICAS:<\/strong><\/p>\n<p>N\u00e3o fique mais sem sinal de wifi internet em locais mais afastados do roteador<br \/>\nChega de sofrimento<br \/>\nSeus v\u00eddeos est\u00e3o travando ?<br \/>\nN\u00e3o consegue estudar direito com sinal falhando ?<br \/>\nEsse aparelho vai resolver o seus problemas<br \/>\nN\u00e3o precisa de fio pela casa toda basta encaixar na tomada<br \/>\nSua configura\u00e7\u00e3o \u00e9 bem simples 5 minutos e pronto<br \/>\nAparelho muito potente e excelente custo benef\u00edcio<br \/>\nRepetidor de sinal internet Repeater 300mbps tem uma frequ\u00eancia de 2.4 Ghz<br \/>\nEle duplica a cobertura de seu sinal WiFi e elimina as zonas mortas do sinal<br \/>\nWiFi de sua casa ou escrit\u00f3rio<\/p>\n<p><strong>ESPECIFICA\u00c7\u00d5ES:<\/strong><\/p>\n<p>ALCANCE DO SINAL<br \/>\n100 METROS COM BARREIRAS ( PAREDES )<br \/>\n300 METROS SEM BARREIRAS<br \/>\nVELOCIDADE 300 MBPS<\/p>\n<p>&nbsp;<\/p>\n<p><strong>CONTE\u00daDO DA EMBALAGEM:<\/strong><\/p>\n<p>1 Repetidor<\/p>\n<p>&nbsp;<\/p>\n<\/div>\n","protected":false},"excerpt":{"rendered":"<p>DESCRI\u00c7\u00c3O DO PRODUTO O repetidor WiFi e um dispositivo de conex\u00e3o de rede sem fio criado especialmente para ambientes como escrit\u00f3rios resid\u00eancias e \u00e1reas comerciais Ele permite que uma rede sem fio seja expandida usando m\u00faltiplos pontos de acesso sem a necessidade de outros roteadores Ele tamb\u00e9m funciona bem com outros dispositivos sem fio 802.11b\/g\/n. [&hellip;]\n","protected":false},"featured_media":30005,"comment_status":"open","ping_status":"closed","template":"","meta":{"_bbp_topic_count":0,"_bbp_reply_count":0,"_bbp_total_topic_count":0,"_bbp_total_reply_count":0,"_bbp_voice_count":0,"_bbp_anonymous_reply_count":0,"_bbp_topic_count_hidden":0,"_bbp_reply_count_hidden":0,"_bbp_forum_subforum_count":0,"_joinchat":[]},"product_brand":[],"product_cat":[175,176],"product_tag":[],"class_list":{"0":"post-30003","1":"product","2":"type-product","3":"status-publish","4":"has-post-thumbnail","6":"product_cat-receptor","7":"product_cat-roteador","9":"first","10":"instock","11":"taxable","12":"shipping-taxable","13":"purchasable","14":"product-type-simple"},"_links":{"self":[{"href":"https:\/\/www.saralinatacado.com.br\/loja\/wp-json\/wp\/v2\/product\/30003","targetHints":{"allow":["GET"]}}],"collection":[{"href":"https:\/\/www.saralinatacado.com.br\/loja\/wp-json\/wp\/v2\/product"}],"about":[{"href":"https:\/\/www.saralinatacado.com.br\/loja\/wp-json\/wp\/v2\/types\/product"}],"replies":[{"embeddable":true,"href":"https:\/\/www.saralinatacado.com.br\/loja\/wp-json\/wp\/v2\/comments?post=30003"}],"wp:featuredmedia":[{"embeddable":true,"href":"https:\/\/www.saralinatacado.com.br\/loja\/wp-json\/wp\/v2\/media\/30005"}],"wp:attachment":[{"href":"https:\/\/www.saralinatacado.com.br\/loja\/wp-json\/wp\/v2\/media?parent=30003"}],"wp:term":[{"taxonomy":"product_brand","embeddable":true,"href":"https:\/\/www.saralinatacado.com.br\/loja\/wp-json\/wp\/v2\/product_brand?post=30003"},{"taxonomy":"product_cat","embeddable":true,"href":"https:\/\/www.saralinatacado.com.br\/loja\/wp-json\/wp\/v2\/product_cat?post=30003"},{"taxonomy":"product_tag","embeddable":true,"href":"https:\/\/www.saralinatacado.com.br\/loja\/wp-json\/wp\/v2\/product_tag?post=30003"}],"curies":[{"name":"wp","href":"https:\/\/api.w.org\/{rel}","templated":true}]}}