{"id":30000,"date":"2023-10-27T17:45:20","date_gmt":"2023-10-27T17:45:20","guid":{"rendered":"https:\/\/www.saralinatacado.com.br\/loja\/?post_type=product&#038;p=30000"},"modified":"2023-10-27T17:46:43","modified_gmt":"2023-10-27T17:46:43","slug":"radio-comunicador-walk-talk-baofeng-bf-777s-fone-de-ouvido","status":"publish","type":"product","link":"https:\/\/www.saralinatacado.com.br\/loja\/produto\/radio-comunicador-walk-talk-baofeng-bf-777s-fone-de-ouvido\/","title":{"rendered":"Radio Comunicador Walk Talk Baofeng Bf-777s + Fone De Ouvido"},"content":{"rendered":"<p>Radio Comunicador Walk Talk Baofeng Bf-777s + Fone De Ouvido<\/p>\n<p>Este Ht \u00c9 \u00d3timo Para Quem Deseja Montar Uma Boa Rede De Comunica\u00e7\u00e3o Em Uma Empresa, Evento Ou Algo Do G\u00eanero. Program\u00e1vel Pelo Computador Atrav\u00e9s Do Chirp, Este Ht De Banda Uhf Opera E Surpreende Os Usu\u00e1rios Com 4w De Pot\u00eancia!<\/p>\n<p>1 Ano De Garantia Contra Defeito De F\u00e1brica!!<\/p>\n<p>Itens Inclusos Por Pe\u00e7a:<\/p>\n<p>&#8211; 2 Radios Bf-777s<br \/>\n&#8211; 2 Clip<br \/>\n&#8211; 2 Baterias<br \/>\n&#8211; 2 Carregadores De Bateria Bivolt 110-220v<br \/>\n&#8211; 2 Fones De Ouvido Com Microfone<br \/>\n&#8211; 1 Manual (Ingl\u00eas)<\/p>\n<p>Especifica\u00e7\u00f5es:<\/p>\n<p>Marca: Baofeng<br \/>\nModelo: Bf-777s<br \/>\nFrequ\u00eancia: 400 ~ 470mhz<br \/>\nCanal: 16 Canais<br \/>\nRaio De Comunica\u00e7\u00e3o: 1 A 4 Km<br \/>\nBateria: 1500mah<br \/>\nTempo De Espera: 72 Horas<br \/>\nTempo De Trabalho: 24 Horas<br \/>\nPot\u00eancia: 4w<br \/>\nVoltagem: 3.7v<br \/>\nDimens\u00f5es: 115mm X 60mm X 33mm<br \/>\nPeso: 150 Gramas (Cada R\u00e1dio)<br \/>\nVida \u00datil Da Bateria: Aproximadamente 8 A 9 Horas<br \/>\nEstabilidade De Frequ\u00eancia: 2,5 Ppm<br \/>\nImped\u00e2ncia Da Antena: 50 Ohms<br \/>\nEspa\u00e7amento Entre Canais: 25khz<br \/>\nEmiss\u00e3o De Esp\u00farias: &lt;65db<br \/>\nRu\u00eddo Fm: &lt;45db (W) &lt;40db (N)<br \/>\nDistor\u00e7\u00e3o De \u00c1udio: &lt;5%<br \/>\nTransmiss\u00e3o Corrente: &lt;1.3a<br \/>\nSensibilidade: (12db Sinad) &lt; 0<\/p>\n","protected":false},"excerpt":{"rendered":"<p>Radio Comunicador Walk Talk Baofeng Bf-777s + Fone De Ouvido Este Ht \u00c9 \u00d3timo Para Quem Deseja Montar Uma Boa Rede De Comunica\u00e7\u00e3o Em Uma Empresa, Evento Ou Algo Do G\u00eanero. Program\u00e1vel Pelo Computador Atrav\u00e9s Do Chirp, Este Ht De Banda Uhf Opera E Surpreende Os Usu\u00e1rios Com 4w De Pot\u00eancia! 1 Ano De Garantia [&hellip;]\n","protected":false},"featured_media":30001,"comment_status":"open","ping_status":"closed","template":"","meta":{"_bbp_topic_count":0,"_bbp_reply_count":0,"_bbp_total_topic_count":0,"_bbp_total_reply_count":0,"_bbp_voice_count":0,"_bbp_anonymous_reply_count":0,"_bbp_topic_count_hidden":0,"_bbp_reply_count_hidden":0,"_bbp_forum_subforum_count":0,"_joinchat":[]},"product_brand":[],"product_cat":[107,175],"product_tag":[],"class_list":{"0":"post-30000","1":"product","2":"type-product","3":"status-publish","4":"has-post-thumbnail","6":"product_cat-acessorios","7":"product_cat-receptor","9":"first","10":"instock","11":"taxable","12":"shipping-taxable","13":"purchasable","14":"product-type-simple"},"_links":{"self":[{"href":"https:\/\/www.saralinatacado.com.br\/loja\/wp-json\/wp\/v2\/product\/30000","targetHints":{"allow":["GET"]}}],"collection":[{"href":"https:\/\/www.saralinatacado.com.br\/loja\/wp-json\/wp\/v2\/product"}],"about":[{"href":"https:\/\/www.saralinatacado.com.br\/loja\/wp-json\/wp\/v2\/types\/product"}],"replies":[{"embeddable":true,"href":"https:\/\/www.saralinatacado.com.br\/loja\/wp-json\/wp\/v2\/comments?post=30000"}],"wp:featuredmedia":[{"embeddable":true,"href":"https:\/\/www.saralinatacado.com.br\/loja\/wp-json\/wp\/v2\/media\/30001"}],"wp:attachment":[{"href":"https:\/\/www.saralinatacado.com.br\/loja\/wp-json\/wp\/v2\/media?parent=30000"}],"wp:term":[{"taxonomy":"product_brand","embeddable":true,"href":"https:\/\/www.saralinatacado.com.br\/loja\/wp-json\/wp\/v2\/product_brand?post=30000"},{"taxonomy":"product_cat","embeddable":true,"href":"https:\/\/www.saralinatacado.com.br\/loja\/wp-json\/wp\/v2\/product_cat?post=30000"},{"taxonomy":"product_tag","embeddable":true,"href":"https:\/\/www.saralinatacado.com.br\/loja\/wp-json\/wp\/v2\/product_tag?post=30000"}],"curies":[{"name":"wp","href":"https:\/\/api.w.org\/{rel}","templated":true}]}}