{"id":29996,"date":"2023-10-27T17:40:24","date_gmt":"2023-10-27T17:40:24","guid":{"rendered":"https:\/\/www.saralinatacado.com.br\/loja\/?post_type=product&#038;p=29996"},"modified":"2023-10-27T17:40:24","modified_gmt":"2023-10-27T17:40:24","slug":"radio-comunicador-talkabout-baofeng-kapbom-digital-uv-5r-1-unidade","status":"publish","type":"product","link":"https:\/\/www.saralinatacado.com.br\/loja\/produto\/radio-comunicador-talkabout-baofeng-kapbom-digital-uv-5r-1-unidade\/","title":{"rendered":"RADIO COMUNICADOR TALKABOUT BAOFENG \/ KAPBOM DIGITAL UV-5R 1 UNIDADE"},"content":{"rendered":"<p>O Radio Baofeng Modelo Uv-5r Com Alcance De 5 Km Aproximadamente Em Campo Aberto (Fazenda, S\u00edtios Etc&#8230;) E 1000 Metros Aproximadamente Em Ambientes Fechados, Com Divis\u00f3rias, Parede. Al\u00e9m De Se Comunicar Voc\u00ea Poder\u00e1 Ouvir R\u00e1dio Fm Nele, E Caso Necessite Ele Cont\u00e9m Uma Lanterna Tamb\u00e9m.<\/p>\n","protected":false},"excerpt":{"rendered":"<p>O Radio Baofeng Modelo Uv-5r Com Alcance De 5 Km Aproximadamente Em Campo Aberto (Fazenda, S\u00edtios Etc&#8230;) E 1000 Metros Aproximadamente Em Ambientes Fechados, Com Divis\u00f3rias, Parede. Al\u00e9m De Se Comunicar Voc\u00ea Poder\u00e1 Ouvir R\u00e1dio Fm Nele, E Caso Necessite Ele Cont\u00e9m Uma Lanterna Tamb\u00e9m.<\/p>\n","protected":false},"featured_media":29997,"comment_status":"open","ping_status":"closed","template":"","meta":{"_bbp_topic_count":0,"_bbp_reply_count":0,"_bbp_total_topic_count":0,"_bbp_total_reply_count":0,"_bbp_voice_count":0,"_bbp_anonymous_reply_count":0,"_bbp_topic_count_hidden":0,"_bbp_reply_count_hidden":0,"_bbp_forum_subforum_count":0,"_joinchat":[]},"product_brand":[],"product_cat":[107,175],"product_tag":[],"class_list":{"0":"post-29996","1":"product","2":"type-product","3":"status-publish","4":"has-post-thumbnail","6":"product_cat-acessorios","7":"product_cat-receptor","9":"first","10":"instock","11":"taxable","12":"shipping-taxable","13":"purchasable","14":"product-type-simple"},"_links":{"self":[{"href":"https:\/\/www.saralinatacado.com.br\/loja\/wp-json\/wp\/v2\/product\/29996","targetHints":{"allow":["GET"]}}],"collection":[{"href":"https:\/\/www.saralinatacado.com.br\/loja\/wp-json\/wp\/v2\/product"}],"about":[{"href":"https:\/\/www.saralinatacado.com.br\/loja\/wp-json\/wp\/v2\/types\/product"}],"replies":[{"embeddable":true,"href":"https:\/\/www.saralinatacado.com.br\/loja\/wp-json\/wp\/v2\/comments?post=29996"}],"wp:featuredmedia":[{"embeddable":true,"href":"https:\/\/www.saralinatacado.com.br\/loja\/wp-json\/wp\/v2\/media\/29997"}],"wp:attachment":[{"href":"https:\/\/www.saralinatacado.com.br\/loja\/wp-json\/wp\/v2\/media?parent=29996"}],"wp:term":[{"taxonomy":"product_brand","embeddable":true,"href":"https:\/\/www.saralinatacado.com.br\/loja\/wp-json\/wp\/v2\/product_brand?post=29996"},{"taxonomy":"product_cat","embeddable":true,"href":"https:\/\/www.saralinatacado.com.br\/loja\/wp-json\/wp\/v2\/product_cat?post=29996"},{"taxonomy":"product_tag","embeddable":true,"href":"https:\/\/www.saralinatacado.com.br\/loja\/wp-json\/wp\/v2\/product_tag?post=29996"}],"curies":[{"name":"wp","href":"https:\/\/api.w.org\/{rel}","templated":true}]}}