{"id":29993,"date":"2023-10-27T14:55:44","date_gmt":"2023-10-27T14:55:44","guid":{"rendered":"https:\/\/www.saralinatacado.com.br\/loja\/?post_type=product&#038;p=29993"},"modified":"2023-10-27T14:55:45","modified_gmt":"2023-10-27T14:55:45","slug":"adaptador-wireless-wifi-usb-1200mbps-com-antena","status":"publish","type":"product","link":"https:\/\/www.saralinatacado.com.br\/loja\/produto\/adaptador-wireless-wifi-usb-1200mbps-com-antena\/","title":{"rendered":"ADAPTADOR WIRELESS WIFI USB 1200MBPS COM ANTENA"},"content":{"rendered":"<p>Receptor 1200MBPS antena wifi wireless<\/p>\n<p>Antena wifi de uso exclusivo para navega\u00e7\u00e3o na internet e jogos online; Tecnologia cca melhora a estabilidade de seu sinal automaticamente, evitando conflitos de conex\u00e3o.<\/p>\n<p>Caracter\u00edsticas do Produto:<\/p>\n<p>Cor: Preto;<br \/>\nTaxa de transfer\u00eancia m\u00e1xima: 1200Mbps.<br \/>\nMaterial: Metal + Pl\u00e1stico.<br \/>\nPadr\u00f5es sem fio: ieee 802.11N, ieee 802.11G, ieee 802.11B.<br \/>\nBanda de frequ\u00eancia: 2,4 GHz Banda ism.<br \/>\nCanal: 1 &#8211; 14 canais (Sele\u00e7\u00e3o de Dom\u00ednio Universal).<br \/>\nSeguran\u00e7a de Dados: 16\/128-bit wep criptograf\u00eda; wpa, wpa-psk, WPA2, WPA2-PSK, tkip \/ aes.<br \/>\nInterface do Host: De alta velocidade da interface USB 2.0\/1.1.<\/p>\n<p>Conte\u00fado Embalagem:<br \/>\n01 Adaptador USB 2.0.<br \/>\n01 cd Driver.<br \/>\n01 Antena.<\/p>\n","protected":false},"excerpt":{"rendered":"<p>Receptor 1200MBPS antena wifi wireless Antena wifi de uso exclusivo para navega\u00e7\u00e3o na internet e jogos online; Tecnologia cca melhora a estabilidade de seu sinal automaticamente, evitando conflitos de conex\u00e3o. Caracter\u00edsticas do Produto: Cor: Preto; Taxa de transfer\u00eancia m\u00e1xima: 1200Mbps. Material: Metal + Pl\u00e1stico. Padr\u00f5es sem fio: ieee 802.11N, ieee 802.11G, ieee 802.11B. Banda de [&hellip;]\n","protected":false},"featured_media":29995,"comment_status":"open","ping_status":"closed","template":"","meta":{"_bbp_topic_count":0,"_bbp_reply_count":0,"_bbp_total_topic_count":0,"_bbp_total_reply_count":0,"_bbp_voice_count":0,"_bbp_anonymous_reply_count":0,"_bbp_topic_count_hidden":0,"_bbp_reply_count_hidden":0,"_bbp_forum_subforum_count":0,"_joinchat":[]},"product_brand":[],"product_cat":[107],"product_tag":[],"class_list":{"0":"post-29993","1":"product","2":"type-product","3":"status-publish","4":"has-post-thumbnail","6":"product_cat-acessorios","8":"first","9":"instock","10":"taxable","11":"shipping-taxable","12":"purchasable","13":"product-type-simple"},"_links":{"self":[{"href":"https:\/\/www.saralinatacado.com.br\/loja\/wp-json\/wp\/v2\/product\/29993","targetHints":{"allow":["GET"]}}],"collection":[{"href":"https:\/\/www.saralinatacado.com.br\/loja\/wp-json\/wp\/v2\/product"}],"about":[{"href":"https:\/\/www.saralinatacado.com.br\/loja\/wp-json\/wp\/v2\/types\/product"}],"replies":[{"embeddable":true,"href":"https:\/\/www.saralinatacado.com.br\/loja\/wp-json\/wp\/v2\/comments?post=29993"}],"wp:featuredmedia":[{"embeddable":true,"href":"https:\/\/www.saralinatacado.com.br\/loja\/wp-json\/wp\/v2\/media\/29995"}],"wp:attachment":[{"href":"https:\/\/www.saralinatacado.com.br\/loja\/wp-json\/wp\/v2\/media?parent=29993"}],"wp:term":[{"taxonomy":"product_brand","embeddable":true,"href":"https:\/\/www.saralinatacado.com.br\/loja\/wp-json\/wp\/v2\/product_brand?post=29993"},{"taxonomy":"product_cat","embeddable":true,"href":"https:\/\/www.saralinatacado.com.br\/loja\/wp-json\/wp\/v2\/product_cat?post=29993"},{"taxonomy":"product_tag","embeddable":true,"href":"https:\/\/www.saralinatacado.com.br\/loja\/wp-json\/wp\/v2\/product_tag?post=29993"}],"curies":[{"name":"wp","href":"https:\/\/api.w.org\/{rel}","templated":true}]}}