{"id":29987,"date":"2023-10-27T14:47:55","date_gmt":"2023-10-27T14:47:55","guid":{"rendered":"https:\/\/www.saralinatacado.com.br\/loja\/?post_type=product&#038;p=29987"},"modified":"2023-10-27T14:47:55","modified_gmt":"2023-10-27T14:47:55","slug":"cabo-conversor-displayport-para-hdmi-altomex-au-8803","status":"publish","type":"product","link":"https:\/\/www.saralinatacado.com.br\/loja\/produto\/cabo-conversor-displayport-para-hdmi-altomex-au-8803\/","title":{"rendered":"Cabo Conversor Displayport para HDMI ALTOMEX &#8211; AU-8803"},"content":{"rendered":"<p>&#8211; Este cabo tem a capacidade de entregar o \u00e1udio digital de alta defini\u00e7\u00e3o e v\u00eddeo para a exibi\u00e7\u00e3o em formato de pacote de dados, permitindo atualiza\u00e7\u00f5es<\/p>\n<p>&#8211; Oferece recursos de economia de energia<\/p>\n<p>&#8211; Recurso Plug and Play<\/p>\n<p>&#8211; N\u00e3o precisa ser configurado<\/p>\n<p>&#8211; Ativar alta qualidade opcionais transmiss\u00f5es digitais de \u00e1udio<\/p>\n<p>&#8211; Suporta DisplayPort conector de 20 pinos<\/p>\n<p>&#8211; Interfaces e Conex\u00f5es: 01x HDMI (F\u00eamea) 01x DisplayPort (Macho)<\/p>\n<p>&#8211; Converte de Displayport para HDMI (n\u00e3o faz a convers\u00e3o inversa)<\/p>\n<p>&#8211; Cabo de 20cm<\/p>\n","protected":false},"excerpt":{"rendered":"<p>&#8211; Este cabo tem a capacidade de entregar o \u00e1udio digital de alta defini\u00e7\u00e3o e v\u00eddeo para a exibi\u00e7\u00e3o em formato de pacote de dados, permitindo atualiza\u00e7\u00f5es &#8211; Oferece recursos de economia de energia &#8211; Recurso Plug and Play &#8211; N\u00e3o precisa ser configurado &#8211; Ativar alta qualidade opcionais transmiss\u00f5es digitais de \u00e1udio &#8211; Suporta [&hellip;]\n","protected":false},"featured_media":29989,"comment_status":"open","ping_status":"closed","template":"","meta":{"_bbp_topic_count":0,"_bbp_reply_count":0,"_bbp_total_topic_count":0,"_bbp_total_reply_count":0,"_bbp_voice_count":0,"_bbp_anonymous_reply_count":0,"_bbp_topic_count_hidden":0,"_bbp_reply_count_hidden":0,"_bbp_forum_subforum_count":0,"_joinchat":[]},"product_brand":[],"product_cat":[106],"product_tag":[],"class_list":{"0":"post-29987","1":"product","2":"type-product","3":"status-publish","4":"has-post-thumbnail","6":"product_cat-cabos","8":"first","9":"instock","10":"taxable","11":"shipping-taxable","12":"purchasable","13":"product-type-simple"},"_links":{"self":[{"href":"https:\/\/www.saralinatacado.com.br\/loja\/wp-json\/wp\/v2\/product\/29987","targetHints":{"allow":["GET"]}}],"collection":[{"href":"https:\/\/www.saralinatacado.com.br\/loja\/wp-json\/wp\/v2\/product"}],"about":[{"href":"https:\/\/www.saralinatacado.com.br\/loja\/wp-json\/wp\/v2\/types\/product"}],"replies":[{"embeddable":true,"href":"https:\/\/www.saralinatacado.com.br\/loja\/wp-json\/wp\/v2\/comments?post=29987"}],"wp:featuredmedia":[{"embeddable":true,"href":"https:\/\/www.saralinatacado.com.br\/loja\/wp-json\/wp\/v2\/media\/29989"}],"wp:attachment":[{"href":"https:\/\/www.saralinatacado.com.br\/loja\/wp-json\/wp\/v2\/media?parent=29987"}],"wp:term":[{"taxonomy":"product_brand","embeddable":true,"href":"https:\/\/www.saralinatacado.com.br\/loja\/wp-json\/wp\/v2\/product_brand?post=29987"},{"taxonomy":"product_cat","embeddable":true,"href":"https:\/\/www.saralinatacado.com.br\/loja\/wp-json\/wp\/v2\/product_cat?post=29987"},{"taxonomy":"product_tag","embeddable":true,"href":"https:\/\/www.saralinatacado.com.br\/loja\/wp-json\/wp\/v2\/product_tag?post=29987"}],"curies":[{"name":"wp","href":"https:\/\/api.w.org\/{rel}","templated":true}]}}