{"id":29970,"date":"2023-10-27T14:21:06","date_gmt":"2023-10-27T14:21:06","guid":{"rendered":"https:\/\/www.saralinatacado.com.br\/loja\/?post_type=product&#038;p=29970"},"modified":"2023-10-27T14:21:06","modified_gmt":"2023-10-27T14:21:06","slug":"cabo-adaptador-de-2-p2-femea-maleavel-para-1-p2dourado-macho","status":"publish","type":"product","link":"https:\/\/www.saralinatacado.com.br\/loja\/produto\/cabo-adaptador-de-2-p2-femea-maleavel-para-1-p2dourado-macho\/","title":{"rendered":"CABO ADAPTADOR DE 2 P2 FEMEA MALEAVEL PARA 1 P2(DOURADO) MACHO"},"content":{"rendered":"<p>CABO ADAPTADOR DE 2 P2 FEMEA MALEAVEL PARA 1 P2(DOURADO) MACHO CABO ADAPTADOR DE 2 P2 F\u00caMEA MALE\u00c1VEL PARA 1 P2 MACHO (DOURADO) &#8211; CB-118 CABO ADAPTADOR HEADSET FONE DE OUVIDO MICROFONE P2 X P3 (1 P3 &#8211; MACHO) E (2 P2 &#8211; F\u00caMEA) COMPAT\u00cdVEL C\/ SMARTPHONE XBOX ONE PC NOTEBOOK<br \/>\nCABO ADAPTADOR HEADSET FONE DE OUVIDO MICROFONE P2 X P3 (1 P3 &#8211; MACHO) E (2 P2 &#8211; F\u00caMEA) COMPAT\u00cdVEL C\/ SMARTPHONE XBOX ONE PC NOTEBOOK<\/p>\n<p>ESTE DISPOSITIVO P2 X P3 PODE SIMPLIFICAR A SUA VIDA, COM ESTE ADAPTADOR VOC\u00ca PODE UNIR O PLUG DE FONE E MICROFONE EM APENAS 1 PLUG P3 FAZENDO COM QUE SEU HEADSET \/ FONE DE OUVIDO SEJA COMPAT\u00cdVEL COM DIVERSOS HARDWARES COMO POR EXEMPLO: XBOX ONE, CELULAR, PC E NOTEBOOKS. O ADAPTADOR HEADAP FAZ A JUN\u00c7\u00c3O DO FONE E MICROFONE EM APENAS 1 PLUG P3, GERALMENTE \u00c9 RECOMENDADO PARA HEADSETS, QUE POSSUEM 2 PLUGS P2 E QUER TRANSFORMA-LO EM UM CABO COM 1 PLUG P3 EXEMPLO DE UTILIZA\u00c7\u00c3O: INSIRA OS PLUGS DE FONE E MICROFONE DO SEU FONE DE OUVIDO OU HEADSET NA ENTRADA PARA P2\/P3(ESSA ENTRADA \u00c9 SIMILAR A UMA ENTRADA DE FONE DE CELULAR) DEPOIS CONECTE O NOVO PLUGS P3 NO APARELHO QUE DESEJA UTILIZAR. ESPECIFICA\u00c7\u00d5ES T\u00c9CNICAS -MODELO: ADP-P2XP3 &#8211; LINHA: ADAPTADOR \u00c1UDIO &#8211; ENTRADAS P3\/P2: 2 &#8211; SA\u00cdDA P3: 1 &#8211; COMPRIMENTO: 21CM<\/p>\n<p>ITENS INCLUSOS NO PACOTE:<br \/>\n1 CABO ADAPTADOR HEADSET FONE DE OUVIDO MICROFONE P2 X P3<\/p>\n","protected":false},"excerpt":{"rendered":"<p>CABO ADAPTADOR DE 2 P2 FEMEA MALEAVEL PARA 1 P2(DOURADO) MACHO CABO ADAPTADOR DE 2 P2 F\u00caMEA MALE\u00c1VEL PARA 1 P2 MACHO (DOURADO) &#8211; CB-118 CABO ADAPTADOR HEADSET FONE DE OUVIDO MICROFONE P2 X P3 (1 P3 &#8211; MACHO) E (2 P2 &#8211; F\u00caMEA) COMPAT\u00cdVEL C\/ SMARTPHONE XBOX ONE PC NOTEBOOK CABO ADAPTADOR HEADSET FONE [&hellip;]\n","protected":false},"featured_media":29972,"comment_status":"open","ping_status":"closed","template":"","meta":{"_bbp_topic_count":0,"_bbp_reply_count":0,"_bbp_total_topic_count":0,"_bbp_total_reply_count":0,"_bbp_voice_count":0,"_bbp_anonymous_reply_count":0,"_bbp_topic_count_hidden":0,"_bbp_reply_count_hidden":0,"_bbp_forum_subforum_count":0,"_joinchat":[]},"product_brand":[],"product_cat":[106],"product_tag":[],"class_list":{"0":"post-29970","1":"product","2":"type-product","3":"status-publish","4":"has-post-thumbnail","6":"product_cat-cabos","8":"first","9":"instock","10":"taxable","11":"shipping-taxable","12":"purchasable","13":"product-type-simple"},"_links":{"self":[{"href":"https:\/\/www.saralinatacado.com.br\/loja\/wp-json\/wp\/v2\/product\/29970","targetHints":{"allow":["GET"]}}],"collection":[{"href":"https:\/\/www.saralinatacado.com.br\/loja\/wp-json\/wp\/v2\/product"}],"about":[{"href":"https:\/\/www.saralinatacado.com.br\/loja\/wp-json\/wp\/v2\/types\/product"}],"replies":[{"embeddable":true,"href":"https:\/\/www.saralinatacado.com.br\/loja\/wp-json\/wp\/v2\/comments?post=29970"}],"wp:featuredmedia":[{"embeddable":true,"href":"https:\/\/www.saralinatacado.com.br\/loja\/wp-json\/wp\/v2\/media\/29972"}],"wp:attachment":[{"href":"https:\/\/www.saralinatacado.com.br\/loja\/wp-json\/wp\/v2\/media?parent=29970"}],"wp:term":[{"taxonomy":"product_brand","embeddable":true,"href":"https:\/\/www.saralinatacado.com.br\/loja\/wp-json\/wp\/v2\/product_brand?post=29970"},{"taxonomy":"product_cat","embeddable":true,"href":"https:\/\/www.saralinatacado.com.br\/loja\/wp-json\/wp\/v2\/product_cat?post=29970"},{"taxonomy":"product_tag","embeddable":true,"href":"https:\/\/www.saralinatacado.com.br\/loja\/wp-json\/wp\/v2\/product_tag?post=29970"}],"curies":[{"name":"wp","href":"https:\/\/api.w.org\/{rel}","templated":true}]}}