{"id":29962,"date":"2023-10-27T14:13:49","date_gmt":"2023-10-27T14:13:49","guid":{"rendered":"https:\/\/www.saralinatacado.com.br\/loja\/?post_type=product&#038;p=29962"},"modified":"2023-10-27T14:13:49","modified_gmt":"2023-10-27T14:13:49","slug":"cabo-de-forca-novo-padrao-notebook-1-5m","status":"publish","type":"product","link":"https:\/\/www.saralinatacado.com.br\/loja\/produto\/cabo-de-forca-novo-padrao-notebook-1-5m\/","title":{"rendered":"Cabo de For\u00e7a Novo Padr\u00e3o &#8211; Notebook 1.5m"},"content":{"rendered":"<p><b>Especifica\u00e7\u00f5es T\u00e9cnicas<\/b><br \/>\n&#8211; Tomada entrada: Padr\u00e3o novo 3 pinos<br \/>\n&#8211; Tomada sa\u00edda: Tripolar &#8211; C-5 Mickey Mouse<br \/>\n&#8211; Para Fonte (Carregador) de Notebook<br \/>\n&#8211; Comprimento do cabo: 1,5 metro<br \/>\n&#8211; Novo padr\u00e3o Brasileiro NBR<br \/>\n&#8211; Voltagem m\u00e1xima: 250V<br \/>\n&#8211; Amperes: 10A<br \/>\n&#8211; Espessura do pino: 4,00mm<\/p>\n<p>Garantia: 3 meses<\/p>\n<p><mark><b>Capacidade recomendada para ligar seus equipamentos<\/b><\/mark><br \/>\nPot\u00eancia M\u00e1xima &#8211; 110V: 1270W<br \/>\nPot\u00eancia M\u00e1xima &#8211; 220V: 2200W<\/p>\n<p><b>Aten\u00e7\u00e3o<\/b>: Verifique a compatibilidade com seu equipamento antes da compra, n\u00e3o nos responsabilizamos por incompatibilidades.<\/p>\n<p>Imagem meramente ilustrativa, se atente com a Medida, Cor, Tipo e Marca do produto ou outras caracter\u00edsticas antes de finalizar sua compra. D\u00favidas utilize campo de Perguntas.<\/p>\n<p><b>Conte\u00fado da embalagem<\/b><br \/>\n1 x Cabo de For\u00e7a Tripolar &#8211; Notebook 1,5 Metro<\/p>\n","protected":false},"excerpt":{"rendered":"<p>Especifica\u00e7\u00f5es T\u00e9cnicas &#8211; Tomada entrada: Padr\u00e3o novo 3 pinos &#8211; Tomada sa\u00edda: Tripolar &#8211; C-5 Mickey Mouse &#8211; Para Fonte (Carregador) de Notebook &#8211; Comprimento do cabo: 1,5 metro &#8211; Novo padr\u00e3o Brasileiro NBR &#8211; Voltagem m\u00e1xima: 250V &#8211; Amperes: 10A &#8211; Espessura do pino: 4,00mm Garantia: 3 meses Capacidade recomendada para ligar seus equipamentos [&hellip;]\n","protected":false},"featured_media":29964,"comment_status":"open","ping_status":"closed","template":"","meta":{"_bbp_topic_count":0,"_bbp_reply_count":0,"_bbp_total_topic_count":0,"_bbp_total_reply_count":0,"_bbp_voice_count":0,"_bbp_anonymous_reply_count":0,"_bbp_topic_count_hidden":0,"_bbp_reply_count_hidden":0,"_bbp_forum_subforum_count":0,"_joinchat":[]},"product_brand":[],"product_cat":[106],"product_tag":[],"class_list":{"0":"post-29962","1":"product","2":"type-product","3":"status-publish","4":"has-post-thumbnail","6":"product_cat-cabos","8":"first","9":"instock","10":"taxable","11":"shipping-taxable","12":"purchasable","13":"product-type-simple"},"_links":{"self":[{"href":"https:\/\/www.saralinatacado.com.br\/loja\/wp-json\/wp\/v2\/product\/29962","targetHints":{"allow":["GET"]}}],"collection":[{"href":"https:\/\/www.saralinatacado.com.br\/loja\/wp-json\/wp\/v2\/product"}],"about":[{"href":"https:\/\/www.saralinatacado.com.br\/loja\/wp-json\/wp\/v2\/types\/product"}],"replies":[{"embeddable":true,"href":"https:\/\/www.saralinatacado.com.br\/loja\/wp-json\/wp\/v2\/comments?post=29962"}],"wp:featuredmedia":[{"embeddable":true,"href":"https:\/\/www.saralinatacado.com.br\/loja\/wp-json\/wp\/v2\/media\/29964"}],"wp:attachment":[{"href":"https:\/\/www.saralinatacado.com.br\/loja\/wp-json\/wp\/v2\/media?parent=29962"}],"wp:term":[{"taxonomy":"product_brand","embeddable":true,"href":"https:\/\/www.saralinatacado.com.br\/loja\/wp-json\/wp\/v2\/product_brand?post=29962"},{"taxonomy":"product_cat","embeddable":true,"href":"https:\/\/www.saralinatacado.com.br\/loja\/wp-json\/wp\/v2\/product_cat?post=29962"},{"taxonomy":"product_tag","embeddable":true,"href":"https:\/\/www.saralinatacado.com.br\/loja\/wp-json\/wp\/v2\/product_tag?post=29962"}],"curies":[{"name":"wp","href":"https:\/\/api.w.org\/{rel}","templated":true}]}}