{"id":29959,"date":"2023-10-27T14:06:27","date_gmt":"2023-10-27T14:06:27","guid":{"rendered":"https:\/\/www.saralinatacado.com.br\/loja\/?post_type=product&#038;p=29959"},"modified":"2023-10-27T14:06:27","modified_gmt":"2023-10-27T14:06:27","slug":"cabo-de-energia-pc-monitor-15mt","status":"publish","type":"product","link":"https:\/\/www.saralinatacado.com.br\/loja\/produto\/cabo-de-energia-pc-monitor-15mt\/","title":{"rendered":"Cabo De Energia Pc Monitor 1,5mt"},"content":{"rendered":"<div class=\"sc-80fa11ba-1 zCngk\">\n<p><strong>Caracter\u00edsticas:<\/strong><br \/>\n&#8211; Marca: MD9<br \/>\n&#8211; Modelo: NBR14136<\/p>\n<p>&nbsp;<\/p>\n<p><strong>Especifica\u00e7\u00f5es:<\/strong><br \/>\n&#8211; Cabo para ligar a fonte do computador \u00e0 rede el\u00e9trica<br \/>\n&#8211; Padr\u00e3o Nobo tomada de 3 pinos<br \/>\n&#8211; Com selo de aprova\u00e7\u00e3o Inmetro<br \/>\n&#8211; Bitola de 3 x 0,75mm<br \/>\n&#8211; Comprimento: 1.5 metros<br \/>\n&#8211;\u00a0Norma do Inmetro: NBR14136<\/p>\n<p>&nbsp;<\/p>\n<p><strong>Conte\u00fado da Embalagem:<\/strong><br \/>\n&#8211; 01 Cabo de For\u00e7a pc<\/p>\n<\/div>\n<div class=\"sc-80fa11ba-2 kfgnZi\" data-testid=\"InfoGarantia\">\n<div class=\"sc-80fa11ba-4 hYBkPV\"><\/div>\n<div class=\"sc-80fa11ba-3 jHwnbd\">peso:<\/div>\n<\/div>\n<div class=\"sc-80fa11ba-2 kfgnZi\" data-testid=\"InfoPeso\">\n<div class=\"sc-80fa11ba-3 jHwnbd\">152 gramas (bruto com embalagem)<\/div>\n<\/div>\n","protected":false},"excerpt":{"rendered":"<p>Caracter\u00edsticas: &#8211; Marca: MD9 &#8211; Modelo: NBR14136 &nbsp; Especifica\u00e7\u00f5es: &#8211; Cabo para ligar a fonte do computador \u00e0 rede el\u00e9trica &#8211; Padr\u00e3o Nobo tomada de 3 pinos &#8211; Com selo de aprova\u00e7\u00e3o Inmetro &#8211; Bitola de 3 x 0,75mm &#8211; Comprimento: 1.5 metros &#8211;\u00a0Norma do Inmetro: NBR14136 &nbsp; Conte\u00fado da Embalagem: &#8211; 01 Cabo de [&hellip;]\n","protected":false},"featured_media":29960,"comment_status":"open","ping_status":"closed","template":"","meta":{"_bbp_topic_count":0,"_bbp_reply_count":0,"_bbp_total_topic_count":0,"_bbp_total_reply_count":0,"_bbp_voice_count":0,"_bbp_anonymous_reply_count":0,"_bbp_topic_count_hidden":0,"_bbp_reply_count_hidden":0,"_bbp_forum_subforum_count":0,"_joinchat":[]},"product_brand":[],"product_cat":[106],"product_tag":[],"class_list":{"0":"post-29959","1":"product","2":"type-product","3":"status-publish","4":"has-post-thumbnail","6":"product_cat-cabos","8":"first","9":"instock","10":"taxable","11":"shipping-taxable","12":"purchasable","13":"product-type-simple"},"_links":{"self":[{"href":"https:\/\/www.saralinatacado.com.br\/loja\/wp-json\/wp\/v2\/product\/29959","targetHints":{"allow":["GET"]}}],"collection":[{"href":"https:\/\/www.saralinatacado.com.br\/loja\/wp-json\/wp\/v2\/product"}],"about":[{"href":"https:\/\/www.saralinatacado.com.br\/loja\/wp-json\/wp\/v2\/types\/product"}],"replies":[{"embeddable":true,"href":"https:\/\/www.saralinatacado.com.br\/loja\/wp-json\/wp\/v2\/comments?post=29959"}],"wp:featuredmedia":[{"embeddable":true,"href":"https:\/\/www.saralinatacado.com.br\/loja\/wp-json\/wp\/v2\/media\/29960"}],"wp:attachment":[{"href":"https:\/\/www.saralinatacado.com.br\/loja\/wp-json\/wp\/v2\/media?parent=29959"}],"wp:term":[{"taxonomy":"product_brand","embeddable":true,"href":"https:\/\/www.saralinatacado.com.br\/loja\/wp-json\/wp\/v2\/product_brand?post=29959"},{"taxonomy":"product_cat","embeddable":true,"href":"https:\/\/www.saralinatacado.com.br\/loja\/wp-json\/wp\/v2\/product_cat?post=29959"},{"taxonomy":"product_tag","embeddable":true,"href":"https:\/\/www.saralinatacado.com.br\/loja\/wp-json\/wp\/v2\/product_tag?post=29959"}],"curies":[{"name":"wp","href":"https:\/\/api.w.org\/{rel}","templated":true}]}}