{"id":29945,"date":"2023-10-27T12:29:39","date_gmt":"2023-10-27T12:29:39","guid":{"rendered":"https:\/\/www.saralinatacado.com.br\/loja\/?post_type=product&#038;p=29945"},"modified":"2023-10-27T12:29:39","modified_gmt":"2023-10-27T12:29:39","slug":"cabo-p2-x-p10-estereo-profissional-15-mts-auxiliar-mesa-audio","status":"publish","type":"product","link":"https:\/\/www.saralinatacado.com.br\/loja\/produto\/cabo-p2-x-p10-estereo-profissional-15-mts-auxiliar-mesa-audio\/","title":{"rendered":"Cabo P2 X P10 Est\u00e9reo Profissional 1,5 Mts Auxiliar Mesa Audio"},"content":{"rendered":"<h2 class=\"ui-pdp-description__title\">Descri\u00e7\u00e3o<\/h2>\n<p class=\"ui-pdp-description__content\">Conex\u00e3o est\u00e9reo de alta fidelidade<br \/>\nCompatibilidade ampliada com diversos dispositivos de \u00e1udio<br \/>\nVersatilidade bidirecional: P2 para P10 e P10 para P2<br \/>\nConstru\u00e7\u00e3o dur\u00e1vel com plugs de metal niquelado<br \/>\nCabo de 1,5 metros para conex\u00f5es convenientes em qualquer ambiente<\/p>\n","protected":false},"excerpt":{"rendered":"<p>Descri\u00e7\u00e3o Conex\u00e3o est\u00e9reo de alta fidelidade Compatibilidade ampliada com diversos dispositivos de \u00e1udio Versatilidade bidirecional: P2 para P10 e P10 para P2 Constru\u00e7\u00e3o dur\u00e1vel com plugs de metal niquelado Cabo de 1,5 metros para conex\u00f5es convenientes em qualquer ambiente<\/p>\n","protected":false},"featured_media":29946,"comment_status":"open","ping_status":"closed","template":"","meta":{"_bbp_topic_count":0,"_bbp_reply_count":0,"_bbp_total_topic_count":0,"_bbp_total_reply_count":0,"_bbp_voice_count":0,"_bbp_anonymous_reply_count":0,"_bbp_topic_count_hidden":0,"_bbp_reply_count_hidden":0,"_bbp_forum_subforum_count":0,"_joinchat":[]},"product_brand":[],"product_cat":[106],"product_tag":[],"class_list":{"0":"post-29945","1":"product","2":"type-product","3":"status-publish","4":"has-post-thumbnail","6":"product_cat-cabos","8":"first","9":"instock","10":"taxable","11":"shipping-taxable","12":"purchasable","13":"product-type-simple"},"_links":{"self":[{"href":"https:\/\/www.saralinatacado.com.br\/loja\/wp-json\/wp\/v2\/product\/29945","targetHints":{"allow":["GET"]}}],"collection":[{"href":"https:\/\/www.saralinatacado.com.br\/loja\/wp-json\/wp\/v2\/product"}],"about":[{"href":"https:\/\/www.saralinatacado.com.br\/loja\/wp-json\/wp\/v2\/types\/product"}],"replies":[{"embeddable":true,"href":"https:\/\/www.saralinatacado.com.br\/loja\/wp-json\/wp\/v2\/comments?post=29945"}],"wp:featuredmedia":[{"embeddable":true,"href":"https:\/\/www.saralinatacado.com.br\/loja\/wp-json\/wp\/v2\/media\/29946"}],"wp:attachment":[{"href":"https:\/\/www.saralinatacado.com.br\/loja\/wp-json\/wp\/v2\/media?parent=29945"}],"wp:term":[{"taxonomy":"product_brand","embeddable":true,"href":"https:\/\/www.saralinatacado.com.br\/loja\/wp-json\/wp\/v2\/product_brand?post=29945"},{"taxonomy":"product_cat","embeddable":true,"href":"https:\/\/www.saralinatacado.com.br\/loja\/wp-json\/wp\/v2\/product_cat?post=29945"},{"taxonomy":"product_tag","embeddable":true,"href":"https:\/\/www.saralinatacado.com.br\/loja\/wp-json\/wp\/v2\/product_tag?post=29945"}],"curies":[{"name":"wp","href":"https:\/\/api.w.org\/{rel}","templated":true}]}}