{"id":29942,"date":"2023-10-27T12:25:54","date_gmt":"2023-10-27T12:25:54","guid":{"rendered":"https:\/\/www.saralinatacado.com.br\/loja\/?post_type=product&#038;p=29942"},"modified":"2023-10-27T12:26:26","modified_gmt":"2023-10-27T12:26:26","slug":"cabo-auxiliar-p2-x-p2-estereo-1-20m","status":"publish","type":"product","link":"https:\/\/www.saralinatacado.com.br\/loja\/produto\/cabo-auxiliar-p2-x-p2-estereo-1-20m\/","title":{"rendered":"CABO AUXILIAR P2 X P2 EST\u00c9REO 1.50M"},"content":{"rendered":"<p>ESPECIFICA\u00c7\u00d5ES T\u00c9CNICAS:<br \/>\nMarca: Rohs<br \/>\nCores: Preto<br \/>\nCompat\u00edvel: PC \/ TV \/ MP3 \/ MP4 \/ iPod \/ iPad \/ R\u00e1dio \/ Caixa de Som<br \/>\nP2 macho x P2 macho<br \/>\nPontas Douradas<br \/>\nComprimento: 1.5 metros<br \/>\nPlug 3.5mm Est\u00e9reo<\/p>\n<p>ITENS INCLUSOS:<br \/>\n01 Cabo Auxiliar P2 x P2 1.5 METROS<\/p>\n","protected":false},"excerpt":{"rendered":"<p>ESPECIFICA\u00c7\u00d5ES T\u00c9CNICAS: Marca: Rohs Cores: Preto Compat\u00edvel: PC \/ TV \/ MP3 \/ MP4 \/ iPod \/ iPad \/ R\u00e1dio \/ Caixa de Som P2 macho x P2 macho Pontas Douradas Comprimento: 1.5 metros Plug 3.5mm Est\u00e9reo ITENS INCLUSOS: 01 Cabo Auxiliar P2 x P2 1.5 METROS<\/p>\n","protected":false},"featured_media":29943,"comment_status":"open","ping_status":"closed","template":"","meta":{"_bbp_topic_count":0,"_bbp_reply_count":0,"_bbp_total_topic_count":0,"_bbp_total_reply_count":0,"_bbp_voice_count":0,"_bbp_anonymous_reply_count":0,"_bbp_topic_count_hidden":0,"_bbp_reply_count_hidden":0,"_bbp_forum_subforum_count":0,"_joinchat":[]},"product_brand":[],"product_cat":[106],"product_tag":[],"class_list":{"0":"post-29942","1":"product","2":"type-product","3":"status-publish","4":"has-post-thumbnail","6":"product_cat-cabos","8":"first","9":"instock","10":"taxable","11":"shipping-taxable","12":"purchasable","13":"product-type-simple"},"_links":{"self":[{"href":"https:\/\/www.saralinatacado.com.br\/loja\/wp-json\/wp\/v2\/product\/29942","targetHints":{"allow":["GET"]}}],"collection":[{"href":"https:\/\/www.saralinatacado.com.br\/loja\/wp-json\/wp\/v2\/product"}],"about":[{"href":"https:\/\/www.saralinatacado.com.br\/loja\/wp-json\/wp\/v2\/types\/product"}],"replies":[{"embeddable":true,"href":"https:\/\/www.saralinatacado.com.br\/loja\/wp-json\/wp\/v2\/comments?post=29942"}],"wp:featuredmedia":[{"embeddable":true,"href":"https:\/\/www.saralinatacado.com.br\/loja\/wp-json\/wp\/v2\/media\/29943"}],"wp:attachment":[{"href":"https:\/\/www.saralinatacado.com.br\/loja\/wp-json\/wp\/v2\/media?parent=29942"}],"wp:term":[{"taxonomy":"product_brand","embeddable":true,"href":"https:\/\/www.saralinatacado.com.br\/loja\/wp-json\/wp\/v2\/product_brand?post=29942"},{"taxonomy":"product_cat","embeddable":true,"href":"https:\/\/www.saralinatacado.com.br\/loja\/wp-json\/wp\/v2\/product_cat?post=29942"},{"taxonomy":"product_tag","embeddable":true,"href":"https:\/\/www.saralinatacado.com.br\/loja\/wp-json\/wp\/v2\/product_tag?post=29942"}],"curies":[{"name":"wp","href":"https:\/\/api.w.org\/{rel}","templated":true}]}}