{"id":29927,"date":"2023-10-27T12:06:22","date_gmt":"2023-10-27T12:06:22","guid":{"rendered":"https:\/\/www.saralinatacado.com.br\/loja\/?post_type=product&#038;p=29927"},"modified":"2023-10-27T12:16:25","modified_gmt":"2023-10-27T12:16:25","slug":"cabo-p2-3rca-yeyi-series-1-5m-audio-e-videop2-3rca","status":"publish","type":"product","link":"https:\/\/www.saralinatacado.com.br\/loja\/produto\/cabo-p2-3rca-yeyi-series-1-5m-audio-e-videop2-3rca\/","title":{"rendered":"CABO P2 3RCA YEYI SERIES 1.5M AUDIO E VIDEOP2-3RCA"},"content":{"rendered":"<p><b>Descri\u00e7\u00e3o:<\/b><\/p>\n<p>CABO P2 3RCA YEYI SERIES 1.5M AUDIO E VIDEO P2-3RCA<\/p>\n<p>O produto que adota o cabo de v\u00eddeo blindado multicamada, dividindo o sinal de v\u00eddeo em tr\u00eas tipos de transmiss\u00e3o R, G e B, \u00e9 a linha de prop\u00f3sito especial da transmiss\u00e3o de sinal componente de DVD. Frequ\u00eancia de r\u00e1dio de TV de proje\u00e7\u00e3o de banco, fa\u00e7a a imagem ser de alta qualidade e reproduza-a perfeitamente.<\/p>\n<p>O produto adota a blindagem espec\u00edfica para interromper toda a interfer\u00eancia de alta frequ\u00eancia e eletromagn\u00e9tica, utilizando o terminal 4P que \u00e9 placa de gol 24K Para continuar a divis\u00e3o de cor e quantidade do tr\u00e1fego de v\u00eddeo. Cooperando com v\u00e1rias camadas isolantes e protetoras de &#8220;Fim PVC, deixe-os fazer a cor que sai do v\u00eddeo com mais cuidado, sensa\u00e7\u00e3o mais fina e mais rica, simultaneamente, tamb\u00e9m \u00e9 seu produto preferido se voc\u00ea buscar o aparelho de filme e TV de alta qualidade.<\/p>\n<p>Conecta o dispositivo telef\u00f4nico \u00e0 tomada da parede.<\/p>\n<p>Para uso com 1 ou 2 linhas telef\u00f4nicas. Para uso com todas as marcas de telefone.\u00a0Ideal para uso com aplicativos de telefone, fax e Internet.<\/p>\n<p>Conecte uma extremidade na tomada de parede e a outra extremidade no dispositivo de telecomunica\u00e7\u00f5es.<\/p>\n<p><b>Especifica\u00e7\u00f5es:\u00a0<\/b><\/p>\n<p>\u00bb Cabo P2-3RCA;<\/p>\n<p>\u00bb Cabo de \u00e1udio e video;<\/p>\n<p>\u00bb Comprimento do cabo: 1,5m;<\/p>\n<p>\u00bb Plugue P2: 01;<\/p>\n<p>\u00bb RCA: 03<\/p>\n<p>\u00bb Transmiss\u00e3o de alta qualidade;<\/p>\n<p>\u00bb Material do fio: PVC<\/p>\n<p>Dimens\u00f5es da Embalagem do Produto:<\/p>\n<p>\u00bb Largura: 12,9cm;<\/p>\n<p>\u00bb Altura: 20,4cm;<\/p>\n<p>\u00bb Profundidade: 1,0cm;<\/p>\n<p>\u00bb Peso do produto + Embalagem: 65g;<\/p>\n<p>\u00bb Marca: Yeyi;<\/p>\n<p>\u00bb Modelo: P2-3RCA;<\/p>\n<p>\u00bb Cor: Azul;<\/p>\n","protected":false},"excerpt":{"rendered":"<p>Descri\u00e7\u00e3o: CABO P2 3RCA YEYI SERIES 1.5M AUDIO E VIDEO P2-3RCA O produto que adota o cabo de v\u00eddeo blindado multicamada, dividindo o sinal de v\u00eddeo em tr\u00eas tipos de transmiss\u00e3o R, G e B, \u00e9 a linha de prop\u00f3sito especial da transmiss\u00e3o de sinal componente de DVD. Frequ\u00eancia de r\u00e1dio de TV de proje\u00e7\u00e3o [&hellip;]\n","protected":false},"featured_media":29928,"comment_status":"open","ping_status":"closed","template":"","meta":{"_bbp_topic_count":0,"_bbp_reply_count":0,"_bbp_total_topic_count":0,"_bbp_total_reply_count":0,"_bbp_voice_count":0,"_bbp_anonymous_reply_count":0,"_bbp_topic_count_hidden":0,"_bbp_reply_count_hidden":0,"_bbp_forum_subforum_count":0,"_joinchat":[]},"product_brand":[],"product_cat":[106],"product_tag":[],"class_list":{"0":"post-29927","1":"product","2":"type-product","3":"status-publish","4":"has-post-thumbnail","6":"product_cat-cabos","8":"first","9":"instock","10":"taxable","11":"shipping-taxable","12":"purchasable","13":"product-type-simple"},"_links":{"self":[{"href":"https:\/\/www.saralinatacado.com.br\/loja\/wp-json\/wp\/v2\/product\/29927","targetHints":{"allow":["GET"]}}],"collection":[{"href":"https:\/\/www.saralinatacado.com.br\/loja\/wp-json\/wp\/v2\/product"}],"about":[{"href":"https:\/\/www.saralinatacado.com.br\/loja\/wp-json\/wp\/v2\/types\/product"}],"replies":[{"embeddable":true,"href":"https:\/\/www.saralinatacado.com.br\/loja\/wp-json\/wp\/v2\/comments?post=29927"}],"wp:featuredmedia":[{"embeddable":true,"href":"https:\/\/www.saralinatacado.com.br\/loja\/wp-json\/wp\/v2\/media\/29928"}],"wp:attachment":[{"href":"https:\/\/www.saralinatacado.com.br\/loja\/wp-json\/wp\/v2\/media?parent=29927"}],"wp:term":[{"taxonomy":"product_brand","embeddable":true,"href":"https:\/\/www.saralinatacado.com.br\/loja\/wp-json\/wp\/v2\/product_brand?post=29927"},{"taxonomy":"product_cat","embeddable":true,"href":"https:\/\/www.saralinatacado.com.br\/loja\/wp-json\/wp\/v2\/product_cat?post=29927"},{"taxonomy":"product_tag","embeddable":true,"href":"https:\/\/www.saralinatacado.com.br\/loja\/wp-json\/wp\/v2\/product_tag?post=29927"}],"curies":[{"name":"wp","href":"https:\/\/api.w.org\/{rel}","templated":true}]}}