{"id":29916,"date":"2023-10-26T18:52:36","date_gmt":"2023-10-26T18:52:36","guid":{"rendered":"https:\/\/www.saralinatacado.com.br\/loja\/?post_type=product&#038;p=29916"},"modified":"2023-10-26T18:52:36","modified_gmt":"2023-10-26T18:52:36","slug":"camera-ip-wifi-1080p-gira-320-ptz-dome-prova-de-agua-hd-sistema-icsee","status":"publish","type":"product","link":"https:\/\/www.saralinatacado.com.br\/loja\/produto\/camera-ip-wifi-1080p-gira-320-ptz-dome-prova-de-agua-hd-sistema-icsee\/","title":{"rendered":"C\u00e2mera Ip Wifi 1080p Gira 320\u00b0 Ptz Dome Prova De \u00c1gua Hd Sistema Icsee"},"content":{"rendered":"<h2 class=\"ui-pdp-description__title\">Descri\u00e7\u00e3o<\/h2>\n<p class=\"ui-pdp-description__content\">Instale apenas 1 c\u00e2mera para monitorar toda a frente de sua casa e tenha Acesso remoto pelo celular de qualquer lugar do mundo com a c\u00e2mera de Seguran\u00e7a<\/p>\n<p>Caso fique off line, so resetar a camera que volta normalmente.( ocorre isso por conta da instabilidade da internet que \u00e9 conectada a camera )<\/p>\n<p>N\u00e3o precisa ascender os leds<\/p>\n<p>Agora voc\u00ea pode ter em sua casa, escrit\u00f3rio, casa na praia, com\u00e9rcio onde voc\u00ea quiser, uma c\u00e2mera de seguran\u00e7a poderosa com uma qualidade de imagem em HD.<\/p>\n<p>Caracter\u00edsticas Principais:<\/p>\n<p>-Suporta at\u00e9 8 celulares conectados (N\u00e3o \u00e9 simult\u00e2neo)<\/p>\n<p>-Acesse as imagens ao vivo de qualquer celular atrav\u00e9s do App<\/p>\n<p>-Navega\u00e7\u00e3o Panor\u00e2mica &#8211; Ela filma em uma angula\u00e7\u00e3o de 360\u00b0 graus<\/p>\n<p>&#8211; Com Sensor de Movimento Autom\u00e1tico &#8211; Ela segue o Movimento<\/p>\n<p>-Formato do V\u00eddeo- HD 1MP \/ 1.3MP \/ 2MP<\/p>\n<p>-Recep\u00e7\u00e3o de Sinal IP Wifi<\/p>\n<p>-Microfone de Entrada Embutido &#8211; Atrav\u00e9s do microfone localizado no interior da c\u00e2mera, voc\u00ea consegue escutar e falar por meio do app em seu celular.<\/p>\n<p>-A Prova d&#8217;\u00c1gua<\/p>\n<p>-Fun\u00e7\u00e3o de Armazenamento em Nuvem (Cloud)<\/p>\n<p>-Suporta Cart\u00e3o de Mem\u00f3ria de at\u00e9 128Gb (Cerca de 1 a 2 meses de grava\u00e7\u00e3o, dependendo das horas de filmagem)<\/p>\n<p>&#8211; Vis\u00e3o Noturna IR Cut atrav\u00e9s do interruptor de controle de contraste da imagem<\/p>\n<p>&#8211; Sensor Infravermelho LED de Alta Pot\u00eancia<\/p>\n<p>&#8211; Distancia de vis\u00e3o noturna de at\u00e9 10 metros<\/p>\n<p>-Gira Horizontal 360 graus, gira Vertical 100 graus<\/p>\n<p>-Fun\u00e7\u00e3o Alarme e Reprodu\u00e7\u00e3o<\/p>\n<p>-Bivolt (110v\/220v)<\/p>\n<p>&#8211; Fonte de Alimenta\u00e7\u00e3o 12v<\/p>\n<p>&#8211; Peso: 400g<\/p>\n<p>&#8211; Medidas: 16 altura x 10 largura x 10 comprimento<\/p>\n<p>Comprando a C\u00e2mera de Seguran\u00e7a Ip Externa Rotativa Dome HD 1080p Wifi Vis\u00e3o Noturna voc\u00ea estar\u00e1 levando junto:,<\/p>\n<p>-1 C\u00e2mera<\/p>\n<p>-1 Fonte de Alimenta\u00e7\u00e3o 12v<\/p>\n<p>-1 Kit de Parafusos<\/p>\n<p>-1 Manual de Instru\u00e7\u00f5es<br \/>\nHOMOLOGADO PELA ANATEL<\/p>\n","protected":false},"excerpt":{"rendered":"<p>Descri\u00e7\u00e3o Instale apenas 1 c\u00e2mera para monitorar toda a frente de sua casa e tenha Acesso remoto pelo celular de qualquer lugar do mundo com a c\u00e2mera de Seguran\u00e7a Caso fique off line, so resetar a camera que volta normalmente.( ocorre isso por conta da instabilidade da internet que \u00e9 conectada a camera ) N\u00e3o [&hellip;]\n","protected":false},"featured_media":29917,"comment_status":"open","ping_status":"closed","template":"","meta":{"_bbp_topic_count":0,"_bbp_reply_count":0,"_bbp_total_topic_count":0,"_bbp_total_reply_count":0,"_bbp_voice_count":0,"_bbp_anonymous_reply_count":0,"_bbp_topic_count_hidden":0,"_bbp_reply_count_hidden":0,"_bbp_forum_subforum_count":0,"_joinchat":[]},"product_brand":[],"product_cat":[104],"product_tag":[],"class_list":{"0":"post-29916","1":"product","2":"type-product","3":"status-publish","4":"has-post-thumbnail","6":"product_cat-cameras-de-seguranca","8":"first","9":"instock","10":"taxable","11":"shipping-taxable","12":"purchasable","13":"product-type-simple"},"_links":{"self":[{"href":"https:\/\/www.saralinatacado.com.br\/loja\/wp-json\/wp\/v2\/product\/29916","targetHints":{"allow":["GET"]}}],"collection":[{"href":"https:\/\/www.saralinatacado.com.br\/loja\/wp-json\/wp\/v2\/product"}],"about":[{"href":"https:\/\/www.saralinatacado.com.br\/loja\/wp-json\/wp\/v2\/types\/product"}],"replies":[{"embeddable":true,"href":"https:\/\/www.saralinatacado.com.br\/loja\/wp-json\/wp\/v2\/comments?post=29916"}],"wp:featuredmedia":[{"embeddable":true,"href":"https:\/\/www.saralinatacado.com.br\/loja\/wp-json\/wp\/v2\/media\/29917"}],"wp:attachment":[{"href":"https:\/\/www.saralinatacado.com.br\/loja\/wp-json\/wp\/v2\/media?parent=29916"}],"wp:term":[{"taxonomy":"product_brand","embeddable":true,"href":"https:\/\/www.saralinatacado.com.br\/loja\/wp-json\/wp\/v2\/product_brand?post=29916"},{"taxonomy":"product_cat","embeddable":true,"href":"https:\/\/www.saralinatacado.com.br\/loja\/wp-json\/wp\/v2\/product_cat?post=29916"},{"taxonomy":"product_tag","embeddable":true,"href":"https:\/\/www.saralinatacado.com.br\/loja\/wp-json\/wp\/v2\/product_tag?post=29916"}],"curies":[{"name":"wp","href":"https:\/\/api.w.org\/{rel}","templated":true}]}}