{"id":29909,"date":"2023-10-26T18:44:47","date_gmt":"2023-10-26T18:44:47","guid":{"rendered":"https:\/\/www.saralinatacado.com.br\/loja\/?post_type=product&#038;p=29909"},"modified":"2023-10-26T18:44:47","modified_gmt":"2023-10-26T18:44:47","slug":"caixinha-som-portatil-camaro-radio-fm-usb-sd-p2-bluetooth","status":"publish","type":"product","link":"https:\/\/www.saralinatacado.com.br\/loja\/produto\/caixinha-som-portatil-camaro-radio-fm-usb-sd-p2-bluetooth\/","title":{"rendered":"Caixinha Som Port\u00e1til Camaro R\u00e1dio Fm Usb Sd P2 Bluetooth"},"content":{"rendered":"<p>Caixinha Som Port\u00e1til Camaro R\u00e1dio Fm Usb Sd P2 Bluetooth<\/p>\n<p>Descri\u00e7\u00e3o<\/p>\n<p>Caixa Caixinha Som Camaro Bluetooth Usb Fm<\/p>\n<p>Possui um tamanho compacto e produz um som potente de excelente qualidade.<\/p>\n<p>Entrada para Cart\u00e3o Micro sd, usb, Pen Drive compat\u00edvel com formato MP3, R\u00e1dio fm Digital e Bluetooth.<\/p>\n","protected":false},"excerpt":{"rendered":"<p>Caixinha Som Port\u00e1til Camaro R\u00e1dio Fm Usb Sd P2 Bluetooth Descri\u00e7\u00e3o Caixa Caixinha Som Camaro Bluetooth Usb Fm Possui um tamanho compacto e produz um som potente de excelente qualidade. Entrada para Cart\u00e3o Micro sd, usb, Pen Drive compat\u00edvel com formato MP3, R\u00e1dio fm Digital e Bluetooth.<\/p>\n","protected":false},"featured_media":29911,"comment_status":"open","ping_status":"closed","template":"","meta":{"_bbp_topic_count":0,"_bbp_reply_count":0,"_bbp_total_topic_count":0,"_bbp_total_reply_count":0,"_bbp_voice_count":0,"_bbp_anonymous_reply_count":0,"_bbp_topic_count_hidden":0,"_bbp_reply_count_hidden":0,"_bbp_forum_subforum_count":0,"_joinchat":[]},"product_brand":[],"product_cat":[101],"product_tag":[],"class_list":{"0":"post-29909","1":"product","2":"type-product","3":"status-publish","4":"has-post-thumbnail","6":"product_cat-radios","8":"first","9":"instock","10":"taxable","11":"shipping-taxable","12":"purchasable","13":"product-type-simple"},"_links":{"self":[{"href":"https:\/\/www.saralinatacado.com.br\/loja\/wp-json\/wp\/v2\/product\/29909","targetHints":{"allow":["GET"]}}],"collection":[{"href":"https:\/\/www.saralinatacado.com.br\/loja\/wp-json\/wp\/v2\/product"}],"about":[{"href":"https:\/\/www.saralinatacado.com.br\/loja\/wp-json\/wp\/v2\/types\/product"}],"replies":[{"embeddable":true,"href":"https:\/\/www.saralinatacado.com.br\/loja\/wp-json\/wp\/v2\/comments?post=29909"}],"wp:featuredmedia":[{"embeddable":true,"href":"https:\/\/www.saralinatacado.com.br\/loja\/wp-json\/wp\/v2\/media\/29911"}],"wp:attachment":[{"href":"https:\/\/www.saralinatacado.com.br\/loja\/wp-json\/wp\/v2\/media?parent=29909"}],"wp:term":[{"taxonomy":"product_brand","embeddable":true,"href":"https:\/\/www.saralinatacado.com.br\/loja\/wp-json\/wp\/v2\/product_brand?post=29909"},{"taxonomy":"product_cat","embeddable":true,"href":"https:\/\/www.saralinatacado.com.br\/loja\/wp-json\/wp\/v2\/product_cat?post=29909"},{"taxonomy":"product_tag","embeddable":true,"href":"https:\/\/www.saralinatacado.com.br\/loja\/wp-json\/wp\/v2\/product_tag?post=29909"}],"curies":[{"name":"wp","href":"https:\/\/api.w.org\/{rel}","templated":true}]}}