{"id":29905,"date":"2023-10-26T18:39:42","date_gmt":"2023-10-26T18:39:42","guid":{"rendered":"https:\/\/www.saralinatacado.com.br\/loja\/?post_type=product&#038;p=29905"},"modified":"2023-10-26T18:39:42","modified_gmt":"2023-10-26T18:39:42","slug":"xtrad-caixa-de-som-bluetooth-multimidia-usb-auxiliar-p2-card-sd-radio-fm-ws-1618","status":"publish","type":"product","link":"https:\/\/www.saralinatacado.com.br\/loja\/produto\/xtrad-caixa-de-som-bluetooth-multimidia-usb-auxiliar-p2-card-sd-radio-fm-ws-1618\/","title":{"rendered":"Xtrad Caixa De Som Bluetooth Multim\u00eddia Usb Auxiliar P2 Card Sd R\u00e1dio Fm WS-1618"},"content":{"rendered":"<p>Especifica\u00e7\u00f5es:<br \/>\n&#8211; M\u00faltiplo de venda: 1 Unidade<br \/>\n&#8211; Master: 1 Unidade<br \/>\n&#8211; Composi\u00e7\u00e3o: Pl\u00e1stico, Componentes Eletr\u00f4nicos<br \/>\n&#8211; Peso: 8kg<br \/>\n&#8211; Tipo de fone de energia: Cabo com fonte AC<br \/>\n&#8211; Equalizador: Manual e Digital<br \/>\n&#8211; Com rodinha: N\u00e3o<br \/>\n&#8211; Com al\u00e7a: N\u00e3o<br \/>\n&#8211; Com microfone: N\u00e3o<br \/>\n&#8211; Fun\u00e7\u00e3o TWS: N\u00e3o<br \/>\n&#8211; Conex\u00e3o: USB, AUX, BLUETOOTH<br \/>\n&#8211; R\u00e1dio: N\u00e3o<br \/>\n&#8211; Pot\u00eancia (watts): 1.000<br \/>\n&#8211; RMS: AC 70, DC 40<br \/>\n&#8211; Acompanha: Controle remoto, cabo e manual<br \/>\n&#8211; Bluetooth: 5.0<br \/>\n&#8211; Bateria (tempo de carregamento): 4 horas<br \/>\n&#8211; Cabo: 1,50m<br \/>\n&#8211; Capacidade de bateria: 4.000 mAh<br \/>\n&#8211; Dimens\u00f5es (A x L x C): 71cm x 30cm x 30cm<br \/>\n&#8211; Frequ\u00eancia: 40Hz &#8211; 18KHz<br \/>\n&#8211; Fun\u00e7\u00e3o Karaok\u00ea: Sim<br \/>\n&#8211; Fun\u00e7\u00e3o REC: Sim<br \/>\n&#8211; LED: 3 Modos LED<br \/>\n&#8211; Rela\u00e7\u00e3o sinal-ru\u00eddo: \u2265 80dB<br \/>\n&#8211; Tens\u00e3o: 11.1V<br \/>\n&#8211; Tempo M\u00e1x. de Reprodu\u00e7\u00e3o: 4 horas com o volume a 50%<\/p>\n","protected":false},"excerpt":{"rendered":"<p>Especifica\u00e7\u00f5es: &#8211; M\u00faltiplo de venda: 1 Unidade &#8211; Master: 1 Unidade &#8211; Composi\u00e7\u00e3o: Pl\u00e1stico, Componentes Eletr\u00f4nicos &#8211; Peso: 8kg &#8211; Tipo de fone de energia: Cabo com fonte AC &#8211; Equalizador: Manual e Digital &#8211; Com rodinha: N\u00e3o &#8211; Com al\u00e7a: N\u00e3o &#8211; Com microfone: N\u00e3o &#8211; Fun\u00e7\u00e3o TWS: N\u00e3o &#8211; Conex\u00e3o: USB, AUX, BLUETOOTH [&hellip;]\n","protected":false},"featured_media":29908,"comment_status":"open","ping_status":"closed","template":"","meta":{"_bbp_topic_count":0,"_bbp_reply_count":0,"_bbp_total_topic_count":0,"_bbp_total_reply_count":0,"_bbp_voice_count":0,"_bbp_anonymous_reply_count":0,"_bbp_topic_count_hidden":0,"_bbp_reply_count_hidden":0,"_bbp_forum_subforum_count":0,"_joinchat":[]},"product_brand":[],"product_cat":[101],"product_tag":[],"class_list":{"0":"post-29905","1":"product","2":"type-product","3":"status-publish","4":"has-post-thumbnail","6":"product_cat-radios","8":"first","9":"instock","10":"taxable","11":"shipping-taxable","12":"purchasable","13":"product-type-simple"},"_links":{"self":[{"href":"https:\/\/www.saralinatacado.com.br\/loja\/wp-json\/wp\/v2\/product\/29905","targetHints":{"allow":["GET"]}}],"collection":[{"href":"https:\/\/www.saralinatacado.com.br\/loja\/wp-json\/wp\/v2\/product"}],"about":[{"href":"https:\/\/www.saralinatacado.com.br\/loja\/wp-json\/wp\/v2\/types\/product"}],"replies":[{"embeddable":true,"href":"https:\/\/www.saralinatacado.com.br\/loja\/wp-json\/wp\/v2\/comments?post=29905"}],"wp:featuredmedia":[{"embeddable":true,"href":"https:\/\/www.saralinatacado.com.br\/loja\/wp-json\/wp\/v2\/media\/29908"}],"wp:attachment":[{"href":"https:\/\/www.saralinatacado.com.br\/loja\/wp-json\/wp\/v2\/media?parent=29905"}],"wp:term":[{"taxonomy":"product_brand","embeddable":true,"href":"https:\/\/www.saralinatacado.com.br\/loja\/wp-json\/wp\/v2\/product_brand?post=29905"},{"taxonomy":"product_cat","embeddable":true,"href":"https:\/\/www.saralinatacado.com.br\/loja\/wp-json\/wp\/v2\/product_cat?post=29905"},{"taxonomy":"product_tag","embeddable":true,"href":"https:\/\/www.saralinatacado.com.br\/loja\/wp-json\/wp\/v2\/product_tag?post=29905"}],"curies":[{"name":"wp","href":"https:\/\/api.w.org\/{rel}","templated":true}]}}