{"id":29897,"date":"2023-10-26T17:51:49","date_gmt":"2023-10-26T17:51:49","guid":{"rendered":"https:\/\/www.saralinatacado.com.br\/loja\/?post_type=product&#038;p=29897"},"modified":"2023-10-26T17:51:49","modified_gmt":"2023-10-26T17:51:49","slug":"caixa-de-som-portatil-wheel-led-controle-remoto-multimidia-500w-letron","status":"publish","type":"product","link":"https:\/\/www.saralinatacado.com.br\/loja\/produto\/caixa-de-som-portatil-wheel-led-controle-remoto-multimidia-500w-letron\/","title":{"rendered":"Caixa De Som Portatil Wheel Led Controle Remoto Multimidia 500W Letron"},"content":{"rendered":"<div class=\"product-details-description\">\n<h4 class=\"product-details-description__titulo\">DESCRI\u00c7\u00c3O DO PRODUTO<\/h4>\n<div class=\"productDescription\"><strong>Som na caixa e bora pra pista? Aqui, literalmente, pois a Caixa de Som Port\u00e1til TWS Recarreg\u00e1vel LED Wheel Letron tem rodinhas para levar pra l\u00e1 e pra c\u00e1.<\/strong><\/p>\n<p>Para as pistas de dan\u00e7a ficarem mais animadas, esta caixa de som conta com pot\u00eancia de 500W, rodinhas e al\u00e7a de m\u00e3o, para levar com voc\u00ea pra casa de praia, casa dos amigos ou at\u00e9 mesmo circular pelos c\u00f4modos de casa.<\/p>\n<p>Tem bot\u00f5es de controle, controle remoto e luzes de LED, t\u00e1 achando muito, nada disso, vem ver mais:<\/p>\n<p>&#8211; Duplo alto-falante: com pot\u00eancia de 500W de pura qualidade sonora;<\/p>\n<p>&#8211; Design moderno e port\u00e1til: com rodinhas traseiras e al\u00e7a retr\u00e1til, que facilitam a locomo\u00e7\u00e3o;<\/p>\n<p>&#8211; Entrada compat\u00edvel para microfone (n\u00e3o incluso): perfeito para uma sess\u00e3o karaok\u00ea;<\/p>\n<p>&#8211; R\u00e1dio FM: para ouvir a sua esta\u00e7\u00e3o preferida;<\/p>\n<p>&#8211; Compat\u00edvel com diversos modos de conex\u00e3o: cabo AUX (P3), USB, Bluetooth, Micro SD e R\u00e1dio FM;<\/p>\n<p>&#8211; Controle remoto: pra operar os comandos sem precisar sair do lugar;<\/p>\n<p>&#8211; Bateria recarreg\u00e1vel: pra levar sua festa por onde for;<\/p>\n<p>&#8211; Ilumina\u00e7\u00e3o LED: para deixar o ambiente ainda mais animado.\n<\/p><\/div>\n<\/div>\n<div class=\"product-details-especification\">\n<h4 class=\"product-details-especification__titulo\">DETALHES DO PRODUTO<\/h4>\n<div id=\"caracteristicas\">\n<table class=\"group Especificacoes\" cellspacing=\"0\">\n<tbody>\n<tr class=\"even\">\n<th class=\"name-field Dimensoes\">Dimens\u00f5es<\/th>\n<td class=\"value-field Dimensoes\">39x32x60cm<\/td>\n<\/tr>\n<tr>\n<th class=\"name-field Peso\">Peso<\/th>\n<td class=\"value-field Peso\">5,3kg<\/td>\n<\/tr>\n<tr class=\"even\">\n<th class=\"name-field Tipo-de-fone-de-energia\">Tipo de fone de energia<\/th>\n<td class=\"value-field Tipo-de-fone-de-energia\">Cabo de energia<\/td>\n<\/tr>\n<tr>\n<th class=\"name-field Equalizador\">Equalizador<\/th>\n<td class=\"value-field Equalizador\">Manual e digital<\/td>\n<\/tr>\n<tr class=\"even\">\n<th class=\"name-field Com-rodinha\">Com rodinha<\/th>\n<td class=\"value-field Com-rodinha\">sim<\/td>\n<\/tr>\n<tr>\n<th class=\"name-field Com-alca\">Com al\u00e7a<\/th>\n<td class=\"value-field Com-alca\">sim<\/td>\n<\/tr>\n<tr class=\"even\">\n<th class=\"name-field Com-microfone\">Com microfone<\/th>\n<td class=\"value-field Com-microfone\">n\u00e3o<\/td>\n<\/tr>\n<tr>\n<th class=\"name-field Funcao-TWS\">Fun\u00e7\u00e3o TWS<\/th>\n<td class=\"value-field Funcao-TWS\">n\u00e3o<\/td>\n<\/tr>\n<tr class=\"even\">\n<th class=\"name-field Funcao-REC\">Fun\u00e7\u00e3o REC<\/th>\n<td class=\"value-field Funcao-REC\">sim<\/td>\n<\/tr>\n<tr>\n<th class=\"name-field Acompanha\">Acompanha<\/th>\n<td class=\"value-field Acompanha\">Controle remoto, cabo e manual<\/td>\n<\/tr>\n<tr class=\"even\">\n<th class=\"name-field Composicao\">Composi\u00e7\u00e3o<\/th>\n<td class=\"value-field Composicao\">Pl\u00e1stico, Componentes Eletr\u00f4nicos<\/td>\n<\/tr>\n<tr>\n<th class=\"name-field Conexao\">Conex\u00e3o<\/th>\n<td class=\"value-field Conexao\">USB, AUX, BLUETOOTH, MICRO SD e R\u00e1dio FM<\/td>\n<\/tr>\n<tr class=\"even\">\n<th class=\"name-field Bluetooth\">Bluetooth<\/th>\n<td class=\"value-field Bluetooth\">5.0<\/td>\n<\/tr>\n<tr>\n<th class=\"name-field Bateria--tempo-de-carregamento-\">Bateria ( tempo de carregamento)<\/th>\n<td class=\"value-field Bateria--tempo-de-carregamento-\">7h<\/td>\n<\/tr>\n<tr class=\"even\">\n<th class=\"name-field Cabo\">Cabo<\/th>\n<td class=\"value-field Cabo\">1,20m<\/td>\n<\/tr>\n<tr>\n<th class=\"name-field Capacidade-de-bateria\">Capacidade de bateria<\/th>\n<td class=\"value-field Capacidade-de-bateria\">1.800 mAh<\/td>\n<\/tr>\n<tr class=\"even\">\n<th class=\"name-field Dimensoes-A-x-L-x-C\">Dimens\u00f5es A x L x C<\/th>\n<td class=\"value-field Dimensoes-A-x-L-x-C\">60cmx36,5cmx60cm<\/td>\n<\/tr>\n<tr>\n<th class=\"name-field frequencia\">frequ\u00eancia<\/th>\n<td class=\"value-field frequencia\">60Hz-18KHz<\/td>\n<\/tr>\n<tr class=\"even\">\n<th class=\"name-field Funcao-Karaoke\">Fun\u00e7\u00e3o Karaok\u00ea<\/th>\n<td class=\"value-field Funcao-Karaoke\">sim<\/td>\n<\/tr>\n<tr>\n<th class=\"name-field Led\">Led<\/th>\n<td class=\"value-field Led\">1 modo LED<\/td>\n<\/tr>\n<tr class=\"even\">\n<th class=\"name-field Potencia-watts-\">Pot\u00eancia (watts)<\/th>\n<td class=\"value-field Potencia-watts-\">500<\/td>\n<\/tr>\n<tr>\n<th class=\"name-field RMS\">RMS<\/th>\n<td class=\"value-field RMS\">15<\/td>\n<\/tr>\n<tr class=\"even\">\n<th class=\"name-field Relacao-sinal-ruido\">Rela\u00e7\u00e3o sinal-ru\u00eddo<\/th>\n<td class=\"value-field Relacao-sinal-ruido\">\u226575db<\/td>\n<\/tr>\n<tr>\n<th class=\"name-field Tensao\">Tens\u00e3o<\/th>\n<td class=\"value-field Tensao\">DC 9V<\/td>\n<\/tr>\n<tr class=\"even\">\n<th class=\"name-field Tempo-Max-de-Reproducao\">Tempo M\u00e1x. de Reprodu\u00e7\u00e3o<\/th>\n<td class=\"value-field Tempo-Max-de-Reproducao\">2:30h<\/td>\n<\/tr>\n<\/tbody>\n<\/table>\n<\/div>\n<\/div>\n","protected":false},"excerpt":{"rendered":"<p>DESCRI\u00c7\u00c3O DO PRODUTO Som na caixa e bora pra pista? Aqui, literalmente, pois a Caixa de Som Port\u00e1til TWS Recarreg\u00e1vel LED Wheel Letron tem rodinhas para levar pra l\u00e1 e pra c\u00e1. Para as pistas de dan\u00e7a ficarem mais animadas, esta caixa de som conta com pot\u00eancia de 500W, rodinhas e al\u00e7a de m\u00e3o, para [&hellip;]\n","protected":false},"featured_media":29898,"comment_status":"open","ping_status":"closed","template":"","meta":{"_bbp_topic_count":0,"_bbp_reply_count":0,"_bbp_total_topic_count":0,"_bbp_total_reply_count":0,"_bbp_voice_count":0,"_bbp_anonymous_reply_count":0,"_bbp_topic_count_hidden":0,"_bbp_reply_count_hidden":0,"_bbp_forum_subforum_count":0,"_joinchat":[]},"product_brand":[],"product_cat":[101],"product_tag":[],"class_list":{"0":"post-29897","1":"product","2":"type-product","3":"status-publish","4":"has-post-thumbnail","6":"product_cat-radios","8":"first","9":"instock","10":"taxable","11":"shipping-taxable","12":"purchasable","13":"product-type-simple"},"_links":{"self":[{"href":"https:\/\/www.saralinatacado.com.br\/loja\/wp-json\/wp\/v2\/product\/29897","targetHints":{"allow":["GET"]}}],"collection":[{"href":"https:\/\/www.saralinatacado.com.br\/loja\/wp-json\/wp\/v2\/product"}],"about":[{"href":"https:\/\/www.saralinatacado.com.br\/loja\/wp-json\/wp\/v2\/types\/product"}],"replies":[{"embeddable":true,"href":"https:\/\/www.saralinatacado.com.br\/loja\/wp-json\/wp\/v2\/comments?post=29897"}],"wp:featuredmedia":[{"embeddable":true,"href":"https:\/\/www.saralinatacado.com.br\/loja\/wp-json\/wp\/v2\/media\/29898"}],"wp:attachment":[{"href":"https:\/\/www.saralinatacado.com.br\/loja\/wp-json\/wp\/v2\/media?parent=29897"}],"wp:term":[{"taxonomy":"product_brand","embeddable":true,"href":"https:\/\/www.saralinatacado.com.br\/loja\/wp-json\/wp\/v2\/product_brand?post=29897"},{"taxonomy":"product_cat","embeddable":true,"href":"https:\/\/www.saralinatacado.com.br\/loja\/wp-json\/wp\/v2\/product_cat?post=29897"},{"taxonomy":"product_tag","embeddable":true,"href":"https:\/\/www.saralinatacado.com.br\/loja\/wp-json\/wp\/v2\/product_tag?post=29897"}],"curies":[{"name":"wp","href":"https:\/\/api.w.org\/{rel}","templated":true}]}}