{"id":29893,"date":"2023-10-26T17:44:25","date_gmt":"2023-10-26T17:44:25","guid":{"rendered":"https:\/\/www.saralinatacado.com.br\/loja\/?post_type=product&#038;p=29893"},"modified":"2023-10-26T17:44:25","modified_gmt":"2023-10-26T17:44:25","slug":"caixa-de-som-super-20w-rgb-entrada-microfone-grasep-d-6112","status":"publish","type":"product","link":"https:\/\/www.saralinatacado.com.br\/loja\/produto\/caixa-de-som-super-20w-rgb-entrada-microfone-grasep-d-6112\/","title":{"rendered":"Caixa de Som Super 20W rgb Entrada Microfone Grasep D-6112"},"content":{"rendered":"<p>NFORMA\u00c7\u00d5ES T\u00c9CNICAS:<br \/>\nMarca: Grasep \/ Modelo: D-6112<br \/>\nPot\u00eancia: 10W RMS<br \/>\nPlaca: 3D-044<br \/>\nAlimenta\u00e7\u00e3o: 5Vdc (Via Porta USB)<br \/>\nCapacidade da Bateria Interna: 1800mAh<br \/>\nFrequ\u00eancia e Resposta: 80Hz~20KHz<br \/>\nImped\u00e2ncia: 3 Ohms<br \/>\nSensibilidade: Maior ou Igual 80dB<br \/>\nDi\u00e2metro do ALto-Falante: 7.62cm<br \/>\nDimens\u00f5es: 13.4cm x 12.4cm x 17.6cm (CxLxA)<br \/>\nPeso: 550g<\/p>\n<p>Conte\u00fado da Embalagem:<br \/>\n1 Aparelho Receptor de Radiodifus\u00e3o D-3140<br \/>\n1 Cabo USB x Micro-USB<br \/>\n1 Manual de Instru\u00e7\u00f5es<br \/>\n1 Caixa\/embalagem<\/p>\n","protected":false},"excerpt":{"rendered":"<p>NFORMA\u00c7\u00d5ES T\u00c9CNICAS: Marca: Grasep \/ Modelo: D-6112 Pot\u00eancia: 10W RMS Placa: 3D-044 Alimenta\u00e7\u00e3o: 5Vdc (Via Porta USB) Capacidade da Bateria Interna: 1800mAh Frequ\u00eancia e Resposta: 80Hz~20KHz Imped\u00e2ncia: 3 Ohms Sensibilidade: Maior ou Igual 80dB Di\u00e2metro do ALto-Falante: 7.62cm Dimens\u00f5es: 13.4cm x 12.4cm x 17.6cm (CxLxA) Peso: 550g Conte\u00fado da Embalagem: 1 Aparelho Receptor de Radiodifus\u00e3o [&hellip;]\n","protected":false},"featured_media":29894,"comment_status":"open","ping_status":"closed","template":"","meta":{"_bbp_topic_count":0,"_bbp_reply_count":0,"_bbp_total_topic_count":0,"_bbp_total_reply_count":0,"_bbp_voice_count":0,"_bbp_anonymous_reply_count":0,"_bbp_topic_count_hidden":0,"_bbp_reply_count_hidden":0,"_bbp_forum_subforum_count":0,"_joinchat":[]},"product_brand":[],"product_cat":[101],"product_tag":[],"class_list":{"0":"post-29893","1":"product","2":"type-product","3":"status-publish","4":"has-post-thumbnail","6":"product_cat-radios","8":"first","9":"instock","10":"taxable","11":"shipping-taxable","12":"purchasable","13":"product-type-simple"},"_links":{"self":[{"href":"https:\/\/www.saralinatacado.com.br\/loja\/wp-json\/wp\/v2\/product\/29893","targetHints":{"allow":["GET"]}}],"collection":[{"href":"https:\/\/www.saralinatacado.com.br\/loja\/wp-json\/wp\/v2\/product"}],"about":[{"href":"https:\/\/www.saralinatacado.com.br\/loja\/wp-json\/wp\/v2\/types\/product"}],"replies":[{"embeddable":true,"href":"https:\/\/www.saralinatacado.com.br\/loja\/wp-json\/wp\/v2\/comments?post=29893"}],"wp:featuredmedia":[{"embeddable":true,"href":"https:\/\/www.saralinatacado.com.br\/loja\/wp-json\/wp\/v2\/media\/29894"}],"wp:attachment":[{"href":"https:\/\/www.saralinatacado.com.br\/loja\/wp-json\/wp\/v2\/media?parent=29893"}],"wp:term":[{"taxonomy":"product_brand","embeddable":true,"href":"https:\/\/www.saralinatacado.com.br\/loja\/wp-json\/wp\/v2\/product_brand?post=29893"},{"taxonomy":"product_cat","embeddable":true,"href":"https:\/\/www.saralinatacado.com.br\/loja\/wp-json\/wp\/v2\/product_cat?post=29893"},{"taxonomy":"product_tag","embeddable":true,"href":"https:\/\/www.saralinatacado.com.br\/loja\/wp-json\/wp\/v2\/product_tag?post=29893"}],"curies":[{"name":"wp","href":"https:\/\/api.w.org\/{rel}","templated":true}]}}