{"id":29890,"date":"2023-10-26T17:32:11","date_gmt":"2023-10-26T17:32:11","guid":{"rendered":"https:\/\/www.saralinatacado.com.br\/loja\/?post_type=product&#038;p=29890"},"modified":"2023-10-26T17:32:11","modified_gmt":"2023-10-26T17:32:11","slug":"caixa-de-som-bluetooth-portatil-com-microfone-potente-kimiso","status":"publish","type":"product","link":"https:\/\/www.saralinatacado.com.br\/loja\/produto\/caixa-de-som-bluetooth-portatil-com-microfone-potente-kimiso\/","title":{"rendered":"Caixa De Som Bluetooth portatil com microfone potente &#8211; Kimiso"},"content":{"rendered":"<p><span class=\"sc-kpDqfm qhIEo\" data-testid=\"product-detail-title\">Caixa De Som Bluetooth portatil com microfone potente<\/span><\/p>\n<div class=\"sc-fqkvVR heuZyN sc-dnvZjJ dtJjfe\" data-testid=\"product-detail-description\">\n<div class=\"sc-fqkvVR hlqElk sc-jcdlHQ cxsdMT\" data-testid=\"rich-content-container\">Caixa de som Bluetooth Com Microfone<\/p>\n<p>Caixa de Som Bluetooth KIMISO QS-829 Alto-falante Bluetooth port\u00e1til sem fio Kimiso 829 de 8 polegadas<br \/>\nAlto-falante Bt: 4.1<br \/>\nUnidade de alto-falante: 8 &#8220;x 1\/70 \u00edm\u00e3<br \/>\nCanal: Est\u00e9reo<br \/>\nPot\u00eancia: 1000w<br \/>\nTela digital<br \/>\nLeitor MP3 \/ Micro SD USB integrado<br \/>\nR\u00e1dio FM \/ BT<br \/>\nEntrada de microfone com fun\u00e7\u00e3o de karaok\u00ea<br \/>\nMicrofone com fio<br \/>\nEntrada AUX 3,5 mm<br \/>\nControle remoto<br \/>\nFonte de alimenta\u00e7\u00e3o: DC IN 5V\n<\/div>\n<\/div>\n","protected":false},"excerpt":{"rendered":"<p>Caixa De Som Bluetooth portatil com microfone potente Caixa de som Bluetooth Com Microfone Caixa de Som Bluetooth KIMISO QS-829 Alto-falante Bluetooth port\u00e1til sem fio Kimiso 829 de 8 polegadas Alto-falante Bt: 4.1 Unidade de alto-falante: 8 &#8220;x 1\/70 \u00edm\u00e3 Canal: Est\u00e9reo Pot\u00eancia: 1000w Tela digital Leitor MP3 \/ Micro SD USB integrado R\u00e1dio FM [&hellip;]\n","protected":false},"featured_media":29891,"comment_status":"open","ping_status":"closed","template":"","meta":{"_bbp_topic_count":0,"_bbp_reply_count":0,"_bbp_total_topic_count":0,"_bbp_total_reply_count":0,"_bbp_voice_count":0,"_bbp_anonymous_reply_count":0,"_bbp_topic_count_hidden":0,"_bbp_reply_count_hidden":0,"_bbp_forum_subforum_count":0,"_joinchat":[]},"product_brand":[],"product_cat":[101],"product_tag":[],"class_list":{"0":"post-29890","1":"product","2":"type-product","3":"status-publish","4":"has-post-thumbnail","6":"product_cat-radios","8":"first","9":"instock","10":"taxable","11":"shipping-taxable","12":"purchasable","13":"product-type-simple"},"_links":{"self":[{"href":"https:\/\/www.saralinatacado.com.br\/loja\/wp-json\/wp\/v2\/product\/29890","targetHints":{"allow":["GET"]}}],"collection":[{"href":"https:\/\/www.saralinatacado.com.br\/loja\/wp-json\/wp\/v2\/product"}],"about":[{"href":"https:\/\/www.saralinatacado.com.br\/loja\/wp-json\/wp\/v2\/types\/product"}],"replies":[{"embeddable":true,"href":"https:\/\/www.saralinatacado.com.br\/loja\/wp-json\/wp\/v2\/comments?post=29890"}],"wp:featuredmedia":[{"embeddable":true,"href":"https:\/\/www.saralinatacado.com.br\/loja\/wp-json\/wp\/v2\/media\/29891"}],"wp:attachment":[{"href":"https:\/\/www.saralinatacado.com.br\/loja\/wp-json\/wp\/v2\/media?parent=29890"}],"wp:term":[{"taxonomy":"product_brand","embeddable":true,"href":"https:\/\/www.saralinatacado.com.br\/loja\/wp-json\/wp\/v2\/product_brand?post=29890"},{"taxonomy":"product_cat","embeddable":true,"href":"https:\/\/www.saralinatacado.com.br\/loja\/wp-json\/wp\/v2\/product_cat?post=29890"},{"taxonomy":"product_tag","embeddable":true,"href":"https:\/\/www.saralinatacado.com.br\/loja\/wp-json\/wp\/v2\/product_tag?post=29890"}],"curies":[{"name":"wp","href":"https:\/\/api.w.org\/{rel}","templated":true}]}}