{"id":29882,"date":"2023-10-26T14:33:38","date_gmt":"2023-10-26T14:33:38","guid":{"rendered":"https:\/\/www.saralinatacado.com.br\/loja\/?post_type=product&#038;p=29882"},"modified":"2023-10-26T14:34:19","modified_gmt":"2023-10-26T14:34:19","slug":"lanterna-super-potente-longo-alcance-recarregavel-resistente-verde","status":"publish","type":"product","link":"https:\/\/www.saralinatacado.com.br\/loja\/produto\/lanterna-super-potente-longo-alcance-recarregavel-resistente-verde\/","title":{"rendered":"Lanterna Super Potente Longo Alcance Recarregavel Resistente &#8211; verde"},"content":{"rendered":"<div class=\"sc-fqkvVR clbOvz sc-kWhykh eJMnGG\" data-testid=\"product-detail\">\n<p><span class=\"sc-kpDqfm qhIEo\" data-testid=\"product-detail-title\">Lanterna Super Potente Longo Alcance Recarregavel Resistente<\/span><\/p>\n<div class=\"sc-fqkvVR heuZyN sc-dnvZjJ dtJjfe\" data-testid=\"product-detail-description\">\n<div class=\"sc-fqkvVR hlqElk sc-jcdlHQ cxsdMT\" data-testid=\"rich-content-container\">\n<p>Super brilhante com 3 modos: foco ajust\u00e1vel alto, m\u00e9dio e SOS, atende aos seus diferentes requisitos de ilumina\u00e7\u00e3o.<\/p>\n<p>USB recarreg\u00e1vel<\/p>\n<p>4 indicadores: ser\u00e3o todos azuis quando a bateria \u00e9 de plena pot\u00eancia, luz azul pisca durante o carregamento e tornar-se azul quando terminar.<\/p>\n<p>Foco ajust\u00e1vel: Para uso em diferentes situa\u00e7\u00f5es (puxe a cabe\u00e7a para diminuir o zoom, e empurrar de volta para ampliar). Holofote para observa\u00e7\u00e3o de longo alcance e holofote para ilumina\u00e7\u00e3o de grande \u00e1rea.<\/p>\n<p>Resistente \u00e0 agua, pode ser usado em dias chuvosos, mas n\u00e3o para mergulho.<\/p>\n<p>Consome apenas 15% de uma l\u00e2mpada comum e tem vida \u00fatil de at\u00e9 100.000 horas. Por isso permite que possa ser compacta e muito potente, com 1.800.000w e 5.400.000lumens<\/p>\n<p>Caracter\u00edsticas<\/p>\n<p>Toda feita em alum\u00ednio anticorrosivo<\/p>\n<p>Bot\u00e3o de acionamento em alum\u00ednio<\/p>\n<p>Corpo com acabamento antiderrapante<\/p>\n<p>Design t\u00e1tico especial com dissipamento de calor<\/p>\n<p>Resistente a chuva<\/p>\n<p>F\u00e1cil transporte, possui al\u00e7a para pulso<\/p>\n<p>3 Modos de acionamento 50%, 100% e Strobo<\/p>\n<p>Regulagem de Foco \u2013 Zoom deslizante<\/p>\n<p>Funciona com 2 baterias recarreg\u00e1vel 26650<\/p>\n<p>Carregador com cabo USB<\/p>\n<p>Inclu\u00eddo<\/p>\n<p>1 Lanterna (com 2 bateria 26650 recarreg\u00e1veis)<\/p>\n<p>1 Cabo USB<\/p>\n<p>2 adaptador para bateria menor<\/p>\n<p>Cord\u00e3o pulso<\/p>\n<p>N\u00e3o perca a oportunidade e aproveite o pre\u00e7o.<\/p>\n<p>Garanta sua Lanterna t\u00e1tica ainda hoje.<\/p>\n<p>Produto em estoque, envio imediato!<\/p>\n<p>NF emitida de acordo com cadastro na plataforma.<\/p>\n<p>Agradecemos sua visita em nossos an\u00fancios e qualquer d\u00favida nos envie mensagem que teremos o prazer em atender voc\u00ea!<\/p>\n<\/div>\n<\/div>\n<\/div>\n<div class=\"sc-fqkvVR hlqElk\" data-testid=\"lazyload-container\"><\/div>\n","protected":false},"excerpt":{"rendered":"<p>Lanterna Super Potente Longo Alcance Recarregavel Resistente Super brilhante com 3 modos: foco ajust\u00e1vel alto, m\u00e9dio e SOS, atende aos seus diferentes requisitos de ilumina\u00e7\u00e3o. USB recarreg\u00e1vel 4 indicadores: ser\u00e3o todos azuis quando a bateria \u00e9 de plena pot\u00eancia, luz azul pisca durante o carregamento e tornar-se azul quando terminar. Foco ajust\u00e1vel: Para uso em [&hellip;]\n","protected":false},"featured_media":29885,"comment_status":"open","ping_status":"closed","template":"","meta":{"_bbp_topic_count":0,"_bbp_reply_count":0,"_bbp_total_topic_count":0,"_bbp_total_reply_count":0,"_bbp_voice_count":0,"_bbp_anonymous_reply_count":0,"_bbp_topic_count_hidden":0,"_bbp_reply_count_hidden":0,"_bbp_forum_subforum_count":0,"_joinchat":[]},"product_brand":[],"product_cat":[164,178],"product_tag":[],"class_list":{"0":"post-29882","1":"product","2":"type-product","3":"status-publish","4":"has-post-thumbnail","6":"product_cat-led","7":"product_cat-luminaria","9":"first","10":"instock","11":"taxable","12":"shipping-taxable","13":"purchasable","14":"product-type-simple"},"_links":{"self":[{"href":"https:\/\/www.saralinatacado.com.br\/loja\/wp-json\/wp\/v2\/product\/29882","targetHints":{"allow":["GET"]}}],"collection":[{"href":"https:\/\/www.saralinatacado.com.br\/loja\/wp-json\/wp\/v2\/product"}],"about":[{"href":"https:\/\/www.saralinatacado.com.br\/loja\/wp-json\/wp\/v2\/types\/product"}],"replies":[{"embeddable":true,"href":"https:\/\/www.saralinatacado.com.br\/loja\/wp-json\/wp\/v2\/comments?post=29882"}],"wp:featuredmedia":[{"embeddable":true,"href":"https:\/\/www.saralinatacado.com.br\/loja\/wp-json\/wp\/v2\/media\/29885"}],"wp:attachment":[{"href":"https:\/\/www.saralinatacado.com.br\/loja\/wp-json\/wp\/v2\/media?parent=29882"}],"wp:term":[{"taxonomy":"product_brand","embeddable":true,"href":"https:\/\/www.saralinatacado.com.br\/loja\/wp-json\/wp\/v2\/product_brand?post=29882"},{"taxonomy":"product_cat","embeddable":true,"href":"https:\/\/www.saralinatacado.com.br\/loja\/wp-json\/wp\/v2\/product_cat?post=29882"},{"taxonomy":"product_tag","embeddable":true,"href":"https:\/\/www.saralinatacado.com.br\/loja\/wp-json\/wp\/v2\/product_tag?post=29882"}],"curies":[{"name":"wp","href":"https:\/\/api.w.org\/{rel}","templated":true}]}}