{"id":29877,"date":"2023-10-26T14:30:16","date_gmt":"2023-10-26T14:30:16","guid":{"rendered":"https:\/\/www.saralinatacado.com.br\/loja\/?post_type=product&#038;p=29877"},"modified":"2023-10-26T14:30:16","modified_gmt":"2023-10-26T14:30:16","slug":"lanterna-18-smd-leds-20x10-cm-recarregavel","status":"publish","type":"product","link":"https:\/\/www.saralinatacado.com.br\/loja\/produto\/lanterna-18-smd-leds-20x10-cm-recarregavel\/","title":{"rendered":"LANTERNA 1+8 SMD LEDS 20X10 CM RECARREG\u00c1VEL"},"content":{"rendered":"<div class=\"item\">LARGURA10 CM<\/div>\n<div class=\"item\">MAIS MEDIDASCAIXA:21X10 CM.<\/div>\n<div class=\"item\">COMPOSI\u00c7\u00c3OPL\u00c1STICO.<\/div>\n<div class=\"item\">OBSERVA\u00c7\u00d5ESPOSSUI 1 LED NA PARTE FONTAL COM 1 INTENSIDADE DE LUZ,PARTE LATERAL POSSUI 8 LEDS .RECARREG\u00c1VEL 127\/220 V.COM PLUGUE ENBUTIDO.DURABILIDADE DA LUZ ENTRE 3 E 6 HORAS.N\u00c3O EXCEDER O TEMPO DE 24 HORAS PARA CARREGA-L\u00c1.<\/div>\n","protected":false},"excerpt":{"rendered":"<p>LARGURA10 CM MAIS MEDIDASCAIXA:21X10 CM. COMPOSI\u00c7\u00c3OPL\u00c1STICO. OBSERVA\u00c7\u00d5ESPOSSUI 1 LED NA PARTE FONTAL COM 1 INTENSIDADE DE LUZ,PARTE LATERAL POSSUI 8 LEDS .RECARREG\u00c1VEL 127\/220 V.COM PLUGUE ENBUTIDO.DURABILIDADE DA LUZ ENTRE 3 E 6 HORAS.N\u00c3O EXCEDER O TEMPO DE 24 HORAS PARA CARREGA-L\u00c1.<\/p>\n","protected":false},"featured_media":29878,"comment_status":"open","ping_status":"closed","template":"","meta":{"_bbp_topic_count":0,"_bbp_reply_count":0,"_bbp_total_topic_count":0,"_bbp_total_reply_count":0,"_bbp_voice_count":0,"_bbp_anonymous_reply_count":0,"_bbp_topic_count_hidden":0,"_bbp_reply_count_hidden":0,"_bbp_forum_subforum_count":0,"_joinchat":[]},"product_brand":[],"product_cat":[164,178],"product_tag":[],"class_list":{"0":"post-29877","1":"product","2":"type-product","3":"status-publish","4":"has-post-thumbnail","6":"product_cat-led","7":"product_cat-luminaria","9":"first","10":"instock","11":"taxable","12":"shipping-taxable","13":"purchasable","14":"product-type-simple"},"_links":{"self":[{"href":"https:\/\/www.saralinatacado.com.br\/loja\/wp-json\/wp\/v2\/product\/29877","targetHints":{"allow":["GET"]}}],"collection":[{"href":"https:\/\/www.saralinatacado.com.br\/loja\/wp-json\/wp\/v2\/product"}],"about":[{"href":"https:\/\/www.saralinatacado.com.br\/loja\/wp-json\/wp\/v2\/types\/product"}],"replies":[{"embeddable":true,"href":"https:\/\/www.saralinatacado.com.br\/loja\/wp-json\/wp\/v2\/comments?post=29877"}],"wp:featuredmedia":[{"embeddable":true,"href":"https:\/\/www.saralinatacado.com.br\/loja\/wp-json\/wp\/v2\/media\/29878"}],"wp:attachment":[{"href":"https:\/\/www.saralinatacado.com.br\/loja\/wp-json\/wp\/v2\/media?parent=29877"}],"wp:term":[{"taxonomy":"product_brand","embeddable":true,"href":"https:\/\/www.saralinatacado.com.br\/loja\/wp-json\/wp\/v2\/product_brand?post=29877"},{"taxonomy":"product_cat","embeddable":true,"href":"https:\/\/www.saralinatacado.com.br\/loja\/wp-json\/wp\/v2\/product_cat?post=29877"},{"taxonomy":"product_tag","embeddable":true,"href":"https:\/\/www.saralinatacado.com.br\/loja\/wp-json\/wp\/v2\/product_tag?post=29877"}],"curies":[{"name":"wp","href":"https:\/\/api.w.org\/{rel}","templated":true}]}}