{"id":29872,"date":"2023-10-26T14:23:16","date_gmt":"2023-10-26T14:23:16","guid":{"rendered":"https:\/\/www.saralinatacado.com.br\/loja\/?post_type=product&#038;p=29872"},"modified":"2023-10-26T14:23:16","modified_gmt":"2023-10-26T14:23:16","slug":"lanterna-tatica-zj-109-recarregavel-com-foco-nf-e","status":"publish","type":"product","link":"https:\/\/www.saralinatacado.com.br\/loja\/produto\/lanterna-tatica-zj-109-recarregavel-com-foco-nf-e\/","title":{"rendered":"Lanterna T\u00e1tica Zj-109 Recarreg\u00e1vel Com Foco Nf-e"},"content":{"rendered":"<p>Especifica\u00e7\u00f5es:<br \/>\n&#8211; Modelo de contas de LED: T6<br \/>\n&#8211; Modo: 3 modos (Alto &#8211; M\u00e9dio &#8211; SOS)<br \/>\n&#8211; Cor da lanterna: preta<br \/>\n&#8211; Cor emitida: luz branca<br \/>\n&#8211; Interruptor: Tampa da cauda \u00e0 prova d&#8217;\u00e1gua Clicky \/ Clickie<br \/>\n&#8211; Lente: Lente convexa<br \/>\n&#8211; Material da caixa: ABS dur\u00e1vel<br \/>\n&#8211; Alimenta\u00e7\u00e3o: bateria de l\u00edtio embutida<br \/>\n&#8211; Dist\u00e2ncia de ilumina\u00e7\u00e3o: 0-500 m<br \/>\n&#8211; \u00c1rea de irradia\u00e7\u00e3o: 30 metros quadrados<br \/>\n&#8211; Zoom: Sim<\/p>\n<p>*Imagens Meramente Ilustrativas<\/p>\n","protected":false},"excerpt":{"rendered":"<p>Especifica\u00e7\u00f5es: &#8211; Modelo de contas de LED: T6 &#8211; Modo: 3 modos (Alto &#8211; M\u00e9dio &#8211; SOS) &#8211; Cor da lanterna: preta &#8211; Cor emitida: luz branca &#8211; Interruptor: Tampa da cauda \u00e0 prova d&#8217;\u00e1gua Clicky \/ Clickie &#8211; Lente: Lente convexa &#8211; Material da caixa: ABS dur\u00e1vel &#8211; Alimenta\u00e7\u00e3o: bateria de l\u00edtio embutida &#8211; [&hellip;]\n","protected":false},"featured_media":29874,"comment_status":"open","ping_status":"closed","template":"","meta":{"_bbp_topic_count":0,"_bbp_reply_count":0,"_bbp_total_topic_count":0,"_bbp_total_reply_count":0,"_bbp_voice_count":0,"_bbp_anonymous_reply_count":0,"_bbp_topic_count_hidden":0,"_bbp_reply_count_hidden":0,"_bbp_forum_subforum_count":0,"_joinchat":[]},"product_brand":[],"product_cat":[164,178],"product_tag":[],"class_list":{"0":"post-29872","1":"product","2":"type-product","3":"status-publish","4":"has-post-thumbnail","6":"product_cat-led","7":"product_cat-luminaria","9":"first","10":"instock","11":"taxable","12":"shipping-taxable","13":"purchasable","14":"product-type-simple"},"_links":{"self":[{"href":"https:\/\/www.saralinatacado.com.br\/loja\/wp-json\/wp\/v2\/product\/29872","targetHints":{"allow":["GET"]}}],"collection":[{"href":"https:\/\/www.saralinatacado.com.br\/loja\/wp-json\/wp\/v2\/product"}],"about":[{"href":"https:\/\/www.saralinatacado.com.br\/loja\/wp-json\/wp\/v2\/types\/product"}],"replies":[{"embeddable":true,"href":"https:\/\/www.saralinatacado.com.br\/loja\/wp-json\/wp\/v2\/comments?post=29872"}],"wp:featuredmedia":[{"embeddable":true,"href":"https:\/\/www.saralinatacado.com.br\/loja\/wp-json\/wp\/v2\/media\/29874"}],"wp:attachment":[{"href":"https:\/\/www.saralinatacado.com.br\/loja\/wp-json\/wp\/v2\/media?parent=29872"}],"wp:term":[{"taxonomy":"product_brand","embeddable":true,"href":"https:\/\/www.saralinatacado.com.br\/loja\/wp-json\/wp\/v2\/product_brand?post=29872"},{"taxonomy":"product_cat","embeddable":true,"href":"https:\/\/www.saralinatacado.com.br\/loja\/wp-json\/wp\/v2\/product_cat?post=29872"},{"taxonomy":"product_tag","embeddable":true,"href":"https:\/\/www.saralinatacado.com.br\/loja\/wp-json\/wp\/v2\/product_tag?post=29872"}],"curies":[{"name":"wp","href":"https:\/\/api.w.org\/{rel}","templated":true}]}}