{"id":29871,"date":"2023-10-26T14:20:35","date_gmt":"2023-10-26T14:20:35","guid":{"rendered":"https:\/\/www.saralinatacado.com.br\/loja\/?post_type=product&#038;p=29871"},"modified":"2023-10-26T14:25:53","modified_gmt":"2023-10-26T14:25:53","slug":"lanterna-holofote-tatica-led-p70-super-forte-com-zoom-ajustavel-bm8504-preto","status":"publish","type":"product","link":"https:\/\/www.saralinatacado.com.br\/loja\/produto\/lanterna-holofote-tatica-led-p70-super-forte-com-zoom-ajustavel-bm8504-preto\/","title":{"rendered":"Lanterna Holofote T\u00e1tica Led P70 Super Forte Com Zoom Ajust\u00e1vel &#8211; BM8504 &#8211; Preto"},"content":{"rendered":"<div class=\"features-title\">\n<h3>Descri\u00e7\u00e3o<\/h3>\n<\/div>\n<p>INFORMA\u00c7\u00d5ES DO PRODUTO:. A Lanterna P70 168000W BM-8504 \u00e9 perfeita para ser usada em situa\u00e7\u00f5es de emerg\u00eancias, esportes noturnos ou para \u00e1reas confinadas e escuras, para resid\u00eancias, escrit\u00f3rio ou empresa em caso de quedas de energia tamb\u00e9m se torna um acess\u00f3rio indispens\u00e1vel. Esta \u00e9 uma ferramenta de muita import\u00e2ncia para carro e entre muitas outras atividades como auxilio para reparos e praticas de esportes. Utilizando uma tecnologia de ponta, Luz LED CREE uma nova tecnologia em l\u00e2mpadas. Permitindo que a lanterna tenha pot\u00eancia sem aquecer de mais durante o uso. Strobo (Utilizado em situa\u00e7\u00f5es de emerg\u00eancia para sinalizar sua localiza\u00e7\u00e3o). A lanterna possui modo inteligente de carga da bateria 4 LED cor azul indica quando a lanterna est\u00e1 totalmente carregada ou quando est\u00e1 descarregando. Al\u00e9m disso possui um super bateria l\u00edtio embutida n\u00e3o ar necessidade de troca-la basta manter sempre carregada ap\u00f3s uso. Orienta\u00e7\u00f5es:. Manter fora de alcance das crian\u00e7as. N\u00e3o direcionar o feixe de luz diretamente para os olhos, pode causar les\u00f5es oculares, n\u00e3o desmonte a lanterna ou a l\u00e2mpada, pois pode ocasionar danos na lanterna, evitar exposi\u00e7\u00e3o prolongada ao sol ou altas temperaturas. INFORMA\u00c7\u00d5ES T\u00c9CNICAS:. LANTERNA COM ILUMINA\u00c7\u00c3O HOLOFOTE T\u00c1TICO LED CREE P70 168000W SUPER POTENTE. Material: Alta resist\u00eancia em liga de aluminio, usinagem de press\u00e3o, dura e resistente n\u00e3o se deforma. 5 Fun\u00e7\u00f5es de luz LED: Luz, Alta luz Baixa, Luz media, Pisca alerta, e Strobo modo S.O.S. Funcionamento: Econ\u00f4mica M\u00e1xima 100% \/ 50% 25% da capacidade. Strobo: (Utilizado em situa\u00e7\u00f5es de emerg\u00eancia para sinalizar sua localiza\u00e7\u00e3o). Forma de Alimenta\u00e7\u00e3o: Por Cabo Micro USB ( incluso ). Potencia: 1680200 Watts \/ Fluxo Luminoso De Lumens 1200. Bateria L\u00edtio: Recarreg\u00e1vel 18650 \/ 26650 embutida longa vida \u00fatil. Modo Indicador De Carga: Sim 4 LED na cor azul. Fonte de luz: Utiliza super -LED Cree P70. Tamanho Com Zoom: 18.5cm x 5.3cm x4.3cm. Tamanho normal: 16.5cm x 5.3cm x 4.3cm. Modulo: Zoom Ajust\u00e1vel<\/p>\n","protected":false},"excerpt":{"rendered":"<p>Descri\u00e7\u00e3o INFORMA\u00c7\u00d5ES DO PRODUTO:. A Lanterna P70 168000W BM-8504 \u00e9 perfeita para ser usada em situa\u00e7\u00f5es de emerg\u00eancias, esportes noturnos ou para \u00e1reas confinadas e escuras, para resid\u00eancias, escrit\u00f3rio ou empresa em caso de quedas de energia tamb\u00e9m se torna um acess\u00f3rio indispens\u00e1vel. Esta \u00e9 uma ferramenta de muita import\u00e2ncia para carro e entre muitas [&hellip;]\n","protected":false},"featured_media":29875,"comment_status":"open","ping_status":"closed","template":"","meta":{"_bbp_topic_count":0,"_bbp_reply_count":0,"_bbp_total_topic_count":0,"_bbp_total_reply_count":0,"_bbp_voice_count":0,"_bbp_anonymous_reply_count":0,"_bbp_topic_count_hidden":0,"_bbp_reply_count_hidden":0,"_bbp_forum_subforum_count":0,"_joinchat":[]},"product_brand":[],"product_cat":[164,178],"product_tag":[],"class_list":{"0":"post-29871","1":"product","2":"type-product","3":"status-publish","4":"has-post-thumbnail","6":"product_cat-led","7":"product_cat-luminaria","9":"first","10":"instock","11":"taxable","12":"shipping-taxable","13":"purchasable","14":"product-type-simple"},"_links":{"self":[{"href":"https:\/\/www.saralinatacado.com.br\/loja\/wp-json\/wp\/v2\/product\/29871","targetHints":{"allow":["GET"]}}],"collection":[{"href":"https:\/\/www.saralinatacado.com.br\/loja\/wp-json\/wp\/v2\/product"}],"about":[{"href":"https:\/\/www.saralinatacado.com.br\/loja\/wp-json\/wp\/v2\/types\/product"}],"replies":[{"embeddable":true,"href":"https:\/\/www.saralinatacado.com.br\/loja\/wp-json\/wp\/v2\/comments?post=29871"}],"wp:featuredmedia":[{"embeddable":true,"href":"https:\/\/www.saralinatacado.com.br\/loja\/wp-json\/wp\/v2\/media\/29875"}],"wp:attachment":[{"href":"https:\/\/www.saralinatacado.com.br\/loja\/wp-json\/wp\/v2\/media?parent=29871"}],"wp:term":[{"taxonomy":"product_brand","embeddable":true,"href":"https:\/\/www.saralinatacado.com.br\/loja\/wp-json\/wp\/v2\/product_brand?post=29871"},{"taxonomy":"product_cat","embeddable":true,"href":"https:\/\/www.saralinatacado.com.br\/loja\/wp-json\/wp\/v2\/product_cat?post=29871"},{"taxonomy":"product_tag","embeddable":true,"href":"https:\/\/www.saralinatacado.com.br\/loja\/wp-json\/wp\/v2\/product_tag?post=29871"}],"curies":[{"name":"wp","href":"https:\/\/api.w.org\/{rel}","templated":true}]}}