{"id":29864,"date":"2023-10-26T14:04:37","date_gmt":"2023-10-26T14:04:37","guid":{"rendered":"https:\/\/www.saralinatacado.com.br\/loja\/?post_type=product&#038;p=29864"},"modified":"2023-10-26T14:04:37","modified_gmt":"2023-10-26T14:04:37","slug":"mini-lanterna-led-flash-d-luz-usb-recarregavel-preto","status":"publish","type":"product","link":"https:\/\/www.saralinatacado.com.br\/loja\/produto\/mini-lanterna-led-flash-d-luz-usb-recarregavel-preto\/","title":{"rendered":"Mini Lanterna Led Flash D Luz Usb Recarreg\u00e1vel &#8211; Preto"},"content":{"rendered":"<div class=\"features-title\">\n<h3>Descri\u00e7\u00e3o<\/h3>\n<\/div>\n<p>Mini Lanterna Led Flash D Luz Usb Recarreg\u00e1vel \u00e9 uma das mais potentes do mercado, com zoom. \u00c9 perfeita para usar em situa\u00e7\u00f5es t\u00e1ticas ou em atividades ao ar livre. A lanterna tem \u00f3tima qualidade, \u00e9 vers\u00e1til e capaz de impressionar com a sua pot\u00eancia de longo alcance. Com certeza \u00e9 uma ferramenta de muita import\u00e2ncia para atividades como: montanhismo trilhas escalada camping sobreviv\u00eancia caminhadas pescaria Ciclismo Reparos em Casa patrulha entre muitas outras atividades. Material de liga de alum\u00ednio de alta qualidade com desempenho est\u00e1vel e de longo tempo de servi\u00e7o. -Foco ajust\u00e1vel, voc\u00ea pode Aplicar Zoom in\/out para ajustar o seu feixe. -3 modos de luz LED: pressione o bot\u00e3o On\/Off interruptor de gatilho com luz alta. -Carregamento feito pela porta USB a qualquer momento (Cabo Incluso), conveniente e pr\u00e1tico. -Pequeno e leve, f\u00e1cil de carregar em qualquer lugar que voc\u00ea gosta. -\u00danico projeto de transforma\u00e7\u00e3o, com perspectivas extraordin\u00e1rio como uma caneta. Caracter\u00edsticas: 1. tamanho pequeno, conveniente para transportar todos os dias. 2. N\u00edvel de brilho. Com sa\u00edda m\u00e1xima de 1000 l\u00famens. 3. Dist\u00e2ncia m\u00e1xima do feixe at\u00e9 100 metros. 4. Circuito de gerenciamento de energia eficaz. 5. fun\u00e7\u00e3o de prote\u00e7\u00e3o reversa da bateria 6,1 metros de resist\u00eancia ao impacto. 7. 3 modos de 2 luzes especiais: Itens Inclusos: 1 &#8211; Mini Lanterna T\u00e1tica 1 &#8211; Cabo De Carregamento Micro USB 1 &#8211; Caixa<\/p>\n","protected":false},"excerpt":{"rendered":"<p>Descri\u00e7\u00e3o Mini Lanterna Led Flash D Luz Usb Recarreg\u00e1vel \u00e9 uma das mais potentes do mercado, com zoom. \u00c9 perfeita para usar em situa\u00e7\u00f5es t\u00e1ticas ou em atividades ao ar livre. A lanterna tem \u00f3tima qualidade, \u00e9 vers\u00e1til e capaz de impressionar com a sua pot\u00eancia de longo alcance. Com certeza \u00e9 uma ferramenta de [&hellip;]\n","protected":false},"featured_media":29866,"comment_status":"open","ping_status":"closed","template":"","meta":{"_bbp_topic_count":0,"_bbp_reply_count":0,"_bbp_total_topic_count":0,"_bbp_total_reply_count":0,"_bbp_voice_count":0,"_bbp_anonymous_reply_count":0,"_bbp_topic_count_hidden":0,"_bbp_reply_count_hidden":0,"_bbp_forum_subforum_count":0,"_joinchat":[]},"product_brand":[],"product_cat":[164,178],"product_tag":[],"class_list":{"0":"post-29864","1":"product","2":"type-product","3":"status-publish","4":"has-post-thumbnail","6":"product_cat-led","7":"product_cat-luminaria","9":"first","10":"instock","11":"taxable","12":"shipping-taxable","13":"purchasable","14":"product-type-simple"},"_links":{"self":[{"href":"https:\/\/www.saralinatacado.com.br\/loja\/wp-json\/wp\/v2\/product\/29864","targetHints":{"allow":["GET"]}}],"collection":[{"href":"https:\/\/www.saralinatacado.com.br\/loja\/wp-json\/wp\/v2\/product"}],"about":[{"href":"https:\/\/www.saralinatacado.com.br\/loja\/wp-json\/wp\/v2\/types\/product"}],"replies":[{"embeddable":true,"href":"https:\/\/www.saralinatacado.com.br\/loja\/wp-json\/wp\/v2\/comments?post=29864"}],"wp:featuredmedia":[{"embeddable":true,"href":"https:\/\/www.saralinatacado.com.br\/loja\/wp-json\/wp\/v2\/media\/29866"}],"wp:attachment":[{"href":"https:\/\/www.saralinatacado.com.br\/loja\/wp-json\/wp\/v2\/media?parent=29864"}],"wp:term":[{"taxonomy":"product_brand","embeddable":true,"href":"https:\/\/www.saralinatacado.com.br\/loja\/wp-json\/wp\/v2\/product_brand?post=29864"},{"taxonomy":"product_cat","embeddable":true,"href":"https:\/\/www.saralinatacado.com.br\/loja\/wp-json\/wp\/v2\/product_cat?post=29864"},{"taxonomy":"product_tag","embeddable":true,"href":"https:\/\/www.saralinatacado.com.br\/loja\/wp-json\/wp\/v2\/product_tag?post=29864"}],"curies":[{"name":"wp","href":"https:\/\/api.w.org\/{rel}","templated":true}]}}