{"id":29861,"date":"2023-10-26T14:01:49","date_gmt":"2023-10-26T14:01:49","guid":{"rendered":"https:\/\/www.saralinatacado.com.br\/loja\/?post_type=product&#038;p=29861"},"modified":"2023-10-26T14:01:49","modified_gmt":"2023-10-26T14:01:49","slug":"suporte-de-metal-para-notebook-com-ajuste-de-altura","status":"publish","type":"product","link":"https:\/\/www.saralinatacado.com.br\/loja\/produto\/suporte-de-metal-para-notebook-com-ajuste-de-altura\/","title":{"rendered":"Suporte de metal para Notebook com Ajuste de Altura"},"content":{"rendered":"<p><strong>Caracter\u00edsticas<\/strong><\/p>\n<p>&#8211; F\u00e1cil de transportar<\/p>\n<p>&#8211; Ajuste de \u00e2ngulo amplo com 6 n\u00edveis<\/p>\n<p>&#8211; Suporta Tablets de 11 \u00e0 17 polegadas<\/p>\n<p>&#8211; Fabricado em metal<\/p>\n<p>&#8211; Peso l\u00edquido: 123g<\/p>\n<p>&#8211; Dimens\u00f5es: 18 (L) x 26,5 (C) x 16 (A) cm (inclina\u00e7\u00e3o m\u00e1xima)<\/p>\n<p>&#8211; \u00c2ngulo de Inclina\u00e7\u00e3o: 26\u00b0 \u00e0 30\u00b0 (Ajust\u00e1vel)<\/p>\n<p>&#8211; Ajuste de altura: 5 cm (M\u00ednimo) &#8211; 16 cm (M\u00e1ximo)<\/p>\n","protected":false},"excerpt":{"rendered":"<p>Caracter\u00edsticas &#8211; F\u00e1cil de transportar &#8211; Ajuste de \u00e2ngulo amplo com 6 n\u00edveis &#8211; Suporta Tablets de 11 \u00e0 17 polegadas &#8211; Fabricado em metal &#8211; Peso l\u00edquido: 123g &#8211; Dimens\u00f5es: 18 (L) x 26,5 (C) x 16 (A) cm (inclina\u00e7\u00e3o m\u00e1xima) &#8211; \u00c2ngulo de Inclina\u00e7\u00e3o: 26\u00b0 \u00e0 30\u00b0 (Ajust\u00e1vel) &#8211; Ajuste de altura: 5 [&hellip;]\n","protected":false},"featured_media":29862,"comment_status":"open","ping_status":"closed","template":"","meta":{"_bbp_topic_count":0,"_bbp_reply_count":0,"_bbp_total_topic_count":0,"_bbp_total_reply_count":0,"_bbp_voice_count":0,"_bbp_anonymous_reply_count":0,"_bbp_topic_count_hidden":0,"_bbp_reply_count_hidden":0,"_bbp_forum_subforum_count":0,"_joinchat":[]},"product_brand":[],"product_cat":[107],"product_tag":[],"class_list":{"0":"post-29861","1":"product","2":"type-product","3":"status-publish","4":"has-post-thumbnail","6":"product_cat-acessorios","8":"first","9":"instock","10":"taxable","11":"shipping-taxable","12":"purchasable","13":"product-type-simple"},"_links":{"self":[{"href":"https:\/\/www.saralinatacado.com.br\/loja\/wp-json\/wp\/v2\/product\/29861","targetHints":{"allow":["GET"]}}],"collection":[{"href":"https:\/\/www.saralinatacado.com.br\/loja\/wp-json\/wp\/v2\/product"}],"about":[{"href":"https:\/\/www.saralinatacado.com.br\/loja\/wp-json\/wp\/v2\/types\/product"}],"replies":[{"embeddable":true,"href":"https:\/\/www.saralinatacado.com.br\/loja\/wp-json\/wp\/v2\/comments?post=29861"}],"wp:featuredmedia":[{"embeddable":true,"href":"https:\/\/www.saralinatacado.com.br\/loja\/wp-json\/wp\/v2\/media\/29862"}],"wp:attachment":[{"href":"https:\/\/www.saralinatacado.com.br\/loja\/wp-json\/wp\/v2\/media?parent=29861"}],"wp:term":[{"taxonomy":"product_brand","embeddable":true,"href":"https:\/\/www.saralinatacado.com.br\/loja\/wp-json\/wp\/v2\/product_brand?post=29861"},{"taxonomy":"product_cat","embeddable":true,"href":"https:\/\/www.saralinatacado.com.br\/loja\/wp-json\/wp\/v2\/product_cat?post=29861"},{"taxonomy":"product_tag","embeddable":true,"href":"https:\/\/www.saralinatacado.com.br\/loja\/wp-json\/wp\/v2\/product_tag?post=29861"}],"curies":[{"name":"wp","href":"https:\/\/api.w.org\/{rel}","templated":true}]}}