{"id":29854,"date":"2023-10-26T13:22:09","date_gmt":"2023-10-26T13:22:09","guid":{"rendered":"https:\/\/www.saralinatacado.com.br\/loja\/?post_type=product&#038;p=29854"},"modified":"2023-10-26T13:22:10","modified_gmt":"2023-10-26T13:22:10","slug":"mini-game-pop-it-portatil-fast-push-puzzle-eletronico-anti-stress-u","status":"publish","type":"product","link":"https:\/\/www.saralinatacado.com.br\/loja\/produto\/mini-game-pop-it-portatil-fast-push-puzzle-eletronico-anti-stress-u\/","title":{"rendered":"Mini Game Pop It Port\u00e1til Fast Push Puzzle El\u00eatronico Anti-Stress U"},"content":{"rendered":"<div class=\"title-shelf2\">\n<h3>Detalhes do Produto<\/h3>\n<\/div>\n<div class=\"float\">\n<div class=\"float lh21 size13 colorblack\">\n<p>Pop-it Eletr\u00f4nico<\/p>\n<p>&nbsp;<\/p>\n<p>Ideal para adultos e crian\u00e7as acima de 3 anos de idade.<\/p>\n<p>&nbsp;<\/p>\n<p>Existem 4 modos de jogo dispon\u00edveis no console POP IT, que podem ser selecionados livremente. A m\u00e1quina de jogo pode exercitar a capacidade de rea\u00e7\u00e3o das crian\u00e7as, a capacidade de mem\u00f3ria e a capacidade de coordena\u00e7\u00e3o ocular; Os jogos tamb\u00e9m podem melhorar as habilidades organizacionais e de comunica\u00e7\u00e3o das crian\u00e7as e adultos.<\/p>\n<p>&nbsp;<\/p>\n<p>Com materiais macios e componentes eletr\u00f4nicos como componentes principais, o brinquedo redutor de press\u00e3o permite que voc\u00ea experimente uma sensa\u00e7\u00e3o de conforto \u00fanicos. Ao mesmo tempo, ele tamb\u00e9m tem padr\u00f5es de desenhos animados ador\u00e1veis e efeitos de ilumina\u00e7\u00e3o LED, fazendo voc\u00ea se sentir mais feliz e relaxado quando voc\u00ea pressiona.<\/p>\n<p>&nbsp;<\/p>\n<p>Material: Pl\u00e1stico e Silicone<\/p>\n<p>Cumprimento: 13 cm<\/p>\n<p>Largura: 12 cm<\/p>\n<p>Profundidade: 3 cm<\/p>\n<p>Luz de LED: Vermelha<\/p>\n<p>Bateria: 3 pilhas AAA (N\u00c3O INCLUSAS)<\/p>\n<ul>\n<li><\/li>\n<\/ul>\n<\/div>\n<\/div>\n","protected":false},"excerpt":{"rendered":"<p>Detalhes do Produto Pop-it Eletr\u00f4nico &nbsp; Ideal para adultos e crian\u00e7as acima de 3 anos de idade. &nbsp; Existem 4 modos de jogo dispon\u00edveis no console POP IT, que podem ser selecionados livremente. A m\u00e1quina de jogo pode exercitar a capacidade de rea\u00e7\u00e3o das crian\u00e7as, a capacidade de mem\u00f3ria e a capacidade de coordena\u00e7\u00e3o ocular; [&hellip;]\n","protected":false},"featured_media":29855,"comment_status":"open","ping_status":"closed","template":"","meta":{"_bbp_topic_count":0,"_bbp_reply_count":0,"_bbp_total_topic_count":0,"_bbp_total_reply_count":0,"_bbp_voice_count":0,"_bbp_anonymous_reply_count":0,"_bbp_topic_count_hidden":0,"_bbp_reply_count_hidden":0,"_bbp_forum_subforum_count":0,"_joinchat":[]},"product_brand":[],"product_cat":[107],"product_tag":[],"class_list":{"0":"post-29854","1":"product","2":"type-product","3":"status-publish","4":"has-post-thumbnail","6":"product_cat-acessorios","8":"first","9":"instock","10":"taxable","11":"shipping-taxable","12":"purchasable","13":"product-type-simple"},"_links":{"self":[{"href":"https:\/\/www.saralinatacado.com.br\/loja\/wp-json\/wp\/v2\/product\/29854","targetHints":{"allow":["GET"]}}],"collection":[{"href":"https:\/\/www.saralinatacado.com.br\/loja\/wp-json\/wp\/v2\/product"}],"about":[{"href":"https:\/\/www.saralinatacado.com.br\/loja\/wp-json\/wp\/v2\/types\/product"}],"replies":[{"embeddable":true,"href":"https:\/\/www.saralinatacado.com.br\/loja\/wp-json\/wp\/v2\/comments?post=29854"}],"wp:featuredmedia":[{"embeddable":true,"href":"https:\/\/www.saralinatacado.com.br\/loja\/wp-json\/wp\/v2\/media\/29855"}],"wp:attachment":[{"href":"https:\/\/www.saralinatacado.com.br\/loja\/wp-json\/wp\/v2\/media?parent=29854"}],"wp:term":[{"taxonomy":"product_brand","embeddable":true,"href":"https:\/\/www.saralinatacado.com.br\/loja\/wp-json\/wp\/v2\/product_brand?post=29854"},{"taxonomy":"product_cat","embeddable":true,"href":"https:\/\/www.saralinatacado.com.br\/loja\/wp-json\/wp\/v2\/product_cat?post=29854"},{"taxonomy":"product_tag","embeddable":true,"href":"https:\/\/www.saralinatacado.com.br\/loja\/wp-json\/wp\/v2\/product_tag?post=29854"}],"curies":[{"name":"wp","href":"https:\/\/api.w.org\/{rel}","templated":true}]}}