{"id":29851,"date":"2023-10-26T13:19:16","date_gmt":"2023-10-26T13:19:16","guid":{"rendered":"https:\/\/www.saralinatacado.com.br\/loja\/?post_type=product&#038;p=29851"},"modified":"2023-10-26T13:19:33","modified_gmt":"2023-10-26T13:19:33","slug":"umidificador-aromatizador-luminaria-abajur-lua-3d-16-cores-lelong","status":"publish","type":"product","link":"https:\/\/www.saralinatacado.com.br\/loja\/produto\/umidificador-aromatizador-luminaria-abajur-lua-3d-16-cores-lelong\/","title":{"rendered":"Umidificador Aromatizador Lumin\u00e1ria Abajur Lua &#8211; LELONG"},"content":{"rendered":"<p><span class=\"sc-kpDqfm qhIEo\" data-testid=\"product-detail-title\">Umidificador Aromatizador Lumin\u00e1ria Abajur Lua 3d 16 Cores<\/span><\/p>\n<div class=\"sc-fqkvVR heuZyN sc-dnvZjJ dtJjfe\" data-testid=\"product-detail-description\">\n<div class=\"sc-fqkvVR hlqElk sc-jcdlHQ cxsdMT\" data-testid=\"rich-content-container\">Uma lua feita com alta tecnologia de impress\u00e3o 3d, o que torna ela perfeitamente realista em forma de lua cheia!Voc\u00ea provavelmente gosta de ambientes perfumados, afinal quem n\u00e3o gosta? Com esse Umidificador e Aromatizador ficou mais f\u00e1cil ter seu ambiente cheiroso e perfumado, Al\u00e9m de mais bonito e decorado com 16 cores e um modo de fade, voc\u00ea consegue colocar um cor diferente para cada ocasi\u00e3o. Adequado para salas de pequeno e m\u00e9dio porte \u00e9 perfeito para umidifica\u00e7\u00e3o de ar principalmente em dias mais secos e ambientes fechados. Objeto de decora\u00e7\u00e3o, aroma terapia, ilumina\u00e7\u00e3o e umidificador de ar.Ideal para deixar o ambiente mais aconchegante, geralmente utilizado em quartos, salas residenciais, escrit\u00f3rios, salas de espera, entre outros.Informa\u00e7\u00f5es do produto:- Capacidade do tanque: 880ML- Especifica\u00e7\u00f5es El\u00e9tricas: 110-240V (Bivolt) &#8211; USB- Tens\u00e3o de entrada: DC5V- M\u00e9todo de umidifica\u00e7\u00e3o: Descarga de N\u00e9voa- Desligamento autom\u00e1tico por falta de \u00e1gua: Sim- Sa\u00edda de n\u00e9voa: cerca de 30ML\/H- Tipo: umidifica\u00e7\u00e3o ultrass\u00f4nico- Aplica\u00e7\u00e3o: 21-30m2- Fun\u00e7\u00e3o: Aromaterapia\/Umidificador- Dimens\u00f5es: 14x14x15 \/ Di\u00e2metro: 13cm- Material: polipropileno (madeira)- Tecnologia anti-ru\u00eddo- Cores luzes de LED: RGB 16 cores diferentes e modo fade.- Material: PVC + componentes eletr\u00f4nicos.- Dura\u00e7\u00e3o da \u00e1gua: Aprox. 8 horasDesliga automaticamente quando a \u00e1gua acaba. Conte\u00fado da Embalagem: -01 Lua 3d-01 Suporte em Madeira-01 Filtro reserva para lua-01 manual-01 Cabo USB para utiliza\u00e7\u00e3o da lua<\/div>\n<\/div>\n","protected":false},"excerpt":{"rendered":"<p>Umidificador Aromatizador Lumin\u00e1ria Abajur Lua 3d 16 Cores Uma lua feita com alta tecnologia de impress\u00e3o 3d, o que torna ela perfeitamente realista em forma de lua cheia!Voc\u00ea provavelmente gosta de ambientes perfumados, afinal quem n\u00e3o gosta? Com esse Umidificador e Aromatizador ficou mais f\u00e1cil ter seu ambiente cheiroso e perfumado, Al\u00e9m de mais bonito [&hellip;]\n","protected":false},"featured_media":29852,"comment_status":"open","ping_status":"closed","template":"","meta":{"_bbp_topic_count":0,"_bbp_reply_count":0,"_bbp_total_topic_count":0,"_bbp_total_reply_count":0,"_bbp_voice_count":0,"_bbp_anonymous_reply_count":0,"_bbp_topic_count_hidden":0,"_bbp_reply_count_hidden":0,"_bbp_forum_subforum_count":0,"_joinchat":[]},"product_brand":[],"product_cat":[107],"product_tag":[],"class_list":{"0":"post-29851","1":"product","2":"type-product","3":"status-publish","4":"has-post-thumbnail","6":"product_cat-acessorios","8":"first","9":"instock","10":"taxable","11":"shipping-taxable","12":"purchasable","13":"product-type-simple"},"_links":{"self":[{"href":"https:\/\/www.saralinatacado.com.br\/loja\/wp-json\/wp\/v2\/product\/29851","targetHints":{"allow":["GET"]}}],"collection":[{"href":"https:\/\/www.saralinatacado.com.br\/loja\/wp-json\/wp\/v2\/product"}],"about":[{"href":"https:\/\/www.saralinatacado.com.br\/loja\/wp-json\/wp\/v2\/types\/product"}],"replies":[{"embeddable":true,"href":"https:\/\/www.saralinatacado.com.br\/loja\/wp-json\/wp\/v2\/comments?post=29851"}],"wp:featuredmedia":[{"embeddable":true,"href":"https:\/\/www.saralinatacado.com.br\/loja\/wp-json\/wp\/v2\/media\/29852"}],"wp:attachment":[{"href":"https:\/\/www.saralinatacado.com.br\/loja\/wp-json\/wp\/v2\/media?parent=29851"}],"wp:term":[{"taxonomy":"product_brand","embeddable":true,"href":"https:\/\/www.saralinatacado.com.br\/loja\/wp-json\/wp\/v2\/product_brand?post=29851"},{"taxonomy":"product_cat","embeddable":true,"href":"https:\/\/www.saralinatacado.com.br\/loja\/wp-json\/wp\/v2\/product_cat?post=29851"},{"taxonomy":"product_tag","embeddable":true,"href":"https:\/\/www.saralinatacado.com.br\/loja\/wp-json\/wp\/v2\/product_tag?post=29851"}],"curies":[{"name":"wp","href":"https:\/\/api.w.org\/{rel}","templated":true}]}}