{"id":29843,"date":"2023-10-26T13:13:24","date_gmt":"2023-10-26T13:13:24","guid":{"rendered":"https:\/\/www.saralinatacado.com.br\/loja\/?post_type=product&#038;p=29843"},"modified":"2023-10-26T13:13:24","modified_gmt":"2023-10-26T13:13:24","slug":"bomba-eletrica-galao-de-agua-recarregavel-it-blue","status":"publish","type":"product","link":"https:\/\/www.saralinatacado.com.br\/loja\/produto\/bomba-eletrica-galao-de-agua-recarregavel-it-blue\/","title":{"rendered":"Bomba el\u00e9trica Gal\u00e3o de \u00e1gua recarreg\u00e1vel &#8211; it-Blue"},"content":{"rendered":"<h2 class=\"sc-kpDqfm ivZCgz\" data-testid=\"product-detail-label\">Informa\u00e7\u00f5es do Produto<\/h2>\n<p><span class=\"sc-kpDqfm qhIEo\" data-testid=\"product-detail-title\">Bomba el\u00e9trica Gal\u00e3o de \u00e1gua recarreg\u00e1vel<\/span><\/p>\n<div class=\"sc-fqkvVR heuZyN sc-dnvZjJ dtJjfe\" data-testid=\"product-detail-description\">\n<div class=\"sc-fqkvVR hlqElk sc-jcdlHQ cxsdMT\" data-testid=\"rich-content-container\">Esque\u00e7a o peso de virar o gal\u00e3o no antigo bebedouro apresentamos uma forma diferente e simples, onde voc\u00ea pode levar qualquer lugar e encaixar em qualquer modelo de gal\u00e3o tranquilamente. A bomba para gal\u00e3o de \u00e1gua el\u00e9trica recarreg\u00e1vel \u00e9 universal, que serve gal\u00f5es e garraf\u00f5es de 5L, 10L, 20L e similares. Especifica\u00e7\u00f5es do Produto: Bateria Forte:- Pode durar em torno de 08 (oito) Gal\u00f5es de \u00c1gua de at\u00e9 20 Litros. Carga: Na primeira carga recomendamos deixar entre 3h \u00e0 5h. Ap\u00f3s outros carregamentos a carga estar\u00e1 completa em at\u00e9 3h de carregamento. (Depois da primeira recarga pode ser usada quando estiver carregando). Uso Universal: Servem todos os tamanhos de gal\u00f5es e garraf\u00f5es de 5L, 10L, 20L e similares. Tamanho do Produto: Pequeno. Voltagem: 12V (Precisa de fonte de celular) Peso Bruto: 415 G \u2013 Peso L\u00edquido: 300 G Composi\u00e7\u00e3o Do Bebedouro: A\u00e7o Inox 304, Pl\u00e1sticos (PP, ABS, EVA), Silicones, Alum\u00ednio, Bateria de Li-Ion, Circuito eletr\u00f4nico. ITENS INCLUSOS 1x Unidades do bebedouro dispenser 1x Unidades Haste de Metal (Tubo) 1x Unidades de Mangueira de Silicone 1x Unidades do Manual do Produto. 1x Unidades do Cabo USB. D\u00daVIDAS: \u2013 PRODUTO PRECISA DE FONTE DE CELULAR QUE N\u00c3O ACOMPANHA COM O PRODUTO \u2013 N\u00c3O TEM FUN\u00c7\u00c3O DE GELAR AGUA \u2013 CADA BEBEDOURO VEM EMBALADO INDIVIDUALMENTE EM SUA CAIXA ORIGINAL. \u2013 O ENVIO DAS CORES \u00c9 REALIZADO DE FORMA ALEAT\u00d3RIA.<\/div>\n<\/div>\n","protected":false},"excerpt":{"rendered":"<p>Informa\u00e7\u00f5es do Produto Bomba el\u00e9trica Gal\u00e3o de \u00e1gua recarreg\u00e1vel Esque\u00e7a o peso de virar o gal\u00e3o no antigo bebedouro apresentamos uma forma diferente e simples, onde voc\u00ea pode levar qualquer lugar e encaixar em qualquer modelo de gal\u00e3o tranquilamente. A bomba para gal\u00e3o de \u00e1gua el\u00e9trica recarreg\u00e1vel \u00e9 universal, que serve gal\u00f5es e garraf\u00f5es de [&hellip;]\n","protected":false},"featured_media":29845,"comment_status":"open","ping_status":"closed","template":"","meta":{"_bbp_topic_count":0,"_bbp_reply_count":0,"_bbp_total_topic_count":0,"_bbp_total_reply_count":0,"_bbp_voice_count":0,"_bbp_anonymous_reply_count":0,"_bbp_topic_count_hidden":0,"_bbp_reply_count_hidden":0,"_bbp_forum_subforum_count":0,"_joinchat":[]},"product_brand":[],"product_cat":[107],"product_tag":[],"class_list":{"0":"post-29843","1":"product","2":"type-product","3":"status-publish","4":"has-post-thumbnail","6":"product_cat-acessorios","8":"first","9":"instock","10":"taxable","11":"shipping-taxable","12":"purchasable","13":"product-type-simple"},"_links":{"self":[{"href":"https:\/\/www.saralinatacado.com.br\/loja\/wp-json\/wp\/v2\/product\/29843","targetHints":{"allow":["GET"]}}],"collection":[{"href":"https:\/\/www.saralinatacado.com.br\/loja\/wp-json\/wp\/v2\/product"}],"about":[{"href":"https:\/\/www.saralinatacado.com.br\/loja\/wp-json\/wp\/v2\/types\/product"}],"replies":[{"embeddable":true,"href":"https:\/\/www.saralinatacado.com.br\/loja\/wp-json\/wp\/v2\/comments?post=29843"}],"wp:featuredmedia":[{"embeddable":true,"href":"https:\/\/www.saralinatacado.com.br\/loja\/wp-json\/wp\/v2\/media\/29845"}],"wp:attachment":[{"href":"https:\/\/www.saralinatacado.com.br\/loja\/wp-json\/wp\/v2\/media?parent=29843"}],"wp:term":[{"taxonomy":"product_brand","embeddable":true,"href":"https:\/\/www.saralinatacado.com.br\/loja\/wp-json\/wp\/v2\/product_brand?post=29843"},{"taxonomy":"product_cat","embeddable":true,"href":"https:\/\/www.saralinatacado.com.br\/loja\/wp-json\/wp\/v2\/product_cat?post=29843"},{"taxonomy":"product_tag","embeddable":true,"href":"https:\/\/www.saralinatacado.com.br\/loja\/wp-json\/wp\/v2\/product_tag?post=29843"}],"curies":[{"name":"wp","href":"https:\/\/api.w.org\/{rel}","templated":true}]}}