{"id":29838,"date":"2023-10-26T13:09:43","date_gmt":"2023-10-26T13:09:43","guid":{"rendered":"https:\/\/www.saralinatacado.com.br\/loja\/?post_type=product&#038;p=29838"},"modified":"2023-10-26T13:09:43","modified_gmt":"2023-10-26T13:09:43","slug":"controle-joystick-ipega-9021-xbox-android-celular-pc-gamepad-ipega","status":"publish","type":"product","link":"https:\/\/www.saralinatacado.com.br\/loja\/produto\/controle-joystick-ipega-9021-xbox-android-celular-pc-gamepad-ipega\/","title":{"rendered":"Controle Joystick Ipega 9021 Xbox Android Celular Pc Gamepad &#8211; Ip\u00e9ga"},"content":{"rendered":"<h2 class=\"sc-kpDqfm ivZCgz\" data-testid=\"product-detail-label\">Informa\u00e7\u00f5es do Produto<\/h2>\n<p><span class=\"sc-kpDqfm qhIEo\" data-testid=\"product-detail-title\">Controle Joystick Ipega 9021 Xbox Android Celular Pc Gamepad<\/span><\/p>\n<div class=\"sc-fqkvVR heuZyN sc-dnvZjJ dtJjfe\" data-testid=\"product-detail-description\">\n<div class=\"sc-fqkvVR hlqElk sc-jcdlHQ cxsdMT\" data-testid=\"rich-content-container\">Este \u00e9 o mais recente Gamepad sem fio Bluetooth que suporta jogos Android \/ PC. Exclusiva plataforma de aplicativos de jogos, o curso cl\u00e1ssico m\u00e3o sob controle Built-in bateria de l\u00edtio. Ap\u00f3s o carregamento, pode ser sustent\u00e1vel por 15 horas. Seguro e est\u00e1vel. Com o suporte telesc\u00f3pico, o telefone pode ser colocado no suporte Apoio m\u00e1ximo para o telefone m\u00f3vel de 6 polegadas). F\u00e1cil para jogar jogos. Bluetooth 3.0 transmiss\u00f5es sem fio pode suportar 6-8 metros ampla gama de controle da opera\u00e7\u00e3o. F\u00e1cil de usar o software projetado para entrar no modo de economia de energia sem conex\u00e3o estado. Suporte Android . Compat\u00edvel com a grande maioria dos PCs tablet Android. Jogo de Suporte Descri\u00e7\u00e3o: Sistema Sob Android, suporta a grande maioria dos jogos e jogos de simuladores. Jogos feitos exclusivamente para tela touch podem n\u00e3o funcionar. Especifica\u00e7\u00f5es &#8211; Modelo: PG-9021 &#8211; Bluetooth : 3.0 &#8211; Dist\u00e2ncia : 6 ~ 8M &#8211; Tens\u00e3o de funcionamento : DC3.7V &#8211; Capacidade da bateria: 500mAh &#8211; Entrada: DC5V 500mA &#8211; Dimens\u00f5es: 16 cm x 11,5 cm x 6 cm (Celulares ate 6 polegadas) &#8211; Peso: 182 gramas Compatibilidade Todos Smartphones e celular com bluetooth com sistema Android Conte\u00fado da Embalagem: 1 x Controle Ipega 1 x Cabo de carregamento 1 x Manual<\/div>\n<\/div>\n","protected":false},"excerpt":{"rendered":"<p>Informa\u00e7\u00f5es do Produto Controle Joystick Ipega 9021 Xbox Android Celular Pc Gamepad Este \u00e9 o mais recente Gamepad sem fio Bluetooth que suporta jogos Android \/ PC. Exclusiva plataforma de aplicativos de jogos, o curso cl\u00e1ssico m\u00e3o sob controle Built-in bateria de l\u00edtio. Ap\u00f3s o carregamento, pode ser sustent\u00e1vel por 15 horas. Seguro e est\u00e1vel. [&hellip;]\n","protected":false},"featured_media":29842,"comment_status":"open","ping_status":"closed","template":"","meta":{"_bbp_topic_count":0,"_bbp_reply_count":0,"_bbp_total_topic_count":0,"_bbp_total_reply_count":0,"_bbp_voice_count":0,"_bbp_anonymous_reply_count":0,"_bbp_topic_count_hidden":0,"_bbp_reply_count_hidden":0,"_bbp_forum_subforum_count":0,"_joinchat":[]},"product_brand":[],"product_cat":[107,174],"product_tag":[],"class_list":{"0":"post-29838","1":"product","2":"type-product","3":"status-publish","4":"has-post-thumbnail","6":"product_cat-acessorios","7":"product_cat-game","9":"first","10":"instock","11":"taxable","12":"shipping-taxable","13":"purchasable","14":"product-type-simple"},"_links":{"self":[{"href":"https:\/\/www.saralinatacado.com.br\/loja\/wp-json\/wp\/v2\/product\/29838","targetHints":{"allow":["GET"]}}],"collection":[{"href":"https:\/\/www.saralinatacado.com.br\/loja\/wp-json\/wp\/v2\/product"}],"about":[{"href":"https:\/\/www.saralinatacado.com.br\/loja\/wp-json\/wp\/v2\/types\/product"}],"replies":[{"embeddable":true,"href":"https:\/\/www.saralinatacado.com.br\/loja\/wp-json\/wp\/v2\/comments?post=29838"}],"wp:featuredmedia":[{"embeddable":true,"href":"https:\/\/www.saralinatacado.com.br\/loja\/wp-json\/wp\/v2\/media\/29842"}],"wp:attachment":[{"href":"https:\/\/www.saralinatacado.com.br\/loja\/wp-json\/wp\/v2\/media?parent=29838"}],"wp:term":[{"taxonomy":"product_brand","embeddable":true,"href":"https:\/\/www.saralinatacado.com.br\/loja\/wp-json\/wp\/v2\/product_brand?post=29838"},{"taxonomy":"product_cat","embeddable":true,"href":"https:\/\/www.saralinatacado.com.br\/loja\/wp-json\/wp\/v2\/product_cat?post=29838"},{"taxonomy":"product_tag","embeddable":true,"href":"https:\/\/www.saralinatacado.com.br\/loja\/wp-json\/wp\/v2\/product_tag?post=29838"}],"curies":[{"name":"wp","href":"https:\/\/api.w.org\/{rel}","templated":true}]}}