{"id":29835,"date":"2023-10-26T13:04:15","date_gmt":"2023-10-26T13:04:15","guid":{"rendered":"https:\/\/www.saralinatacado.com.br\/loja\/?post_type=product&#038;p=29835"},"modified":"2023-10-26T13:04:15","modified_gmt":"2023-10-26T13:04:15","slug":"fone-de-ouvido-headset-gamer-g20","status":"publish","type":"product","link":"https:\/\/www.saralinatacado.com.br\/loja\/produto\/fone-de-ouvido-headset-gamer-g20\/","title":{"rendered":"Fone De Ouvido Headset Gamer G20"},"content":{"rendered":"<p>FONE GAMER G20 \u00e9 considerado o melhor fone no quesito custo e beneficio do mercado, Com plugin P3 vc n\u00e3o precisa de adaptadores para conectar microfone, excelente n\u00e9? Tenha a melhor experiencia em seus jogos e m\u00fasicas. Adquira j\u00e1 o seu !!! * 100% novo e de alta qualidade. * Microfone HD de alta fidelidade. * Excelente desempenho de som. * Desigh ergon\u00f4mico e almofadas macias para conforto extra. * Ajuste de Tamanho. * Ajuste Volume de Audio. * Plugue padr\u00e3o de 3,5 mm, banhado a n\u00edquel. * Compat\u00edvel com PS4 \/ XBOX ONE Todos os CELULARES \/ PC e muito mais. Faixa de freq\u00fc\u00eancia: 20-20khz Sensibilidade: 108 \u00b1 3dB Imped\u00e2ncia: 32O Sensibilidade do mic:-54db Comprimento do cabo: aprox. 1.2m \/ 3.93ft Tomada de entrada: plugue de 3.5mm Cor: preto com azul e preto com vermelho<\/p>\n","protected":false},"excerpt":{"rendered":"<p>FONE GAMER G20 \u00e9 considerado o melhor fone no quesito custo e beneficio do mercado, Com plugin P3 vc n\u00e3o precisa de adaptadores para conectar microfone, excelente n\u00e9? Tenha a melhor experiencia em seus jogos e m\u00fasicas. Adquira j\u00e1 o seu !!! * 100% novo e de alta qualidade. * Microfone HD de alta fidelidade. [&hellip;]\n","protected":false},"featured_media":29836,"comment_status":"open","ping_status":"closed","template":"","meta":{"_bbp_topic_count":0,"_bbp_reply_count":0,"_bbp_total_topic_count":0,"_bbp_total_reply_count":0,"_bbp_voice_count":0,"_bbp_anonymous_reply_count":0,"_bbp_topic_count_hidden":0,"_bbp_reply_count_hidden":0,"_bbp_forum_subforum_count":0,"_joinchat":[]},"product_brand":[],"product_cat":[210,174],"product_tag":[],"class_list":{"0":"post-29835","1":"product","2":"type-product","3":"status-publish","4":"has-post-thumbnail","6":"product_cat-fones","7":"product_cat-game","9":"first","10":"instock","11":"taxable","12":"shipping-taxable","13":"purchasable","14":"product-type-simple"},"_links":{"self":[{"href":"https:\/\/www.saralinatacado.com.br\/loja\/wp-json\/wp\/v2\/product\/29835","targetHints":{"allow":["GET"]}}],"collection":[{"href":"https:\/\/www.saralinatacado.com.br\/loja\/wp-json\/wp\/v2\/product"}],"about":[{"href":"https:\/\/www.saralinatacado.com.br\/loja\/wp-json\/wp\/v2\/types\/product"}],"replies":[{"embeddable":true,"href":"https:\/\/www.saralinatacado.com.br\/loja\/wp-json\/wp\/v2\/comments?post=29835"}],"wp:featuredmedia":[{"embeddable":true,"href":"https:\/\/www.saralinatacado.com.br\/loja\/wp-json\/wp\/v2\/media\/29836"}],"wp:attachment":[{"href":"https:\/\/www.saralinatacado.com.br\/loja\/wp-json\/wp\/v2\/media?parent=29835"}],"wp:term":[{"taxonomy":"product_brand","embeddable":true,"href":"https:\/\/www.saralinatacado.com.br\/loja\/wp-json\/wp\/v2\/product_brand?post=29835"},{"taxonomy":"product_cat","embeddable":true,"href":"https:\/\/www.saralinatacado.com.br\/loja\/wp-json\/wp\/v2\/product_cat?post=29835"},{"taxonomy":"product_tag","embeddable":true,"href":"https:\/\/www.saralinatacado.com.br\/loja\/wp-json\/wp\/v2\/product_tag?post=29835"}],"curies":[{"name":"wp","href":"https:\/\/api.w.org\/{rel}","templated":true}]}}