{"id":29831,"date":"2023-10-26T13:00:00","date_gmt":"2023-10-26T13:00:00","guid":{"rendered":"https:\/\/www.saralinatacado.com.br\/loja\/?post_type=product&#038;p=29831"},"modified":"2023-10-26T13:00:00","modified_gmt":"2023-10-26T13:00:00","slug":"fone-de-ouvido-headset-home-office-escritorio-kapbom-ka-753","status":"publish","type":"product","link":"https:\/\/www.saralinatacado.com.br\/loja\/produto\/fone-de-ouvido-headset-home-office-escritorio-kapbom-ka-753\/","title":{"rendered":"Fone De Ouvido Headset Home Office Escritorio Kapbom Ka 753"},"content":{"rendered":"<p>Especifica\u00e7\u00e3o:<br \/>\n&#8211; 100% Novo e Lacrada<br \/>\n&#8211; Marca: Kapbom<br \/>\n&#8211; Modelo: KA-753<br \/>\n&#8211; Cor: Preto<br \/>\n&#8211; Comprimento do cabo: 140cm<br \/>\n&#8211; Tipo de conex\u00e3o: 3,5mm<br \/>\n&#8211; Imped\u00e2ncia: 32 ohms<br \/>\n&#8211; Unidade: 27mm<br \/>\n&#8211; Frequ\u00eancia: 20HZ-20kHz<br \/>\n&#8211; Potencia de sa\u00edda: 150mW<br \/>\n&#8211; Sensibilidade: 100dB<br \/>\n&#8211; Microfone: Omnidireccional<br \/>\n&#8211; Frequ\u00eancia: 30H -16kHz<br \/>\n&#8211; Impedancia: 2.2K ohm<br \/>\n&#8211; Sensibilidade: -58DB + 3dB M\u00e1xima<\/p>\n","protected":false},"excerpt":{"rendered":"<p>Especifica\u00e7\u00e3o: &#8211; 100% Novo e Lacrada &#8211; Marca: Kapbom &#8211; Modelo: KA-753 &#8211; Cor: Preto &#8211; Comprimento do cabo: 140cm &#8211; Tipo de conex\u00e3o: 3,5mm &#8211; Imped\u00e2ncia: 32 ohms &#8211; Unidade: 27mm &#8211; Frequ\u00eancia: 20HZ-20kHz &#8211; Potencia de sa\u00edda: 150mW &#8211; Sensibilidade: 100dB &#8211; Microfone: Omnidireccional &#8211; Frequ\u00eancia: 30H -16kHz &#8211; Impedancia: 2.2K ohm &#8211; [&hellip;]\n","protected":false},"featured_media":29832,"comment_status":"open","ping_status":"closed","template":"","meta":{"_bbp_topic_count":0,"_bbp_reply_count":0,"_bbp_total_topic_count":0,"_bbp_total_reply_count":0,"_bbp_voice_count":0,"_bbp_anonymous_reply_count":0,"_bbp_topic_count_hidden":0,"_bbp_reply_count_hidden":0,"_bbp_forum_subforum_count":0,"_joinchat":[]},"product_brand":[],"product_cat":[210],"product_tag":[],"class_list":{"0":"post-29831","1":"product","2":"type-product","3":"status-publish","4":"has-post-thumbnail","6":"product_cat-fones","8":"first","9":"instock","10":"taxable","11":"shipping-taxable","12":"purchasable","13":"product-type-simple"},"_links":{"self":[{"href":"https:\/\/www.saralinatacado.com.br\/loja\/wp-json\/wp\/v2\/product\/29831","targetHints":{"allow":["GET"]}}],"collection":[{"href":"https:\/\/www.saralinatacado.com.br\/loja\/wp-json\/wp\/v2\/product"}],"about":[{"href":"https:\/\/www.saralinatacado.com.br\/loja\/wp-json\/wp\/v2\/types\/product"}],"replies":[{"embeddable":true,"href":"https:\/\/www.saralinatacado.com.br\/loja\/wp-json\/wp\/v2\/comments?post=29831"}],"wp:featuredmedia":[{"embeddable":true,"href":"https:\/\/www.saralinatacado.com.br\/loja\/wp-json\/wp\/v2\/media\/29832"}],"wp:attachment":[{"href":"https:\/\/www.saralinatacado.com.br\/loja\/wp-json\/wp\/v2\/media?parent=29831"}],"wp:term":[{"taxonomy":"product_brand","embeddable":true,"href":"https:\/\/www.saralinatacado.com.br\/loja\/wp-json\/wp\/v2\/product_brand?post=29831"},{"taxonomy":"product_cat","embeddable":true,"href":"https:\/\/www.saralinatacado.com.br\/loja\/wp-json\/wp\/v2\/product_cat?post=29831"},{"taxonomy":"product_tag","embeddable":true,"href":"https:\/\/www.saralinatacado.com.br\/loja\/wp-json\/wp\/v2\/product_tag?post=29831"}],"curies":[{"name":"wp","href":"https:\/\/api.w.org\/{rel}","templated":true}]}}