{"id":29827,"date":"2023-10-25T19:21:19","date_gmt":"2023-10-25T19:21:19","guid":{"rendered":"https:\/\/www.saralinatacado.com.br\/loja\/?post_type=product&#038;p=29827"},"modified":"2023-10-25T19:21:19","modified_gmt":"2023-10-25T19:21:19","slug":"fone-de-ouvido-sem-fio-bluetooth-e-sd-mex-b-05-preto","status":"publish","type":"product","link":"https:\/\/www.saralinatacado.com.br\/loja\/produto\/fone-de-ouvido-sem-fio-bluetooth-e-sd-mex-b-05-preto\/","title":{"rendered":"Fone de Ouvido Sem Fio Bluetooth e SD Mex B-05 &#8211; Preto"},"content":{"rendered":"<p><span class=\"a-text-bold\">Especifica\u00e7\u00f5es T\u00e9cnicas:<\/span><\/p>\n<p>Bluetooth: 2.1 classe 2<\/p>\n<p>Faixa de Frequ\u00eancia: 2.4 GHz \u2013 2.48 GHz<\/p>\n<p>Resposta de Frequ\u00eancia: 80 Hz \u2013 20 KHz<\/p>\n<p>Perfil Suportado: A2DP e AVRCP<\/p>\n<p>Chipset: JL<\/p>\n<p>Alcance do Bluetooth: 8 metros<\/p>\n<p>Dura\u00e7\u00e3o da Bateria, M\u00fasica: 9 horas<\/p>\n<p>Dura\u00e7\u00e3o da Bateria, Chamadas: 10 horas<\/p>\n<p>Tempo de Recarga: 2 a 3 horas<\/p>\n<p>Imped\u00e2ncia: 32<\/p>\n<p>Pot\u00eancia: 10mW<\/p>\n","protected":false},"excerpt":{"rendered":"<p>Especifica\u00e7\u00f5es T\u00e9cnicas: Bluetooth: 2.1 classe 2 Faixa de Frequ\u00eancia: 2.4 GHz \u2013 2.48 GHz Resposta de Frequ\u00eancia: 80 Hz \u2013 20 KHz Perfil Suportado: A2DP e AVRCP Chipset: JL Alcance do Bluetooth: 8 metros Dura\u00e7\u00e3o da Bateria, M\u00fasica: 9 horas Dura\u00e7\u00e3o da Bateria, Chamadas: 10 horas Tempo de Recarga: 2 a 3 horas Imped\u00e2ncia: 32 [&hellip;]\n","protected":false},"featured_media":29828,"comment_status":"open","ping_status":"closed","template":"","meta":{"_bbp_topic_count":0,"_bbp_reply_count":0,"_bbp_total_topic_count":0,"_bbp_total_reply_count":0,"_bbp_voice_count":0,"_bbp_anonymous_reply_count":0,"_bbp_topic_count_hidden":0,"_bbp_reply_count_hidden":0,"_bbp_forum_subforum_count":0,"_joinchat":[]},"product_brand":[],"product_cat":[210],"product_tag":[],"class_list":{"0":"post-29827","1":"product","2":"type-product","3":"status-publish","4":"has-post-thumbnail","6":"product_cat-fones","8":"first","9":"instock","10":"taxable","11":"shipping-taxable","12":"purchasable","13":"product-type-simple"},"_links":{"self":[{"href":"https:\/\/www.saralinatacado.com.br\/loja\/wp-json\/wp\/v2\/product\/29827","targetHints":{"allow":["GET"]}}],"collection":[{"href":"https:\/\/www.saralinatacado.com.br\/loja\/wp-json\/wp\/v2\/product"}],"about":[{"href":"https:\/\/www.saralinatacado.com.br\/loja\/wp-json\/wp\/v2\/types\/product"}],"replies":[{"embeddable":true,"href":"https:\/\/www.saralinatacado.com.br\/loja\/wp-json\/wp\/v2\/comments?post=29827"}],"wp:featuredmedia":[{"embeddable":true,"href":"https:\/\/www.saralinatacado.com.br\/loja\/wp-json\/wp\/v2\/media\/29828"}],"wp:attachment":[{"href":"https:\/\/www.saralinatacado.com.br\/loja\/wp-json\/wp\/v2\/media?parent=29827"}],"wp:term":[{"taxonomy":"product_brand","embeddable":true,"href":"https:\/\/www.saralinatacado.com.br\/loja\/wp-json\/wp\/v2\/product_brand?post=29827"},{"taxonomy":"product_cat","embeddable":true,"href":"https:\/\/www.saralinatacado.com.br\/loja\/wp-json\/wp\/v2\/product_cat?post=29827"},{"taxonomy":"product_tag","embeddable":true,"href":"https:\/\/www.saralinatacado.com.br\/loja\/wp-json\/wp\/v2\/product_tag?post=29827"}],"curies":[{"name":"wp","href":"https:\/\/api.w.org\/{rel}","templated":true}]}}