{"id":29815,"date":"2023-10-25T18:40:54","date_gmt":"2023-10-25T18:40:54","guid":{"rendered":"https:\/\/www.saralinatacado.com.br\/loja\/?post_type=product&#038;p=29815"},"modified":"2023-10-25T18:40:54","modified_gmt":"2023-10-25T18:40:54","slug":"fone-de-ouvido-com-microfone-para-pc-ou-notebook-super-bass-sy-301-souye","status":"publish","type":"product","link":"https:\/\/www.saralinatacado.com.br\/loja\/produto\/fone-de-ouvido-com-microfone-para-pc-ou-notebook-super-bass-sy-301-souye\/","title":{"rendered":"Fone De Ouvido Com Microfone Para PC ou Notebook Super Bass SY-301 &#8211; SOUYE"},"content":{"rendered":"<h2 class=\"sc-kpDqfm ivZCgz\" data-testid=\"product-detail-label\">Informa\u00e7\u00f5es do Produto<\/h2>\n<p><span class=\"sc-kpDqfm qhIEo\" data-testid=\"product-detail-title\">Fone De Ouvido Com Microfone Para PC ou Notebook Super Bass SY-301<\/span><\/p>\n<div class=\"sc-fqkvVR heuZyN sc-dnvZjJ dtJjfe\" data-testid=\"product-detail-description\">\n<div class=\"sc-fqkvVR hlqElk sc-jcdlHQ cxsdMT\" data-testid=\"rich-content-container\">Fone De Ouvido Com Microfone Para PC ou Notebook Super Bass Prata SY-301 Fone Headset para PC ou Notebook de alt\u00edssima qualidade. Este produto possui 2 cabos com adaptadores P2 machos que devem ser ligados na entrada de microfone do equipamento e a outra ponta na sa\u00edda de fone (para alguns modelos ser\u00e1 necess\u00e1rio o uso do conector P3). Caracter\u00edsticas:<br \/>\n&#8211; Modelo: Headphone<br \/>\n&#8211; N\u00famero do Modelo: SY-301<br \/>\n&#8211; Marca: Souye<br \/>\n&#8211; Cor: Prata Especifica\u00e7\u00f5es:<br \/>\n&#8211; Alto Falante Di\u00e2metro:40mm<br \/>\n&#8211; Conex\u00e3o: mini Jack 3.5mm (P2)<br \/>\n&#8211; Pot\u00eancia M\u00e1xima: 100mW RMS<br \/>\n&#8211; Resposta de Frequ\u00eancia: 20Hz 20Khz<br \/>\n&#8211; Sensibilidade: 102dB \/mW<br \/>\n&#8211; imped\u00e2ncia: 32 Ohms<br \/>\n&#8211; Pot\u00eancia:150mW<br \/>\n&#8211; Pot\u00eancia Nominal: 15mW: Microfone- Di\u00e2metro: 6X5mm<br \/>\n&#8211; Conector: 3.5mm (P2)<br \/>\n&#8211; Tipo Elemento: Condensador eletr\u00f4nico<br \/>\n&#8211; Direcionamento: Omnidirecional<br \/>\n&#8211; Frequ\u00eancia de Resposta: 30Hz 16KHz<br \/>\n&#8211; Sensibilidade: -58dB \u00b1 3dB<br \/>\n&#8211; Haste Flex\u00edvel<\/div>\n<\/div>\n","protected":false},"excerpt":{"rendered":"<p>Informa\u00e7\u00f5es do Produto Fone De Ouvido Com Microfone Para PC ou Notebook Super Bass SY-301 Fone De Ouvido Com Microfone Para PC ou Notebook Super Bass Prata SY-301 Fone Headset para PC ou Notebook de alt\u00edssima qualidade. Este produto possui 2 cabos com adaptadores P2 machos que devem ser ligados na entrada de microfone do [&hellip;]\n","protected":false},"featured_media":29816,"comment_status":"open","ping_status":"closed","template":"","meta":{"_bbp_topic_count":0,"_bbp_reply_count":0,"_bbp_total_topic_count":0,"_bbp_total_reply_count":0,"_bbp_voice_count":0,"_bbp_anonymous_reply_count":0,"_bbp_topic_count_hidden":0,"_bbp_reply_count_hidden":0,"_bbp_forum_subforum_count":0,"_joinchat":[]},"product_brand":[],"product_cat":[210],"product_tag":[],"class_list":{"0":"post-29815","1":"product","2":"type-product","3":"status-publish","4":"has-post-thumbnail","6":"product_cat-fones","8":"first","9":"instock","10":"taxable","11":"shipping-taxable","12":"purchasable","13":"product-type-simple"},"_links":{"self":[{"href":"https:\/\/www.saralinatacado.com.br\/loja\/wp-json\/wp\/v2\/product\/29815","targetHints":{"allow":["GET"]}}],"collection":[{"href":"https:\/\/www.saralinatacado.com.br\/loja\/wp-json\/wp\/v2\/product"}],"about":[{"href":"https:\/\/www.saralinatacado.com.br\/loja\/wp-json\/wp\/v2\/types\/product"}],"replies":[{"embeddable":true,"href":"https:\/\/www.saralinatacado.com.br\/loja\/wp-json\/wp\/v2\/comments?post=29815"}],"wp:featuredmedia":[{"embeddable":true,"href":"https:\/\/www.saralinatacado.com.br\/loja\/wp-json\/wp\/v2\/media\/29816"}],"wp:attachment":[{"href":"https:\/\/www.saralinatacado.com.br\/loja\/wp-json\/wp\/v2\/media?parent=29815"}],"wp:term":[{"taxonomy":"product_brand","embeddable":true,"href":"https:\/\/www.saralinatacado.com.br\/loja\/wp-json\/wp\/v2\/product_brand?post=29815"},{"taxonomy":"product_cat","embeddable":true,"href":"https:\/\/www.saralinatacado.com.br\/loja\/wp-json\/wp\/v2\/product_cat?post=29815"},{"taxonomy":"product_tag","embeddable":true,"href":"https:\/\/www.saralinatacado.com.br\/loja\/wp-json\/wp\/v2\/product_tag?post=29815"}],"curies":[{"name":"wp","href":"https:\/\/api.w.org\/{rel}","templated":true}]}}