{"id":29812,"date":"2023-10-25T18:37:56","date_gmt":"2023-10-25T18:37:56","guid":{"rendered":"https:\/\/www.saralinatacado.com.br\/loja\/?post_type=product&#038;p=29812"},"modified":"2023-10-25T18:37:56","modified_gmt":"2023-10-25T18:37:56","slug":"fone-de-ouvido-headset-xbox-360-com-microfone-e-volume-100mw-kp-324-knup","status":"publish","type":"product","link":"https:\/\/www.saralinatacado.com.br\/loja\/produto\/fone-de-ouvido-headset-xbox-360-com-microfone-e-volume-100mw-kp-324-knup\/","title":{"rendered":"Fone De Ouvido Headset Xbox 360 Com Microfone E Volume 100mw KP-324 Knup"},"content":{"rendered":"<p>Especifica\u00e7\u00f5es T\u00e9cnicas<\/p>\n<p>&#8211; Controle ajust\u00e1vel de volume e bot\u00e3o liga e desliga.<\/p>\n<p>&#8211; Gama de frequ\u00eancia: 20 ? 20,000 Hz<\/p>\n<p>&#8211; Imped\u00e2ncia: 32 ohm<\/p>\n<p>&#8211; Pot\u00eancia m\u00e1xima de entrada: 50\/100 Mw<\/p>\n<p>&#8211; Cumprimento do cabo: 1,5 ? 1,8m<\/p>\n<p>&#8211; Conector: 2,5mm P2<\/p>\n<p>&#8211; Para comunica\u00e7\u00e3o de jogadores e n\u00e3o para ouvir o som do jogo.<\/p>\n<p>Item da embalagem<\/p>\n<p>&#8211; 1 Fone de ouvido headset Xbox 360 com plug P2 e controle de volume<\/p>\n","protected":false},"excerpt":{"rendered":"<p>Especifica\u00e7\u00f5es T\u00e9cnicas &#8211; Controle ajust\u00e1vel de volume e bot\u00e3o liga e desliga. &#8211; Gama de frequ\u00eancia: 20 ? 20,000 Hz &#8211; Imped\u00e2ncia: 32 ohm &#8211; Pot\u00eancia m\u00e1xima de entrada: 50\/100 Mw &#8211; Cumprimento do cabo: 1,5 ? 1,8m &#8211; Conector: 2,5mm P2 &#8211; Para comunica\u00e7\u00e3o de jogadores e n\u00e3o para ouvir o som do jogo. [&hellip;]\n","protected":false},"featured_media":29814,"comment_status":"open","ping_status":"closed","template":"","meta":{"_bbp_topic_count":0,"_bbp_reply_count":0,"_bbp_total_topic_count":0,"_bbp_total_reply_count":0,"_bbp_voice_count":0,"_bbp_anonymous_reply_count":0,"_bbp_topic_count_hidden":0,"_bbp_reply_count_hidden":0,"_bbp_forum_subforum_count":0,"_joinchat":[]},"product_brand":[],"product_cat":[210,174],"product_tag":[],"class_list":{"0":"post-29812","1":"product","2":"type-product","3":"status-publish","4":"has-post-thumbnail","6":"product_cat-fones","7":"product_cat-game","9":"first","10":"instock","11":"taxable","12":"shipping-taxable","13":"purchasable","14":"product-type-simple"},"_links":{"self":[{"href":"https:\/\/www.saralinatacado.com.br\/loja\/wp-json\/wp\/v2\/product\/29812","targetHints":{"allow":["GET"]}}],"collection":[{"href":"https:\/\/www.saralinatacado.com.br\/loja\/wp-json\/wp\/v2\/product"}],"about":[{"href":"https:\/\/www.saralinatacado.com.br\/loja\/wp-json\/wp\/v2\/types\/product"}],"replies":[{"embeddable":true,"href":"https:\/\/www.saralinatacado.com.br\/loja\/wp-json\/wp\/v2\/comments?post=29812"}],"wp:featuredmedia":[{"embeddable":true,"href":"https:\/\/www.saralinatacado.com.br\/loja\/wp-json\/wp\/v2\/media\/29814"}],"wp:attachment":[{"href":"https:\/\/www.saralinatacado.com.br\/loja\/wp-json\/wp\/v2\/media?parent=29812"}],"wp:term":[{"taxonomy":"product_brand","embeddable":true,"href":"https:\/\/www.saralinatacado.com.br\/loja\/wp-json\/wp\/v2\/product_brand?post=29812"},{"taxonomy":"product_cat","embeddable":true,"href":"https:\/\/www.saralinatacado.com.br\/loja\/wp-json\/wp\/v2\/product_cat?post=29812"},{"taxonomy":"product_tag","embeddable":true,"href":"https:\/\/www.saralinatacado.com.br\/loja\/wp-json\/wp\/v2\/product_tag?post=29812"}],"curies":[{"name":"wp","href":"https:\/\/api.w.org\/{rel}","templated":true}]}}