{"id":29809,"date":"2023-10-25T18:34:41","date_gmt":"2023-10-25T18:34:41","guid":{"rendered":"https:\/\/www.saralinatacado.com.br\/loja\/?post_type=product&#038;p=29809"},"modified":"2023-10-25T18:34:41","modified_gmt":"2023-10-25T18:34:41","slug":"fone-de-ouvido-it-blue-le-0204x-foninho-para-celular-com-microfone-integrado-alta-fidelidade-fone-estereo","status":"publish","type":"product","link":"https:\/\/www.saralinatacado.com.br\/loja\/produto\/fone-de-ouvido-it-blue-le-0204x-foninho-para-celular-com-microfone-integrado-alta-fidelidade-fone-estereo\/","title":{"rendered":"fone de ouvido it blue le-0204x foninho para celular com microfone integrado alta fidelidade fone est\u00e9reo"},"content":{"rendered":"<p>Caracter\u00edsticas:<\/p>\n<p>&#8211; Plug de 3.5mm<\/p>\n<p>&#8211; Compat\u00edvel com qualquer dispositivo com entrada de 3.5mm.<\/p>\n<p>&#8211; Microfone Integrado<\/p>\n<p>&#8211; Alta Qualidade<\/p>\n<p>&#8211; Resposta de frequ\u00eancia:20hz<\/p>\n<p>&#8211; 20khz &#8211; Sensibilidade:92db +-3db<\/p>\n<p>&#8211; Cabo com: 1.2m<\/p>\n<p>&#8211; Driver de \u00e1udio:10mm<\/p>\n<p>&#8211; Imped\u00e2ncia:16 ohms +- 5%<\/p>\n","protected":false},"excerpt":{"rendered":"<p>Caracter\u00edsticas: &#8211; Plug de 3.5mm &#8211; Compat\u00edvel com qualquer dispositivo com entrada de 3.5mm. &#8211; Microfone Integrado &#8211; Alta Qualidade &#8211; Resposta de frequ\u00eancia:20hz &#8211; 20khz &#8211; Sensibilidade:92db +-3db &#8211; Cabo com: 1.2m &#8211; Driver de \u00e1udio:10mm &#8211; Imped\u00e2ncia:16 ohms +- 5%<\/p>\n","protected":false},"featured_media":29811,"comment_status":"open","ping_status":"closed","template":"","meta":{"_bbp_topic_count":0,"_bbp_reply_count":0,"_bbp_total_topic_count":0,"_bbp_total_reply_count":0,"_bbp_voice_count":0,"_bbp_anonymous_reply_count":0,"_bbp_topic_count_hidden":0,"_bbp_reply_count_hidden":0,"_bbp_forum_subforum_count":0,"_joinchat":[]},"product_brand":[],"product_cat":[106],"product_tag":[],"class_list":{"0":"post-29809","1":"product","2":"type-product","3":"status-publish","4":"has-post-thumbnail","6":"product_cat-cabos","8":"first","9":"instock","10":"taxable","11":"shipping-taxable","12":"purchasable","13":"product-type-simple"},"_links":{"self":[{"href":"https:\/\/www.saralinatacado.com.br\/loja\/wp-json\/wp\/v2\/product\/29809","targetHints":{"allow":["GET"]}}],"collection":[{"href":"https:\/\/www.saralinatacado.com.br\/loja\/wp-json\/wp\/v2\/product"}],"about":[{"href":"https:\/\/www.saralinatacado.com.br\/loja\/wp-json\/wp\/v2\/types\/product"}],"replies":[{"embeddable":true,"href":"https:\/\/www.saralinatacado.com.br\/loja\/wp-json\/wp\/v2\/comments?post=29809"}],"wp:featuredmedia":[{"embeddable":true,"href":"https:\/\/www.saralinatacado.com.br\/loja\/wp-json\/wp\/v2\/media\/29811"}],"wp:attachment":[{"href":"https:\/\/www.saralinatacado.com.br\/loja\/wp-json\/wp\/v2\/media?parent=29809"}],"wp:term":[{"taxonomy":"product_brand","embeddable":true,"href":"https:\/\/www.saralinatacado.com.br\/loja\/wp-json\/wp\/v2\/product_brand?post=29809"},{"taxonomy":"product_cat","embeddable":true,"href":"https:\/\/www.saralinatacado.com.br\/loja\/wp-json\/wp\/v2\/product_cat?post=29809"},{"taxonomy":"product_tag","embeddable":true,"href":"https:\/\/www.saralinatacado.com.br\/loja\/wp-json\/wp\/v2\/product_tag?post=29809"}],"curies":[{"name":"wp","href":"https:\/\/api.w.org\/{rel}","templated":true}]}}