{"id":29799,"date":"2023-10-25T17:57:56","date_gmt":"2023-10-25T17:57:56","guid":{"rendered":"https:\/\/www.saralinatacado.com.br\/loja\/?post_type=product&#038;p=29799"},"modified":"2023-10-25T17:57:57","modified_gmt":"2023-10-25T17:57:57","slug":"fone-de-ouvido-estereo-tipo-c-compativel-aparelhos-samsung","status":"publish","type":"product","link":"https:\/\/www.saralinatacado.com.br\/loja\/produto\/fone-de-ouvido-estereo-tipo-c-compativel-aparelhos-samsung\/","title":{"rendered":"Fone De Ouvido Est\u00e9reo Tipo C Compat\u00edvel Aparelhos Samsung"},"content":{"rendered":"<p>Caracter\u00edsticas:<\/p>\n<p>&#8211; Conversor Sistema Anal\u00f3gico para Digital Integrado<br \/>\n&#8211; Feito com materiais leves para se ajustar confortavelmente em seus ouvidos<br \/>\n&#8211; Com alto-falante duplo em cada lado<\/p>\n<p>Especifica\u00e7\u00f5es:<\/p>\n<p>&#8211; Marca: Samsung &#8211; AKG Original ( Made in Vietnam)<br \/>\n&#8211; Modelo: GH59-15252A<br \/>\n&#8211; Controle: 3 bot\u00f5es (reproduzir \/ pausar \/ aumentar e diminuir volume)<br \/>\n&#8211; Microfone: Sim<br \/>\n&#8211; Conectividade Conector de fone de ouvido Tipo-C<br \/>\n&#8211; Tipo do cabo: Cabo de tecido<br \/>\n&#8211; Extens\u00e3o do cabo: 1.2 m<\/p>\n","protected":false},"excerpt":{"rendered":"<p>Caracter\u00edsticas: &#8211; Conversor Sistema Anal\u00f3gico para Digital Integrado &#8211; Feito com materiais leves para se ajustar confortavelmente em seus ouvidos &#8211; Com alto-falante duplo em cada lado Especifica\u00e7\u00f5es: &#8211; Marca: Samsung &#8211; AKG Original ( Made in Vietnam) &#8211; Modelo: GH59-15252A &#8211; Controle: 3 bot\u00f5es (reproduzir \/ pausar \/ aumentar e diminuir volume) &#8211; Microfone: [&hellip;]\n","protected":false},"featured_media":29802,"comment_status":"open","ping_status":"closed","template":"","meta":{"_bbp_topic_count":0,"_bbp_reply_count":0,"_bbp_total_topic_count":0,"_bbp_total_reply_count":0,"_bbp_voice_count":0,"_bbp_anonymous_reply_count":0,"_bbp_topic_count_hidden":0,"_bbp_reply_count_hidden":0,"_bbp_forum_subforum_count":0,"_joinchat":[]},"product_brand":[],"product_cat":[210],"product_tag":[],"class_list":{"0":"post-29799","1":"product","2":"type-product","3":"status-publish","4":"has-post-thumbnail","6":"product_cat-fones","8":"first","9":"instock","10":"taxable","11":"shipping-taxable","12":"purchasable","13":"product-type-simple"},"_links":{"self":[{"href":"https:\/\/www.saralinatacado.com.br\/loja\/wp-json\/wp\/v2\/product\/29799","targetHints":{"allow":["GET"]}}],"collection":[{"href":"https:\/\/www.saralinatacado.com.br\/loja\/wp-json\/wp\/v2\/product"}],"about":[{"href":"https:\/\/www.saralinatacado.com.br\/loja\/wp-json\/wp\/v2\/types\/product"}],"replies":[{"embeddable":true,"href":"https:\/\/www.saralinatacado.com.br\/loja\/wp-json\/wp\/v2\/comments?post=29799"}],"wp:featuredmedia":[{"embeddable":true,"href":"https:\/\/www.saralinatacado.com.br\/loja\/wp-json\/wp\/v2\/media\/29802"}],"wp:attachment":[{"href":"https:\/\/www.saralinatacado.com.br\/loja\/wp-json\/wp\/v2\/media?parent=29799"}],"wp:term":[{"taxonomy":"product_brand","embeddable":true,"href":"https:\/\/www.saralinatacado.com.br\/loja\/wp-json\/wp\/v2\/product_brand?post=29799"},{"taxonomy":"product_cat","embeddable":true,"href":"https:\/\/www.saralinatacado.com.br\/loja\/wp-json\/wp\/v2\/product_cat?post=29799"},{"taxonomy":"product_tag","embeddable":true,"href":"https:\/\/www.saralinatacado.com.br\/loja\/wp-json\/wp\/v2\/product_tag?post=29799"}],"curies":[{"name":"wp","href":"https:\/\/api.w.org\/{rel}","templated":true}]}}