{"id":29792,"date":"2023-10-25T14:58:38","date_gmt":"2023-10-25T14:58:38","guid":{"rendered":"https:\/\/www.saralinatacado.com.br\/loja\/?post_type=product&#038;p=29792"},"modified":"2023-10-25T14:58:38","modified_gmt":"2023-10-25T14:58:38","slug":"fone-de-ouvido-samsung-galaxy-s10-p2-universal","status":"publish","type":"product","link":"https:\/\/www.saralinatacado.com.br\/loja\/produto\/fone-de-ouvido-samsung-galaxy-s10-p2-universal\/","title":{"rendered":"Fone de ouvido Samsung Galaxy S10  P2 Universal"},"content":{"rendered":"<p>Compat\u00edvel com todas as marcas, al\u00e9m de ser ideal para seu celular, tablet, notebook, netbook e outros equipamentos de \u00e1udio com a sa\u00edda P2. Uma revolu\u00e7\u00e3o de engenharia de som. Ajustado para oferecer sons perfeitamente balanceados, em conjunto com engenheiros de som especialistas e de renome internacional foi desenvolvido fones de ouvidos totalmente envolventes que proporcionam uma experi\u00eancia ac\u00fastica definitiva e livre de distor\u00e7\u00f5es.<\/p>\n<p>Especifica\u00e7\u00f5es t\u00e9cnicas:<\/p>\n<p>&#8211; Dispon\u00edvel na cor:<\/p>\n<p>Preto- Encaixe de silicone para maior conforto<\/p>\n<p>&#8211; Som st\u00e9reo- Microfone embutido<\/p>\n<p>&#8211; Controle de volume e atendimento de chamadas<\/p>\n<p>&#8211; Ouvi musica MP3 do aparelho e Radio Fm<\/p>\n<p>&#8211; Fone com Pino PS2 3.5mm<\/p>\n","protected":false},"excerpt":{"rendered":"<p>Compat\u00edvel com todas as marcas, al\u00e9m de ser ideal para seu celular, tablet, notebook, netbook e outros equipamentos de \u00e1udio com a sa\u00edda P2. Uma revolu\u00e7\u00e3o de engenharia de som. Ajustado para oferecer sons perfeitamente balanceados, em conjunto com engenheiros de som especialistas e de renome internacional foi desenvolvido fones de ouvidos totalmente envolventes que [&hellip;]\n","protected":false},"featured_media":29794,"comment_status":"open","ping_status":"closed","template":"","meta":{"_bbp_topic_count":0,"_bbp_reply_count":0,"_bbp_total_topic_count":0,"_bbp_total_reply_count":0,"_bbp_voice_count":0,"_bbp_anonymous_reply_count":0,"_bbp_topic_count_hidden":0,"_bbp_reply_count_hidden":0,"_bbp_forum_subforum_count":0,"_joinchat":[]},"product_brand":[],"product_cat":[210],"product_tag":[],"class_list":{"0":"post-29792","1":"product","2":"type-product","3":"status-publish","4":"has-post-thumbnail","6":"product_cat-fones","8":"first","9":"instock","10":"taxable","11":"shipping-taxable","12":"purchasable","13":"product-type-simple"},"_links":{"self":[{"href":"https:\/\/www.saralinatacado.com.br\/loja\/wp-json\/wp\/v2\/product\/29792","targetHints":{"allow":["GET"]}}],"collection":[{"href":"https:\/\/www.saralinatacado.com.br\/loja\/wp-json\/wp\/v2\/product"}],"about":[{"href":"https:\/\/www.saralinatacado.com.br\/loja\/wp-json\/wp\/v2\/types\/product"}],"replies":[{"embeddable":true,"href":"https:\/\/www.saralinatacado.com.br\/loja\/wp-json\/wp\/v2\/comments?post=29792"}],"wp:featuredmedia":[{"embeddable":true,"href":"https:\/\/www.saralinatacado.com.br\/loja\/wp-json\/wp\/v2\/media\/29794"}],"wp:attachment":[{"href":"https:\/\/www.saralinatacado.com.br\/loja\/wp-json\/wp\/v2\/media?parent=29792"}],"wp:term":[{"taxonomy":"product_brand","embeddable":true,"href":"https:\/\/www.saralinatacado.com.br\/loja\/wp-json\/wp\/v2\/product_brand?post=29792"},{"taxonomy":"product_cat","embeddable":true,"href":"https:\/\/www.saralinatacado.com.br\/loja\/wp-json\/wp\/v2\/product_cat?post=29792"},{"taxonomy":"product_tag","embeddable":true,"href":"https:\/\/www.saralinatacado.com.br\/loja\/wp-json\/wp\/v2\/product_tag?post=29792"}],"curies":[{"name":"wp","href":"https:\/\/api.w.org\/{rel}","templated":true}]}}