{"id":29778,"date":"2023-10-25T14:35:05","date_gmt":"2023-10-25T14:35:05","guid":{"rendered":"https:\/\/www.saralinatacado.com.br\/loja\/?post_type=product&#038;p=29778"},"modified":"2023-10-25T14:35:05","modified_gmt":"2023-10-25T14:35:05","slug":"fone-compativel-airpods-2o-geracao-bluetooth-premium","status":"publish","type":"product","link":"https:\/\/www.saralinatacado.com.br\/loja\/produto\/fone-compativel-airpods-2o-geracao-bluetooth-premium\/","title":{"rendered":"Fone Compat\u00edvel AirPods 2\u00ba Gera\u00e7\u00e3o Bluetooth Premium"},"content":{"rendered":"<p>ESPECIFICA\u00c7\u00d5ES:<br \/>\nResist\u00eancia a suor e \u00e1gua (IPX4)<br \/>\nDura\u00e7\u00e3o da bateria: 5h<br \/>\n\u00c9 sem fio: Sim<br \/>\nCom Bluetooth: Sim<br \/>\nAlcance sem fio: 10m<br \/>\nEstojo de recarga Lightning<br \/>\nPeso: 37,91 gramas<\/p>\n<p>ESTOJO DE RECARGA<br \/>\nCompat\u00edvel com o conector Lightning<\/p>\n<p>CONECTIVIDADE<br \/>\nBluetooth 5.3<\/p>\n<p>CONTE\u00daDO DA CAIXA<br \/>\nAir Pods<br \/>\nEstojo de recarga Lightning<br \/>\nCabo de Lightning para USB-C<br \/>\nManual de Instru\u00e7\u00f5es<\/p>\n<p>COMPATIBILIDADE<br \/>\niPhone 14, 14 Pro, 14 Pro Max e 14 Plus<br \/>\niPhone 13, 13 Pro, 13 Pro Max e 13 min<br \/>\niPhone 12, 12 Pro, 12 Pro Max e 12 mini<br \/>\niPhone 11, 11 Pro e 11 Pro Max.<br \/>\niPhone SE<br \/>\niPhone XR, XS, X<br \/>\niPhone 8, 8 Plus<br \/>\niPhone 7, 7 Plus<br \/>\niPhone 6s, 6s Plus<\/p>\n","protected":false},"excerpt":{"rendered":"<p>ESPECIFICA\u00c7\u00d5ES: Resist\u00eancia a suor e \u00e1gua (IPX4) Dura\u00e7\u00e3o da bateria: 5h \u00c9 sem fio: Sim Com Bluetooth: Sim Alcance sem fio: 10m Estojo de recarga Lightning Peso: 37,91 gramas ESTOJO DE RECARGA Compat\u00edvel com o conector Lightning CONECTIVIDADE Bluetooth 5.3 CONTE\u00daDO DA CAIXA Air Pods Estojo de recarga Lightning Cabo de Lightning para USB-C Manual [&hellip;]\n","protected":false},"featured_media":29782,"comment_status":"open","ping_status":"closed","template":"","meta":{"_bbp_topic_count":0,"_bbp_reply_count":0,"_bbp_total_topic_count":0,"_bbp_total_reply_count":0,"_bbp_voice_count":0,"_bbp_anonymous_reply_count":0,"_bbp_topic_count_hidden":0,"_bbp_reply_count_hidden":0,"_bbp_forum_subforum_count":0,"_joinchat":[]},"product_brand":[],"product_cat":[210],"product_tag":[],"class_list":{"0":"post-29778","1":"product","2":"type-product","3":"status-publish","4":"has-post-thumbnail","6":"product_cat-fones","8":"first","9":"instock","10":"taxable","11":"shipping-taxable","12":"purchasable","13":"product-type-simple"},"_links":{"self":[{"href":"https:\/\/www.saralinatacado.com.br\/loja\/wp-json\/wp\/v2\/product\/29778","targetHints":{"allow":["GET"]}}],"collection":[{"href":"https:\/\/www.saralinatacado.com.br\/loja\/wp-json\/wp\/v2\/product"}],"about":[{"href":"https:\/\/www.saralinatacado.com.br\/loja\/wp-json\/wp\/v2\/types\/product"}],"replies":[{"embeddable":true,"href":"https:\/\/www.saralinatacado.com.br\/loja\/wp-json\/wp\/v2\/comments?post=29778"}],"wp:featuredmedia":[{"embeddable":true,"href":"https:\/\/www.saralinatacado.com.br\/loja\/wp-json\/wp\/v2\/media\/29782"}],"wp:attachment":[{"href":"https:\/\/www.saralinatacado.com.br\/loja\/wp-json\/wp\/v2\/media?parent=29778"}],"wp:term":[{"taxonomy":"product_brand","embeddable":true,"href":"https:\/\/www.saralinatacado.com.br\/loja\/wp-json\/wp\/v2\/product_brand?post=29778"},{"taxonomy":"product_cat","embeddable":true,"href":"https:\/\/www.saralinatacado.com.br\/loja\/wp-json\/wp\/v2\/product_cat?post=29778"},{"taxonomy":"product_tag","embeddable":true,"href":"https:\/\/www.saralinatacado.com.br\/loja\/wp-json\/wp\/v2\/product_tag?post=29778"}],"curies":[{"name":"wp","href":"https:\/\/api.w.org\/{rel}","templated":true}]}}