{"id":29775,"date":"2023-10-25T14:31:15","date_gmt":"2023-10-25T14:31:15","guid":{"rendered":"https:\/\/www.saralinatacado.com.br\/loja\/?post_type=product&#038;p=29775"},"modified":"2023-10-25T14:31:15","modified_gmt":"2023-10-25T14:31:15","slug":"fone-de-ouvido-bluetooth-sem-fio-5-0-case-usb-15mt-it-blue-le-2403","status":"publish","type":"product","link":"https:\/\/www.saralinatacado.com.br\/loja\/produto\/fone-de-ouvido-bluetooth-sem-fio-5-0-case-usb-15mt-it-blue-le-2403\/","title":{"rendered":"Fone De Ouvido Bluetooth Sem Fio 5.0 Case Usb 15mt IT-Blue Le-2403"},"content":{"rendered":"<div class=\"descricao-titulo padrao-desc\"><strong>Descri\u00e7\u00e3o<\/strong><\/div>\n<div class=\"box-descricao\">\n<div class=\"span12\">\n<div id=\"smarthint-product-position1\"><\/div>\n<div id=\"blank-product-position1\"><\/div>\n<div class=\"abas-custom\">\n<div class=\"tab-content\">\n<div id=\"descricao\" class=\"tab-pane active\">\n<p>Marca: IT BLUE.<br \/>\nModelo: LE-2403<br \/>\nVers\u00e3o Bluetooth: 5.0.<br \/>\nTipo: Intra-Auriculares (In-ear).<br \/>\nCor: Preto.<br \/>\nMicrofone: Possui.<br \/>\nAutonomia: 03 Horas.<br \/>\nAlcance: 15m.<br \/>\nAlto Falantes: Produzido a partir de materiais nobres.<br \/>\nAnatel: 07147-21-11464.<\/p>\n<p>Conte\u00fado Embalagem:<\/p>\n<p>01 Par Fones Bluetooth LE-2403 In-Ear.<br \/>\n01 Case Carregamento.<br \/>\n01 Cabo Micro-USB<br \/>\n02 Pares Borrachas de Prote\u00e7\u00e3o<\/p>\n<\/div>\n<\/div>\n<\/div>\n<\/div>\n<\/div>\n","protected":false},"excerpt":{"rendered":"<p>Descri\u00e7\u00e3o Marca: IT BLUE. Modelo: LE-2403 Vers\u00e3o Bluetooth: 5.0. Tipo: Intra-Auriculares (In-ear). Cor: Preto. Microfone: Possui. Autonomia: 03 Horas. Alcance: 15m. Alto Falantes: Produzido a partir de materiais nobres. Anatel: 07147-21-11464. Conte\u00fado Embalagem: 01 Par Fones Bluetooth LE-2403 In-Ear. 01 Case Carregamento. 01 Cabo Micro-USB 02 Pares Borrachas de Prote\u00e7\u00e3o<\/p>\n","protected":false},"featured_media":29776,"comment_status":"open","ping_status":"closed","template":"","meta":{"_bbp_topic_count":0,"_bbp_reply_count":0,"_bbp_total_topic_count":0,"_bbp_total_reply_count":0,"_bbp_voice_count":0,"_bbp_anonymous_reply_count":0,"_bbp_topic_count_hidden":0,"_bbp_reply_count_hidden":0,"_bbp_forum_subforum_count":0,"_joinchat":[]},"product_brand":[],"product_cat":[210],"product_tag":[],"class_list":{"0":"post-29775","1":"product","2":"type-product","3":"status-publish","4":"has-post-thumbnail","6":"product_cat-fones","8":"first","9":"instock","10":"taxable","11":"shipping-taxable","12":"purchasable","13":"product-type-simple"},"_links":{"self":[{"href":"https:\/\/www.saralinatacado.com.br\/loja\/wp-json\/wp\/v2\/product\/29775","targetHints":{"allow":["GET"]}}],"collection":[{"href":"https:\/\/www.saralinatacado.com.br\/loja\/wp-json\/wp\/v2\/product"}],"about":[{"href":"https:\/\/www.saralinatacado.com.br\/loja\/wp-json\/wp\/v2\/types\/product"}],"replies":[{"embeddable":true,"href":"https:\/\/www.saralinatacado.com.br\/loja\/wp-json\/wp\/v2\/comments?post=29775"}],"wp:featuredmedia":[{"embeddable":true,"href":"https:\/\/www.saralinatacado.com.br\/loja\/wp-json\/wp\/v2\/media\/29776"}],"wp:attachment":[{"href":"https:\/\/www.saralinatacado.com.br\/loja\/wp-json\/wp\/v2\/media?parent=29775"}],"wp:term":[{"taxonomy":"product_brand","embeddable":true,"href":"https:\/\/www.saralinatacado.com.br\/loja\/wp-json\/wp\/v2\/product_brand?post=29775"},{"taxonomy":"product_cat","embeddable":true,"href":"https:\/\/www.saralinatacado.com.br\/loja\/wp-json\/wp\/v2\/product_cat?post=29775"},{"taxonomy":"product_tag","embeddable":true,"href":"https:\/\/www.saralinatacado.com.br\/loja\/wp-json\/wp\/v2\/product_tag?post=29775"}],"curies":[{"name":"wp","href":"https:\/\/api.w.org\/{rel}","templated":true}]}}