{"id":29773,"date":"2023-10-25T14:19:41","date_gmt":"2023-10-25T14:19:41","guid":{"rendered":"https:\/\/www.saralinatacado.com.br\/loja\/?post_type=product&#038;p=29773"},"modified":"2023-10-25T14:19:41","modified_gmt":"2023-10-25T14:19:41","slug":"fone-bluetooth-sem-fio-lorotec-gm95","status":"publish","type":"product","link":"https:\/\/www.saralinatacado.com.br\/loja\/produto\/fone-bluetooth-sem-fio-lorotec-gm95\/","title":{"rendered":"Fone Bluetooth Sem Fio LOROTEC GM95"},"content":{"rendered":"<p>CARACTER\u00cdSTICAS:<\/p>\n<p>&#8211; 50ms baixa lat\u00eancia<\/p>\n<p>&#8211; Bot\u00e3o multimidia DIGITAL<\/p>\n<p>&#8211; Bluetooth 5.3<\/p>\n<p>&#8211; LED Exibi\u00e7\u00e3o de PODER!<\/p>\n<p>&#8211; L\/R Modo mono ou Binaural<\/p>\n<p>&#8211; Desidner Ergon\u00f4mico<\/p>\n<p>&nbsp;<\/p>\n<p>&nbsp;<\/p>\n<p>ESPECIFICA\u00c7\u00d5ES:<\/p>\n<p>&#8211; Vers\u00e3o do bluetooth: 5.0<\/p>\n<p>&#8211; Frequ\u00eancia de opera\u00e7\u00e3o: 2402<\/p>\n<p>&#8211; 2408 MHz &#8211; Alcance do Sinal: (Sem barreiras): At\u00e9 10 M<\/p>\n<p>&#8211; Dist\u00e2ncia ideal: 7 M<\/p>\n<ul>\n<li>Durabilidade da bateria : 24h<\/li>\n<\/ul>\n<p>&#8211; Sensibilidade: 106dB +\/- 3dB<\/p>\n<p>&#8211; Frequ\u00eancia: 20Hz &#8211; 20KHz<\/p>\n","protected":false},"excerpt":{"rendered":"<p>CARACTER\u00cdSTICAS: &#8211; 50ms baixa lat\u00eancia &#8211; Bot\u00e3o multimidia DIGITAL &#8211; Bluetooth 5.3 &#8211; LED Exibi\u00e7\u00e3o de PODER! &#8211; L\/R Modo mono ou Binaural &#8211; Desidner Ergon\u00f4mico &nbsp; &nbsp; ESPECIFICA\u00c7\u00d5ES: &#8211; Vers\u00e3o do bluetooth: 5.0 &#8211; Frequ\u00eancia de opera\u00e7\u00e3o: 2402 &#8211; 2408 MHz &#8211; Alcance do Sinal: (Sem barreiras): At\u00e9 10 M &#8211; Dist\u00e2ncia ideal: 7 [&hellip;]\n","protected":false},"featured_media":29774,"comment_status":"open","ping_status":"closed","template":"","meta":{"_bbp_topic_count":0,"_bbp_reply_count":0,"_bbp_total_topic_count":0,"_bbp_total_reply_count":0,"_bbp_voice_count":0,"_bbp_anonymous_reply_count":0,"_bbp_topic_count_hidden":0,"_bbp_reply_count_hidden":0,"_bbp_forum_subforum_count":0,"_joinchat":[]},"product_brand":[],"product_cat":[210],"product_tag":[],"class_list":{"0":"post-29773","1":"product","2":"type-product","3":"status-publish","4":"has-post-thumbnail","6":"product_cat-fones","8":"first","9":"instock","10":"taxable","11":"shipping-taxable","12":"purchasable","13":"product-type-simple"},"_links":{"self":[{"href":"https:\/\/www.saralinatacado.com.br\/loja\/wp-json\/wp\/v2\/product\/29773","targetHints":{"allow":["GET"]}}],"collection":[{"href":"https:\/\/www.saralinatacado.com.br\/loja\/wp-json\/wp\/v2\/product"}],"about":[{"href":"https:\/\/www.saralinatacado.com.br\/loja\/wp-json\/wp\/v2\/types\/product"}],"replies":[{"embeddable":true,"href":"https:\/\/www.saralinatacado.com.br\/loja\/wp-json\/wp\/v2\/comments?post=29773"}],"wp:featuredmedia":[{"embeddable":true,"href":"https:\/\/www.saralinatacado.com.br\/loja\/wp-json\/wp\/v2\/media\/29774"}],"wp:attachment":[{"href":"https:\/\/www.saralinatacado.com.br\/loja\/wp-json\/wp\/v2\/media?parent=29773"}],"wp:term":[{"taxonomy":"product_brand","embeddable":true,"href":"https:\/\/www.saralinatacado.com.br\/loja\/wp-json\/wp\/v2\/product_brand?post=29773"},{"taxonomy":"product_cat","embeddable":true,"href":"https:\/\/www.saralinatacado.com.br\/loja\/wp-json\/wp\/v2\/product_cat?post=29773"},{"taxonomy":"product_tag","embeddable":true,"href":"https:\/\/www.saralinatacado.com.br\/loja\/wp-json\/wp\/v2\/product_tag?post=29773"}],"curies":[{"name":"wp","href":"https:\/\/api.w.org\/{rel}","templated":true}]}}