{"id":29765,"date":"2023-10-25T13:39:30","date_gmt":"2023-10-25T13:39:30","guid":{"rendered":"https:\/\/www.saralinatacado.com.br\/loja\/?post_type=product&#038;p=29765"},"modified":"2023-10-25T13:46:42","modified_gmt":"2023-10-25T13:46:42","slug":"fone-de-ouvido-gamer-led-sem-fio-bluetooth-5-0-com-microfone","status":"publish","type":"product","link":"https:\/\/www.saralinatacado.com.br\/loja\/produto\/fone-de-ouvido-gamer-led-sem-fio-bluetooth-5-0-com-microfone\/","title":{"rendered":"Fone De Ouvido Gamer Led Sem Fio Bluetooth 5.0 Com Microfone"},"content":{"rendered":"<p>ESPECIFICA\u00c7\u00d5ES:<\/p>\n<p>&#8211; Marca: IT-BLUE<br \/>\n&#8211; Modelo: LE-2406<br \/>\n&#8211; Vers\u00e3o do bluetooth: 5.0<br \/>\n&#8211; Frequ\u00eancia de opera\u00e7\u00e3o: 2402 &#8211; 2408 MHz<br \/>\n&#8211; Alcance do Sinal: (Sem barreiras): At\u00e9 10 M<br \/>\n&#8211; Dist\u00e2ncia ideal: 7 M<br \/>\n&#8211; Tamanho do driver: 13 mm<br \/>\n&#8211; Imped\u00e2ncia: 31 + \/ &#8211; 15%<br \/>\n&#8211; Sensibilidade: 106dB + \/ &#8211; 3dB<br \/>\n&#8211; Frequ\u00eancia: 20Hz &#8211; 20KHz<\/p>\n<p>ESPECIFICA\u00c7\u00d5ES T\u00c9CNICAS:<\/p>\n<p>&#8211; Capacidade da bateira: 30 mHa<br \/>\n&#8211; Autonomia aproximada (Musica): 8H &#8211; Volume a 50 %<br \/>\n&#8211; Autonomia aproximada (Jogos): 5H &#8211; Volume a 50 %<br \/>\n&#8211; Tempo de carregamento : Aproximadamente 1:30 H<br \/>\n&#8211; Capacidade da case de carregamento: 250 mHa<br \/>\n&#8211; Tempo de carregamento: Aproximadamente 1:30 H<br \/>\n&#8211; Autonomia Aproximada em Stand-by: 310 H<br \/>\n&#8211; Pot\u00eancia De entrada: DC 5V 55 mA<\/p>\n","protected":false},"excerpt":{"rendered":"<p>ESPECIFICA\u00c7\u00d5ES: &#8211; Marca: IT-BLUE &#8211; Modelo: LE-2406 &#8211; Vers\u00e3o do bluetooth: 5.0 &#8211; Frequ\u00eancia de opera\u00e7\u00e3o: 2402 &#8211; 2408 MHz &#8211; Alcance do Sinal: (Sem barreiras): At\u00e9 10 M &#8211; Dist\u00e2ncia ideal: 7 M &#8211; Tamanho do driver: 13 mm &#8211; Imped\u00e2ncia: 31 + \/ &#8211; 15% &#8211; Sensibilidade: 106dB + \/ &#8211; 3dB &#8211; [&hellip;]\n","protected":false},"featured_media":29766,"comment_status":"open","ping_status":"closed","template":"","meta":{"_bbp_topic_count":0,"_bbp_reply_count":0,"_bbp_total_topic_count":0,"_bbp_total_reply_count":0,"_bbp_voice_count":0,"_bbp_anonymous_reply_count":0,"_bbp_topic_count_hidden":0,"_bbp_reply_count_hidden":0,"_bbp_forum_subforum_count":0,"_joinchat":[]},"product_brand":[],"product_cat":[210,174],"product_tag":[],"class_list":{"0":"post-29765","1":"product","2":"type-product","3":"status-publish","4":"has-post-thumbnail","6":"product_cat-fones","7":"product_cat-game","9":"first","10":"instock","11":"taxable","12":"shipping-taxable","13":"purchasable","14":"product-type-simple"},"_links":{"self":[{"href":"https:\/\/www.saralinatacado.com.br\/loja\/wp-json\/wp\/v2\/product\/29765","targetHints":{"allow":["GET"]}}],"collection":[{"href":"https:\/\/www.saralinatacado.com.br\/loja\/wp-json\/wp\/v2\/product"}],"about":[{"href":"https:\/\/www.saralinatacado.com.br\/loja\/wp-json\/wp\/v2\/types\/product"}],"replies":[{"embeddable":true,"href":"https:\/\/www.saralinatacado.com.br\/loja\/wp-json\/wp\/v2\/comments?post=29765"}],"wp:featuredmedia":[{"embeddable":true,"href":"https:\/\/www.saralinatacado.com.br\/loja\/wp-json\/wp\/v2\/media\/29766"}],"wp:attachment":[{"href":"https:\/\/www.saralinatacado.com.br\/loja\/wp-json\/wp\/v2\/media?parent=29765"}],"wp:term":[{"taxonomy":"product_brand","embeddable":true,"href":"https:\/\/www.saralinatacado.com.br\/loja\/wp-json\/wp\/v2\/product_brand?post=29765"},{"taxonomy":"product_cat","embeddable":true,"href":"https:\/\/www.saralinatacado.com.br\/loja\/wp-json\/wp\/v2\/product_cat?post=29765"},{"taxonomy":"product_tag","embeddable":true,"href":"https:\/\/www.saralinatacado.com.br\/loja\/wp-json\/wp\/v2\/product_tag?post=29765"}],"curies":[{"name":"wp","href":"https:\/\/api.w.org\/{rel}","templated":true}]}}