{"id":29762,"date":"2023-10-25T13:33:28","date_gmt":"2023-10-25T13:33:28","guid":{"rendered":"https:\/\/www.saralinatacado.com.br\/loja\/?post_type=product&#038;p=29762"},"modified":"2023-10-25T13:34:25","modified_gmt":"2023-10-25T13:34:25","slug":"fone-de-ouvido-i12-bluetooth-5-0-tws-touch-compativel-ios-apple-e-android-som-de-alta-definicao-fone-de-ouvido-i12-bluetooth-5-0-tws-touch-compativel-ios-apple-e-android-som-de-alta-definicao-fone-de","status":"publish","type":"product","link":"https:\/\/www.saralinatacado.com.br\/loja\/produto\/fone-de-ouvido-i12-bluetooth-5-0-tws-touch-compativel-ios-apple-e-android-som-de-alta-definicao-fone-de-ouvido-i12-bluetooth-5-0-tws-touch-compativel-ios-apple-e-android-som-de-alta-definicao-fone-de\/","title":{"rendered":"Fone de Ouvido Bluetooth Sem Fio Impods i12 tws"},"content":{"rendered":"<div class=\"application\">\n<div class=\"wrapper fixed\">\n<p>&nbsp;<\/p>\n<div class=\"page-content\">\n<div class=\"container\">\n<div id=\"product-container\" class=\"produto-wrapper product-detail\">\n<div class=\"page-info-product\">\n<div class=\"section-box description\" data-tab-id=\"#descricao\">\n<div class=\"board_htm\">\n<p>**Especifica\u00e7\u00f5es T\u00e9cnicas:**<\/p>\n<p>&#8211; Modelo: i12 TWS 5.0<br \/>\n&#8211; Tipo: Fone de ouvido Bluetooth<br \/>\n&#8211; Cor: Branco<br \/>\n&#8211; Vers\u00e3o Bluetooth: 5.0+EDR<br \/>\n&#8211; Suporte: A2DP\/AVRCP\/HFP\/HSP<br \/>\n&#8211; Alcance: At\u00e9 25m (espa\u00e7o livre)<br \/>\n&#8211; Resposta de Frequ\u00eancia: 2.4GHz<br \/>\n&#8211; Imped\u00e2ncia: 16\u00a9<br \/>\n&#8211; Capacidade da bateria dos fones de ouvido: 35mAh<br \/>\n&#8211; Capacidade da bateria da case: 300mAh<\/p>\n<p>Liberte-se das limita\u00e7\u00f5es dos fios e eleve sua experi\u00eancia sonora com o Fone de Ouvido Bluetooth i12 TWS 5.0.<\/p>\n<\/div>\n<\/div>\n<\/div>\n<\/div>\n<\/div>\n<div class=\"product-related\">\n<div class=\"container\">\n<div class=\"section-showcase\">\n<div class=\"showcase list-slide\" data-product-columns=\"2\">\n<div class=\"swiper-container swiper-container-initialized swiper-container-horizontal\">\n<div class=\"list-product swiper-wrapper\">\n<div class=\"item swiper-slide swiper-slide-next\">\n<div class=\"product nb show-down\">\n<div class=\"product-name\"><\/div>\n<div class=\"down-line\">\n<div class=\"box-price\">\n<div class=\"price\"><\/div>\n<\/div>\n<\/div>\n<div class=\"variants hide-on-mobile \">\n<form class=\"list-variants\" data-id=\"1033\" data-variants=\"\" data-api-cart=\"1\">\n<div class=\"flex add-cart\"><\/div>\n<\/form>\n<\/div>\n<\/div>\n<\/div>\n<\/div>\n<div class=\"prev arrow-icon swiper-button-disabled\" tabindex=\"0\" role=\"button\" aria-label=\"Previous slide\" aria-disabled=\"true\"><\/div>\n<div class=\"next arrow-icon swiper-button-disabled\" tabindex=\"0\" role=\"button\" aria-label=\"Next slide\" aria-disabled=\"true\"><\/div>\n<\/div>\n<\/div>\n<\/div>\n<\/div>\n<\/div>\n<div class=\"visited-section\">\n<div class=\"container\"><\/div>\n<\/div>\n<\/div>\n<p>&nbsp;<\/p>\n<\/div>\n<\/div>\n<p>&nbsp;<\/p>\n","protected":false},"excerpt":{"rendered":"<p>&nbsp; **Especifica\u00e7\u00f5es T\u00e9cnicas:** &#8211; Modelo: i12 TWS 5.0 &#8211; Tipo: Fone de ouvido Bluetooth &#8211; Cor: Branco &#8211; Vers\u00e3o Bluetooth: 5.0+EDR &#8211; Suporte: A2DP\/AVRCP\/HFP\/HSP &#8211; Alcance: At\u00e9 25m (espa\u00e7o livre) &#8211; Resposta de Frequ\u00eancia: 2.4GHz &#8211; Imped\u00e2ncia: 16\u00a9 &#8211; Capacidade da bateria dos fones de ouvido: 35mAh &#8211; Capacidade da bateria da case: 300mAh Liberte-se [&hellip;]\n","protected":false},"featured_media":29763,"comment_status":"open","ping_status":"closed","template":"","meta":{"_bbp_topic_count":0,"_bbp_reply_count":0,"_bbp_total_topic_count":0,"_bbp_total_reply_count":0,"_bbp_voice_count":0,"_bbp_anonymous_reply_count":0,"_bbp_topic_count_hidden":0,"_bbp_reply_count_hidden":0,"_bbp_forum_subforum_count":0,"_joinchat":[]},"product_brand":[],"product_cat":[210],"product_tag":[],"class_list":{"0":"post-29762","1":"product","2":"type-product","3":"status-publish","4":"has-post-thumbnail","6":"product_cat-fones","8":"first","9":"instock","10":"taxable","11":"shipping-taxable","12":"purchasable","13":"product-type-simple"},"_links":{"self":[{"href":"https:\/\/www.saralinatacado.com.br\/loja\/wp-json\/wp\/v2\/product\/29762","targetHints":{"allow":["GET"]}}],"collection":[{"href":"https:\/\/www.saralinatacado.com.br\/loja\/wp-json\/wp\/v2\/product"}],"about":[{"href":"https:\/\/www.saralinatacado.com.br\/loja\/wp-json\/wp\/v2\/types\/product"}],"replies":[{"embeddable":true,"href":"https:\/\/www.saralinatacado.com.br\/loja\/wp-json\/wp\/v2\/comments?post=29762"}],"wp:featuredmedia":[{"embeddable":true,"href":"https:\/\/www.saralinatacado.com.br\/loja\/wp-json\/wp\/v2\/media\/29763"}],"wp:attachment":[{"href":"https:\/\/www.saralinatacado.com.br\/loja\/wp-json\/wp\/v2\/media?parent=29762"}],"wp:term":[{"taxonomy":"product_brand","embeddable":true,"href":"https:\/\/www.saralinatacado.com.br\/loja\/wp-json\/wp\/v2\/product_brand?post=29762"},{"taxonomy":"product_cat","embeddable":true,"href":"https:\/\/www.saralinatacado.com.br\/loja\/wp-json\/wp\/v2\/product_cat?post=29762"},{"taxonomy":"product_tag","embeddable":true,"href":"https:\/\/www.saralinatacado.com.br\/loja\/wp-json\/wp\/v2\/product_tag?post=29762"}],"curies":[{"name":"wp","href":"https:\/\/api.w.org\/{rel}","templated":true}]}}