{"id":29758,"date":"2023-10-25T13:28:49","date_gmt":"2023-10-25T13:28:49","guid":{"rendered":"https:\/\/www.saralinatacado.com.br\/loja\/?post_type=product&#038;p=29758"},"modified":"2023-10-25T13:28:50","modified_gmt":"2023-10-25T13:28:50","slug":"fone-de-ouvido-bluetooth-5-0-com-visor-de-carga-p-xiaomi","status":"publish","type":"product","link":"https:\/\/www.saralinatacado.com.br\/loja\/produto\/fone-de-ouvido-bluetooth-5-0-com-visor-de-carga-p-xiaomi\/","title":{"rendered":"Fone De Ouvido Bluetooth 5.0 Com Visor De Carga P\/ Xiaomi"},"content":{"rendered":"<p>Especifica\u00e7\u00f5es T\u00e9cnicas do Fone<\/p>\n<p>\u00bb Bluetooth: Vers\u00e3o 5.0 V + EDR.<br \/>\n\u00bb Dist\u00e2ncia de Conex\u00e3o: 10m.<br \/>\n\u00bb Tempo de recarga: Aproximadamente 2 horas.<br \/>\n\u00bb Dura\u00e7\u00e3o da bateria em modo de Espera: 100 horas.<br \/>\n\u00bb Dura\u00e7\u00e3o da bateria em uso cont\u00ednuo: Aproximadamente 4 horas.<br \/>\n\u00bb Alimenta\u00e7\u00e3o: 5.0Vdc \/ 0.1-A.<\/p>\n<p>Especifica\u00e7\u00f5es T\u00e9cnicas do Carregador<br \/>\n\u00bb Tens\u00e3o de Sa\u00edda: 5Vdc.<br \/>\n&#8211; Corrente de Sa\u00edda: 1A.<br \/>\n&#8211; Peso: 20gramas.<\/p>\n<p>Itens Inclusos:<br \/>\n&#8211; Fone Wireless.<br \/>\n&#8211; Cabo USB.<br \/>\n&#8211; Silicone reserva.<\/p>\n","protected":false},"excerpt":{"rendered":"<p>Especifica\u00e7\u00f5es T\u00e9cnicas do Fone \u00bb Bluetooth: Vers\u00e3o 5.0 V + EDR. \u00bb Dist\u00e2ncia de Conex\u00e3o: 10m. \u00bb Tempo de recarga: Aproximadamente 2 horas. \u00bb Dura\u00e7\u00e3o da bateria em modo de Espera: 100 horas. \u00bb Dura\u00e7\u00e3o da bateria em uso cont\u00ednuo: Aproximadamente 4 horas. \u00bb Alimenta\u00e7\u00e3o: 5.0Vdc \/ 0.1-A. Especifica\u00e7\u00f5es T\u00e9cnicas do Carregador \u00bb Tens\u00e3o de [&hellip;]\n","protected":false},"featured_media":29760,"comment_status":"open","ping_status":"closed","template":"","meta":{"_bbp_topic_count":0,"_bbp_reply_count":0,"_bbp_total_topic_count":0,"_bbp_total_reply_count":0,"_bbp_voice_count":0,"_bbp_anonymous_reply_count":0,"_bbp_topic_count_hidden":0,"_bbp_reply_count_hidden":0,"_bbp_forum_subforum_count":0,"_joinchat":[]},"product_brand":[],"product_cat":[210],"product_tag":[],"class_list":{"0":"post-29758","1":"product","2":"type-product","3":"status-publish","4":"has-post-thumbnail","6":"product_cat-fones","8":"first","9":"instock","10":"taxable","11":"shipping-taxable","12":"purchasable","13":"product-type-simple"},"_links":{"self":[{"href":"https:\/\/www.saralinatacado.com.br\/loja\/wp-json\/wp\/v2\/product\/29758","targetHints":{"allow":["GET"]}}],"collection":[{"href":"https:\/\/www.saralinatacado.com.br\/loja\/wp-json\/wp\/v2\/product"}],"about":[{"href":"https:\/\/www.saralinatacado.com.br\/loja\/wp-json\/wp\/v2\/types\/product"}],"replies":[{"embeddable":true,"href":"https:\/\/www.saralinatacado.com.br\/loja\/wp-json\/wp\/v2\/comments?post=29758"}],"wp:featuredmedia":[{"embeddable":true,"href":"https:\/\/www.saralinatacado.com.br\/loja\/wp-json\/wp\/v2\/media\/29760"}],"wp:attachment":[{"href":"https:\/\/www.saralinatacado.com.br\/loja\/wp-json\/wp\/v2\/media?parent=29758"}],"wp:term":[{"taxonomy":"product_brand","embeddable":true,"href":"https:\/\/www.saralinatacado.com.br\/loja\/wp-json\/wp\/v2\/product_brand?post=29758"},{"taxonomy":"product_cat","embeddable":true,"href":"https:\/\/www.saralinatacado.com.br\/loja\/wp-json\/wp\/v2\/product_cat?post=29758"},{"taxonomy":"product_tag","embeddable":true,"href":"https:\/\/www.saralinatacado.com.br\/loja\/wp-json\/wp\/v2\/product_tag?post=29758"}],"curies":[{"name":"wp","href":"https:\/\/api.w.org\/{rel}","templated":true}]}}