{"id":29754,"date":"2023-10-25T13:24:22","date_gmt":"2023-10-25T13:24:22","guid":{"rendered":"https:\/\/www.saralinatacado.com.br\/loja\/?post_type=product&#038;p=29754"},"modified":"2023-10-25T13:24:22","modified_gmt":"2023-10-25T13:24:22","slug":"fone-de-ouvido-bluetooth-xiaomi-redmi-airdots-2-2","status":"publish","type":"product","link":"https:\/\/www.saralinatacado.com.br\/loja\/produto\/fone-de-ouvido-bluetooth-xiaomi-redmi-airdots-2-2\/","title":{"rendered":"Fone de Ouvido Bluetooth Xiaomi Redmi Airdots 2"},"content":{"rendered":"<div class=\"descricao-titulo padrao-desc\"><strong>Descri\u00e7\u00e3o<\/strong><\/div>\n<div class=\"box-descricao\">\n<div class=\"span12\">\n<div id=\"smarthint-product-position1\"><\/div>\n<div id=\"blank-product-position1\"><\/div>\n<div class=\"abas-custom\">\n<div class=\"tab-content\">\n<div id=\"descricao\" class=\"tab-pane active\">\n<h2 class=\"ui-pdp-description__title\">Alcance sem fio: 10m (em um ambiente livre de obst\u00e1culos)<br \/>\nCapacidade da bateria: 43mah (cada lado)<br \/>\nTempo de carregamento: Approx. 1.5h<br \/>\nTempo de conversa\u00e7\u00e3o: aprox. 4h<br \/>\nTempo de espera: Aprox. 150h<br \/>\nEntrada: 5v = 100ma<br \/>\nTipo de bateria: pol\u00edmero de l\u00edtio<br \/>\nConectividade sem fio: Bluetooth 5.0<br \/>\nPerfis de bluetooth: hfp\/a2dp\/hsp\/avrcp<\/p>\n<p>Caso de carregamento:<br \/>\nEntrada: 5v = 500ma<br \/>\nSa\u00edda: 5v = 150ma<br \/>\nTempo de carregamento: Approx. 2h<br \/>\nTempo de espera: aprox. 4 meses<br \/>\nCapacidade da bateria: 300mah<br \/>\nTipo de bateria: pol\u00edmero de l\u00edtio<br \/>\nPeso l\u00edquido de um \u00fanico fone de ouvido: cerca de 5.0g<br \/>\nPeso l\u00edquido da caixa de carregamento: cerca de 35g<br \/>\nPeso l\u00edquido total da caixa: 95g<\/p>\n<p>Incluso no Pacote<br \/>\n2x Fones de Ouvido (lado esquerdo + lado direito)<br \/>\n4x Borracha de ajuste<br \/>\n1x Caixa de Bateria<br \/>\n1x Menu Do Usu\u00e1rio<\/h2>\n<\/div>\n<\/div>\n<\/div>\n<\/div>\n<\/div>\n","protected":false},"excerpt":{"rendered":"<p>Descri\u00e7\u00e3o Alcance sem fio: 10m (em um ambiente livre de obst\u00e1culos) Capacidade da bateria: 43mah (cada lado) Tempo de carregamento: Approx. 1.5h Tempo de conversa\u00e7\u00e3o: aprox. 4h Tempo de espera: Aprox. 150h Entrada: 5v = 100ma Tipo de bateria: pol\u00edmero de l\u00edtio Conectividade sem fio: Bluetooth 5.0 Perfis de bluetooth: hfp\/a2dp\/hsp\/avrcp Caso de carregamento: Entrada: [&hellip;]\n","protected":false},"featured_media":29755,"comment_status":"open","ping_status":"closed","template":"","meta":{"_bbp_topic_count":0,"_bbp_reply_count":0,"_bbp_total_topic_count":0,"_bbp_total_reply_count":0,"_bbp_voice_count":0,"_bbp_anonymous_reply_count":0,"_bbp_topic_count_hidden":0,"_bbp_reply_count_hidden":0,"_bbp_forum_subforum_count":0,"_joinchat":[]},"product_brand":[],"product_cat":[210],"product_tag":[],"class_list":{"0":"post-29754","1":"product","2":"type-product","3":"status-publish","4":"has-post-thumbnail","6":"product_cat-fones","8":"first","9":"instock","10":"taxable","11":"shipping-taxable","12":"purchasable","13":"product-type-simple"},"_links":{"self":[{"href":"https:\/\/www.saralinatacado.com.br\/loja\/wp-json\/wp\/v2\/product\/29754","targetHints":{"allow":["GET"]}}],"collection":[{"href":"https:\/\/www.saralinatacado.com.br\/loja\/wp-json\/wp\/v2\/product"}],"about":[{"href":"https:\/\/www.saralinatacado.com.br\/loja\/wp-json\/wp\/v2\/types\/product"}],"replies":[{"embeddable":true,"href":"https:\/\/www.saralinatacado.com.br\/loja\/wp-json\/wp\/v2\/comments?post=29754"}],"wp:featuredmedia":[{"embeddable":true,"href":"https:\/\/www.saralinatacado.com.br\/loja\/wp-json\/wp\/v2\/media\/29755"}],"wp:attachment":[{"href":"https:\/\/www.saralinatacado.com.br\/loja\/wp-json\/wp\/v2\/media?parent=29754"}],"wp:term":[{"taxonomy":"product_brand","embeddable":true,"href":"https:\/\/www.saralinatacado.com.br\/loja\/wp-json\/wp\/v2\/product_brand?post=29754"},{"taxonomy":"product_cat","embeddable":true,"href":"https:\/\/www.saralinatacado.com.br\/loja\/wp-json\/wp\/v2\/product_cat?post=29754"},{"taxonomy":"product_tag","embeddable":true,"href":"https:\/\/www.saralinatacado.com.br\/loja\/wp-json\/wp\/v2\/product_tag?post=29754"}],"curies":[{"name":"wp","href":"https:\/\/api.w.org\/{rel}","templated":true}]}}