{"id":29751,"date":"2023-10-24T19:49:35","date_gmt":"2023-10-24T19:49:35","guid":{"rendered":"https:\/\/www.saralinatacado.com.br\/loja\/?post_type=product&#038;p=29751"},"modified":"2023-10-24T19:49:35","modified_gmt":"2023-10-24T19:49:35","slug":"mouse-pad-ergonomico-antiderrapante-gel-mbtech","status":"publish","type":"product","link":"https:\/\/www.saralinatacado.com.br\/loja\/produto\/mouse-pad-ergonomico-antiderrapante-gel-mbtech\/","title":{"rendered":"Mouse Pad Ergon\u00f4mico Antiderrapante Gel Mbtech"},"content":{"rendered":"<p>Caracter\u00edsticas:<br \/>\n. Apoio em Gel, que proporciona maior conforto;<br \/>\n. Previne les\u00e3o por esfor\u00e7o repetitivo (LER);<br \/>\n. Posiciona o punho na altura ideal para evitar les\u00f5es;<br \/>\n. Tamanho: Grande;<br \/>\n. Dimens\u00f5es Aproximadas(CxL): 23,0 x 19,5 cm;<br \/>\n. Espessura: 0,5 mm;<br \/>\n. Material: Tecido, Borracha e Silicone;<\/p>\n","protected":false},"excerpt":{"rendered":"<p>Caracter\u00edsticas: . Apoio em Gel, que proporciona maior conforto; . Previne les\u00e3o por esfor\u00e7o repetitivo (LER); . Posiciona o punho na altura ideal para evitar les\u00f5es; . Tamanho: Grande; . Dimens\u00f5es Aproximadas(CxL): 23,0 x 19,5 cm; . Espessura: 0,5 mm; . Material: Tecido, Borracha e Silicone;<\/p>\n","protected":false},"featured_media":29752,"comment_status":"open","ping_status":"closed","template":"","meta":{"_bbp_topic_count":0,"_bbp_reply_count":0,"_bbp_total_topic_count":0,"_bbp_total_reply_count":0,"_bbp_voice_count":0,"_bbp_anonymous_reply_count":0,"_bbp_topic_count_hidden":0,"_bbp_reply_count_hidden":0,"_bbp_forum_subforum_count":0,"_joinchat":[]},"product_brand":[],"product_cat":[107],"product_tag":[],"class_list":{"0":"post-29751","1":"product","2":"type-product","3":"status-publish","4":"has-post-thumbnail","6":"product_cat-acessorios","8":"first","9":"instock","10":"taxable","11":"shipping-taxable","12":"purchasable","13":"product-type-simple"},"_links":{"self":[{"href":"https:\/\/www.saralinatacado.com.br\/loja\/wp-json\/wp\/v2\/product\/29751","targetHints":{"allow":["GET"]}}],"collection":[{"href":"https:\/\/www.saralinatacado.com.br\/loja\/wp-json\/wp\/v2\/product"}],"about":[{"href":"https:\/\/www.saralinatacado.com.br\/loja\/wp-json\/wp\/v2\/types\/product"}],"replies":[{"embeddable":true,"href":"https:\/\/www.saralinatacado.com.br\/loja\/wp-json\/wp\/v2\/comments?post=29751"}],"wp:featuredmedia":[{"embeddable":true,"href":"https:\/\/www.saralinatacado.com.br\/loja\/wp-json\/wp\/v2\/media\/29752"}],"wp:attachment":[{"href":"https:\/\/www.saralinatacado.com.br\/loja\/wp-json\/wp\/v2\/media?parent=29751"}],"wp:term":[{"taxonomy":"product_brand","embeddable":true,"href":"https:\/\/www.saralinatacado.com.br\/loja\/wp-json\/wp\/v2\/product_brand?post=29751"},{"taxonomy":"product_cat","embeddable":true,"href":"https:\/\/www.saralinatacado.com.br\/loja\/wp-json\/wp\/v2\/product_cat?post=29751"},{"taxonomy":"product_tag","embeddable":true,"href":"https:\/\/www.saralinatacado.com.br\/loja\/wp-json\/wp\/v2\/product_tag?post=29751"}],"curies":[{"name":"wp","href":"https:\/\/api.w.org\/{rel}","templated":true}]}}