{"id":29747,"date":"2023-10-24T19:46:38","date_gmt":"2023-10-24T19:46:38","guid":{"rendered":"https:\/\/www.saralinatacado.com.br\/loja\/?post_type=product&#038;p=29747"},"modified":"2023-10-24T19:46:39","modified_gmt":"2023-10-24T19:46:39","slug":"mousepad-colorido-simples-226cm-x-166cm-x-3mm-antiderrapante","status":"publish","type":"product","link":"https:\/\/www.saralinatacado.com.br\/loja\/produto\/mousepad-colorido-simples-226cm-x-166cm-x-3mm-antiderrapante\/","title":{"rendered":"Mousepad Colorido Simples 22,6cm X 16,6cm X 3mm Antiderrapante"},"content":{"rendered":"<p>MOUSE PAD SIMPLES COLORIDO ESPECIFICA\u00c7\u00d5ES E BENEF\u00cdCIOS: &#8211; Tamanho: 22,6 x 16,6 x 0,3 CM. &#8211; Antiderrapante. &#8211; Imperme\u00e1vel.<\/p>\n","protected":false},"excerpt":{"rendered":"<p>MOUSE PAD SIMPLES COLORIDO ESPECIFICA\u00c7\u00d5ES E BENEF\u00cdCIOS: &#8211; Tamanho: 22,6 x 16,6 x 0,3 CM. &#8211; Antiderrapante. &#8211; Imperme\u00e1vel.<\/p>\n","protected":false},"featured_media":29748,"comment_status":"open","ping_status":"closed","template":"","meta":{"_bbp_topic_count":0,"_bbp_reply_count":0,"_bbp_total_topic_count":0,"_bbp_total_reply_count":0,"_bbp_voice_count":0,"_bbp_anonymous_reply_count":0,"_bbp_topic_count_hidden":0,"_bbp_reply_count_hidden":0,"_bbp_forum_subforum_count":0,"_joinchat":[]},"product_brand":[],"product_cat":[107],"product_tag":[],"class_list":{"0":"post-29747","1":"product","2":"type-product","3":"status-publish","4":"has-post-thumbnail","6":"product_cat-acessorios","8":"first","9":"instock","10":"taxable","11":"shipping-taxable","12":"purchasable","13":"product-type-simple"},"_links":{"self":[{"href":"https:\/\/www.saralinatacado.com.br\/loja\/wp-json\/wp\/v2\/product\/29747","targetHints":{"allow":["GET"]}}],"collection":[{"href":"https:\/\/www.saralinatacado.com.br\/loja\/wp-json\/wp\/v2\/product"}],"about":[{"href":"https:\/\/www.saralinatacado.com.br\/loja\/wp-json\/wp\/v2\/types\/product"}],"replies":[{"embeddable":true,"href":"https:\/\/www.saralinatacado.com.br\/loja\/wp-json\/wp\/v2\/comments?post=29747"}],"wp:featuredmedia":[{"embeddable":true,"href":"https:\/\/www.saralinatacado.com.br\/loja\/wp-json\/wp\/v2\/media\/29748"}],"wp:attachment":[{"href":"https:\/\/www.saralinatacado.com.br\/loja\/wp-json\/wp\/v2\/media?parent=29747"}],"wp:term":[{"taxonomy":"product_brand","embeddable":true,"href":"https:\/\/www.saralinatacado.com.br\/loja\/wp-json\/wp\/v2\/product_brand?post=29747"},{"taxonomy":"product_cat","embeddable":true,"href":"https:\/\/www.saralinatacado.com.br\/loja\/wp-json\/wp\/v2\/product_cat?post=29747"},{"taxonomy":"product_tag","embeddable":true,"href":"https:\/\/www.saralinatacado.com.br\/loja\/wp-json\/wp\/v2\/product_tag?post=29747"}],"curies":[{"name":"wp","href":"https:\/\/api.w.org\/{rel}","templated":true}]}}