{"id":29744,"date":"2023-10-24T19:43:09","date_gmt":"2023-10-24T19:43:09","guid":{"rendered":"https:\/\/www.saralinatacado.com.br\/loja\/?post_type=product&#038;p=29744"},"modified":"2023-10-24T19:43:46","modified_gmt":"2023-10-24T19:43:46","slug":"mousepad-gamer-premium-mbtech-mouse-27x22-cm-speed-super-reforcado-para-jogos-fps-edicao-borda-azul","status":"publish","type":"product","link":"https:\/\/www.saralinatacado.com.br\/loja\/produto\/mousepad-gamer-premium-mbtech-mouse-27x22-cm-speed-super-reforcado-para-jogos-fps-edicao-borda-azul\/","title":{"rendered":"Mousepad Gamer Premium MBtech Mouse 27&#215;22 Cm Speed Super Refor\u00e7ado Para Jogos Fps Edi\u00e7\u00e3o Borda Azul"},"content":{"rendered":"<p>Modelo:<br \/>\nGB 54356<\/p>\n<p>Especifica\u00e7\u00f5es:<\/p>\n<p>&#8211; Tamanho: 271 x 221 x 5 mm (M)<br \/>\n&#8211; Superf\u00edcie Speed: Feita para melhor deslize e agilidade em Games<br \/>\n&#8211; Feito de pano de seda para garantir que o mouse se mova perfeitamente<br \/>\n&#8211; Indicado para Sensores Laser e \u00d3tico<br \/>\n&#8211; Base anti-derrapante de borracha para alta flexibilidade e fixa\u00e7\u00e3o em qualquer Superf\u00edcie<br \/>\n&#8211; Materiais super-finos de alta densidade, imperme\u00e1veis e f\u00e1ceis de limpar<br \/>\n&#8211; Bordas com Costura refor\u00e7ada para durabilidade muito superior aos Mousepads convencionais<br \/>\n&#8211; Design \u00danico e constru\u00e7\u00e3o com Materiais de Alta Qualidade para de longa dura\u00e7\u00e3o.<\/p>\n<p>Dimens\u00f5es \/ Peso:<br \/>\nPeso: 158g<br \/>\nDimens\u00f5es: 271 x 221 x 5 mm (M)<\/p>\n","protected":false},"excerpt":{"rendered":"<p>Modelo: GB 54356 Especifica\u00e7\u00f5es: &#8211; Tamanho: 271 x 221 x 5 mm (M) &#8211; Superf\u00edcie Speed: Feita para melhor deslize e agilidade em Games &#8211; Feito de pano de seda para garantir que o mouse se mova perfeitamente &#8211; Indicado para Sensores Laser e \u00d3tico &#8211; Base anti-derrapante de borracha para alta flexibilidade e fixa\u00e7\u00e3o [&hellip;]\n","protected":false},"featured_media":29745,"comment_status":"open","ping_status":"closed","template":"","meta":{"_bbp_topic_count":0,"_bbp_reply_count":0,"_bbp_total_topic_count":0,"_bbp_total_reply_count":0,"_bbp_voice_count":0,"_bbp_anonymous_reply_count":0,"_bbp_topic_count_hidden":0,"_bbp_reply_count_hidden":0,"_bbp_forum_subforum_count":0,"_joinchat":[]},"product_brand":[],"product_cat":[107],"product_tag":[],"class_list":{"0":"post-29744","1":"product","2":"type-product","3":"status-publish","4":"has-post-thumbnail","6":"product_cat-acessorios","8":"first","9":"instock","10":"taxable","11":"shipping-taxable","12":"purchasable","13":"product-type-simple"},"_links":{"self":[{"href":"https:\/\/www.saralinatacado.com.br\/loja\/wp-json\/wp\/v2\/product\/29744","targetHints":{"allow":["GET"]}}],"collection":[{"href":"https:\/\/www.saralinatacado.com.br\/loja\/wp-json\/wp\/v2\/product"}],"about":[{"href":"https:\/\/www.saralinatacado.com.br\/loja\/wp-json\/wp\/v2\/types\/product"}],"replies":[{"embeddable":true,"href":"https:\/\/www.saralinatacado.com.br\/loja\/wp-json\/wp\/v2\/comments?post=29744"}],"wp:featuredmedia":[{"embeddable":true,"href":"https:\/\/www.saralinatacado.com.br\/loja\/wp-json\/wp\/v2\/media\/29745"}],"wp:attachment":[{"href":"https:\/\/www.saralinatacado.com.br\/loja\/wp-json\/wp\/v2\/media?parent=29744"}],"wp:term":[{"taxonomy":"product_brand","embeddable":true,"href":"https:\/\/www.saralinatacado.com.br\/loja\/wp-json\/wp\/v2\/product_brand?post=29744"},{"taxonomy":"product_cat","embeddable":true,"href":"https:\/\/www.saralinatacado.com.br\/loja\/wp-json\/wp\/v2\/product_cat?post=29744"},{"taxonomy":"product_tag","embeddable":true,"href":"https:\/\/www.saralinatacado.com.br\/loja\/wp-json\/wp\/v2\/product_tag?post=29744"}],"curies":[{"name":"wp","href":"https:\/\/api.w.org\/{rel}","templated":true}]}}