{"id":29741,"date":"2023-10-24T19:39:09","date_gmt":"2023-10-24T19:39:09","guid":{"rendered":"https:\/\/www.saralinatacado.com.br\/loja\/?post_type=product&#038;p=29741"},"modified":"2023-10-24T19:39:43","modified_gmt":"2023-10-24T19:39:43","slug":"calculadora-eletronica-12-digitos-4466","status":"publish","type":"product","link":"https:\/\/www.saralinatacado.com.br\/loja\/produto\/calculadora-eletronica-12-digitos-4466\/","title":{"rendered":"CALCULADORA ELETR\u00d4NICA 12 D\u00cdGITOS (4466)"},"content":{"rendered":"<p>REFER\u00caNCIA: 4466<br \/>\nDESCRI\u00c7\u00c3O: CALCULADORA ELETR\u00d4NICA 12 D\u00cdGITOS<\/p>\n<p>VISOR: LCD \u2013 12 D\u00cdGITOS<br \/>\nFUNCIONAMENTO: PILHA AA<br \/>\nDIMENS\u00d5ES:<\/p>\n","protected":false},"excerpt":{"rendered":"<p>REFER\u00caNCIA: 4466 DESCRI\u00c7\u00c3O: CALCULADORA ELETR\u00d4NICA 12 D\u00cdGITOS VISOR: LCD \u2013 12 D\u00cdGITOS FUNCIONAMENTO: PILHA AA DIMENS\u00d5ES:<\/p>\n","protected":false},"featured_media":29743,"comment_status":"open","ping_status":"closed","template":"","meta":{"_bbp_topic_count":0,"_bbp_reply_count":0,"_bbp_total_topic_count":0,"_bbp_total_reply_count":0,"_bbp_voice_count":0,"_bbp_anonymous_reply_count":0,"_bbp_topic_count_hidden":0,"_bbp_reply_count_hidden":0,"_bbp_forum_subforum_count":0,"_joinchat":[]},"product_brand":[],"product_cat":[177],"product_tag":[],"class_list":{"0":"post-29741","1":"product","2":"type-product","3":"status-publish","4":"has-post-thumbnail","6":"product_cat-calculadora","8":"first","9":"instock","10":"taxable","11":"shipping-taxable","12":"purchasable","13":"product-type-simple"},"_links":{"self":[{"href":"https:\/\/www.saralinatacado.com.br\/loja\/wp-json\/wp\/v2\/product\/29741","targetHints":{"allow":["GET"]}}],"collection":[{"href":"https:\/\/www.saralinatacado.com.br\/loja\/wp-json\/wp\/v2\/product"}],"about":[{"href":"https:\/\/www.saralinatacado.com.br\/loja\/wp-json\/wp\/v2\/types\/product"}],"replies":[{"embeddable":true,"href":"https:\/\/www.saralinatacado.com.br\/loja\/wp-json\/wp\/v2\/comments?post=29741"}],"wp:featuredmedia":[{"embeddable":true,"href":"https:\/\/www.saralinatacado.com.br\/loja\/wp-json\/wp\/v2\/media\/29743"}],"wp:attachment":[{"href":"https:\/\/www.saralinatacado.com.br\/loja\/wp-json\/wp\/v2\/media?parent=29741"}],"wp:term":[{"taxonomy":"product_brand","embeddable":true,"href":"https:\/\/www.saralinatacado.com.br\/loja\/wp-json\/wp\/v2\/product_brand?post=29741"},{"taxonomy":"product_cat","embeddable":true,"href":"https:\/\/www.saralinatacado.com.br\/loja\/wp-json\/wp\/v2\/product_cat?post=29741"},{"taxonomy":"product_tag","embeddable":true,"href":"https:\/\/www.saralinatacado.com.br\/loja\/wp-json\/wp\/v2\/product_tag?post=29741"}],"curies":[{"name":"wp","href":"https:\/\/api.w.org\/{rel}","templated":true}]}}